{"id":229,"date":"2024-07-23T16:16:03","date_gmt":"2024-07-23T16:16:03","guid":{"rendered":"https:\/\/raumancheerleadingseura.fi\/?page_id=229"},"modified":"2024-07-24T10:06:46","modified_gmt":"2024-07-24T10:06:46","slug":"seura","status":"publish","type":"page","link":"https:\/\/raumancheerleadingseura.fi\/index.php\/seura\/","title":{"rendered":"Seura"},"content":{"rendered":"\t\t<div data-elementor-type=\"wp-page\" data-elementor-id=\"229\" class=\"elementor elementor-229\">\n\t\t\t\t<div class=\"elementor-element elementor-element-c1de65f e-flex e-con-boxed e-con e-parent\" data-id=\"c1de65f\" data-element_type=\"container\" data-e-type=\"container\">\n\t\t\t\t\t<div class=\"e-con-inner\">\n\t\t\t\t<div class=\"elementor-element elementor-element-7a80df5 elementor-widget elementor-widget-text-editor\" data-id=\"7a80df5\" data-element_type=\"widget\" data-e-type=\"widget\" data-widget_type=\"text-editor.default\">\n\t\t\t\t\t\t\t\t\t<p>Rauman Cheerleadingseura ry on Raumalla toimiva urheiluseura, jonka toiminta keskittyy harraste- ja kilpacheerleadingiin. RCS on perustettu 2016 ja seuraamme kuuluu t\u00e4ll\u00e4 hetkell\u00e4 noin 205 j\u00e4sent\u00e4. Kev\u00e4\u00e4ll\u00e4 2024 seurassamme toimii yhdeks\u00e4n eri joukkuetta, viidell\u00e4 eri ik\u00e4tasolla: mikrot (5-7v), minit (8-11v), youth (12-14v), junnut (12-16v) ja aikuiset (yli 15v). Hallilla on harjoitusvuoroja p\u00e4ivitt\u00e4in, jonka lis\u00e4ksi viikonloppuisin j\u00e4rjestet\u00e4\u00e4n leiritoimintaa.<\/p><p>Cheerleading on vauhdikas ja n\u00e4ytt\u00e4v\u00e4 kilpaurheilulaji, jonka harrastus Suomessa on jatkuvassa kasvussa. Lajiin liittyv\u00e4t akrobaattiset osat sek\u00e4 intensiivisyys tekev\u00e4t siit\u00e4 paitsi teknisesti vaikean, my\u00f6s yleis\u00f6lle viihdytt\u00e4v\u00e4n lajin. Haluamme tarjota kaikenik\u00e4isille turvallista liikuntaa laadukkaassa ja kehittyv\u00e4ss\u00e4 valmennuksessa.<\/p>\t\t\t\t\t\t\t\t<\/div>\n\t\t\t\t<div class=\"elementor-element elementor-element-809977a elementor-widget elementor-widget-shortcode\" data-id=\"809977a\" data-element_type=\"widget\" data-e-type=\"widget\" data-widget_type=\"shortcode.default\">\n\t\t\t\t\t\t\t<div class=\"elementor-shortcode\">\n<table id=\"tablepress-1\" class=\"tablepress tablepress-id-1\">\n<tbody class=\"row-striping row-hover\">\n<tr class=\"row-1\">\n\t<td class=\"column-1\">Mikrot<\/td><td class=\"column-2\">Kultakalat (2018-2020)<\/td><td class=\"column-3\"><\/td><td class=\"column-4\"><\/td><td class=\"column-5\"><\/td>\n<\/tr>\n<tr class=\"row-2\">\n\t<td class=\"column-1\">Minit<\/td><td class=\"column-2\">Sea Fairies (2014-2018)<\/td><td class=\"column-3\">Water Sprites (2014-2018)<\/td><td class=\"column-4\">Tiny Mermaids (2014-2016)<\/td><td class=\"column-5\"><\/td>\n<\/tr>\n<tr class=\"row-3\">\n\t<td class=\"column-1\">Youth<\/td><td class=\"column-2\">Loreleis (2011-2014)<\/td><td class=\"column-3\">Oceanids (2011-2014)<\/td><td class=\"column-4\">Little Mermaids (2011-2014)<\/td><td class=\"column-5\"><\/td>\n<\/tr>\n<tr class=\"row-4\">\n\t<td class=\"column-1\">Junnut<\/td><td class=\"column-2\">Nereids (2009-2011)<\/td><td class=\"column-3\">Mermaids (2008-2011)<\/td><td class=\"column-4\"><\/td><td class=\"column-5\"><\/td>\n<\/tr>\n<tr class=\"row-5\">\n\t<td class=\"column-1\">Aikuiset<\/td><td class=\"column-2\">Sirens (2009-->)<\/td><td class=\"column-3\">Turtles (2007 -->)<\/td><td class=\"column-4\"><\/td><td class=\"column-5\"><\/td>\n<\/tr>\n<\/tbody>\n<\/table>\n<!-- #tablepress-1 from cache --><\/div>\n\t\t\t\t\t\t<\/div>\n\t\t\t\t\t<\/div>\n\t\t\t\t<\/div>\n\t\t\t\t<\/div>\n\t\t","protected":false},"excerpt":{"rendered":"<p>Rauman Cheerleadingseura ry on Raumalla toimiva urheiluseura, jonka toiminta keskittyy harraste- ja kilpacheerleadingiin. RCS on perustettu 2016 ja seuraamme kuuluu t\u00e4ll\u00e4 hetkell\u00e4 noin 205 j\u00e4sent\u00e4. Kev\u00e4\u00e4ll\u00e4 2024 seurassamme toimii yhdeks\u00e4n eri joukkuetta, viidell\u00e4 eri ik\u00e4tasolla: mikrot (5-7v), minit (8-11v), youth (12-14v), junnut (12-16v) ja aikuiset (yli 15v). Hallilla on harjoitusvuoroja p\u00e4ivitt\u00e4in, jonka lis\u00e4ksi viikonloppuisin j\u00e4rjestet\u00e4\u00e4n &hellip; <\/p>\n","protected":false},"author":1,"featured_media":0,"parent":0,"menu_order":0,"comment_status":"closed","ping_status":"closed","template":"","meta":{"_crdt_document":"","_price":"","_stock":"","_tribe_ticket_header":"","_tribe_default_ticket_provider":"","_tribe_ticket_capacity":"0","_ticket_start_date":"","_ticket_end_date":"","_tribe_ticket_show_description":"","_tribe_ticket_show_not_going":false,"_tribe_ticket_use_global_stock":"","_tribe_ticket_global_stock_level":"","_global_stock_mode":"","_global_stock_cap":"","_tribe_rsvp_for_event":"","_tribe_ticket_going_count":"","_tribe_ticket_not_going_count":"","_tribe_tickets_list":"[]","_tribe_ticket_has_attendee_info_fields":false,"_EventAllDay":false,"_EventTimezone":"","_EventStartDate":"","_EventEndDate":"","_EventStartDateUTC":"","_EventEndDateUTC":"","_EventShowMap":false,"_EventShowMapLink":false,"_EventURL":"","_EventCost":"","_EventCostDescription":"","_EventCurrencySymbol":"","_EventCurrencyCode":"","_EventCurrencyPosition":"","_EventDateTimeSeparator":"","_EventTimeRangeSeparator":"","_EventOrganizerID":[],"_EventVenueID":[],"_OrganizerEmail":"","_OrganizerPhone":"","_OrganizerWebsite":"","_VenueAddress":"","_VenueCity":"","_VenueCountry":"","_VenueProvince":"","_VenueState":"","_VenueZip":"","_VenuePhone":"","_VenueURL":"","_VenueStateProvince":"","_VenueLat":"","_VenueLng":"","_VenueShowMap":false,"_VenueShowMapLink":false,"footnotes":"","_tec_slr_enabled":"","_tec_slr_layout":""},"class_list":["post-229","page","type-page","status-publish","hentry","latest_post"],"yoast_head":"<!-- This site is optimized with the Yoast SEO plugin v27.5 - https:\/\/yoast.com\/product\/yoast-seo-wordpress\/ -->\n<title>Seura - Rauman Cheerleadingseura ry | RCS<\/title>\n<meta name=\"robots\" content=\"index, follow, max-snippet:-1, max-image-preview:large, max-video-preview:-1\" \/>\n<link rel=\"canonical\" href=\"https:\/\/raumancheerleadingseura.fi\/index.php\/seura\/\" \/>\n<meta property=\"og:locale\" content=\"fi_FI\" \/>\n<meta property=\"og:type\" content=\"article\" \/>\n<meta property=\"og:title\" content=\"Seura - Rauman Cheerleadingseura ry | RCS\" \/>\n<meta property=\"og:description\" content=\"Rauman Cheerleadingseura ry on Raumalla toimiva urheiluseura, jonka toiminta keskittyy harraste- ja kilpacheerleadingiin. RCS on perustettu 2016 ja seuraamme kuuluu t\u00e4ll\u00e4 hetkell\u00e4 noin 205 j\u00e4sent\u00e4. Kev\u00e4\u00e4ll\u00e4 2024 seurassamme toimii yhdeks\u00e4n eri joukkuetta, viidell\u00e4 eri ik\u00e4tasolla: mikrot (5-7v), minit (8-11v), youth (12-14v), junnut (12-16v) ja aikuiset (yli 15v). Hallilla on harjoitusvuoroja p\u00e4ivitt\u00e4in, jonka lis\u00e4ksi viikonloppuisin j\u00e4rjestet\u00e4\u00e4n &hellip;\" \/>\n<meta property=\"og:url\" content=\"https:\/\/raumancheerleadingseura.fi\/index.php\/seura\/\" \/>\n<meta property=\"og:site_name\" content=\"Rauman Cheerleadingseura ry | RCS\" \/>\n<meta property=\"article:publisher\" content=\"https:\/\/www.facebook.com\/raumancheerleadingseura\" \/>\n<meta property=\"article:modified_time\" content=\"2024-07-24T10:06:46+00:00\" \/>\n<meta property=\"og:image\" content=\"https:\/\/raumancheerleadingseura.fi\/wp-content\/uploads\/2024\/07\/RCS-2024-ryhmat-0019.jpg\" \/>\n\t<meta property=\"og:image:width\" content=\"1920\" \/>\n\t<meta property=\"og:image:height\" content=\"1280\" \/>\n\t<meta property=\"og:image:type\" content=\"image\/jpeg\" \/>\n<meta name=\"twitter:card\" content=\"summary_large_image\" \/>\n<meta name=\"twitter:label1\" content=\"Arvioitu lukuaika\" \/>\n\t<meta name=\"twitter:data1\" content=\"1 minuutti\" \/>\n<script type=\"application\/ld+json\" class=\"yoast-schema-graph\">{\"@context\":\"https:\\\/\\\/schema.org\",\"@graph\":[{\"@type\":\"WebPage\",\"@id\":\"https:\\\/\\\/raumancheerleadingseura.fi\\\/index.php\\\/seura\\\/\",\"url\":\"https:\\\/\\\/raumancheerleadingseura.fi\\\/index.php\\\/seura\\\/\",\"name\":\"Seura - Rauman Cheerleadingseura ry | RCS\",\"isPartOf\":{\"@id\":\"https:\\\/\\\/raumancheerleadingseura.fi\\\/#website\"},\"datePublished\":\"2024-07-23T16:16:03+00:00\",\"dateModified\":\"2024-07-24T10:06:46+00:00\",\"breadcrumb\":{\"@id\":\"https:\\\/\\\/raumancheerleadingseura.fi\\\/index.php\\\/seura\\\/#breadcrumb\"},\"inLanguage\":\"fi\",\"potentialAction\":[{\"@type\":\"ReadAction\",\"target\":[\"https:\\\/\\\/raumancheerleadingseura.fi\\\/index.php\\\/seura\\\/\"]}]},{\"@type\":\"BreadcrumbList\",\"@id\":\"https:\\\/\\\/raumancheerleadingseura.fi\\\/index.php\\\/seura\\\/#breadcrumb\",\"itemListElement\":[{\"@type\":\"ListItem\",\"position\":1,\"name\":\"Etusivu\",\"item\":\"https:\\\/\\\/raumancheerleadingseura.fi\\\/\"},{\"@type\":\"ListItem\",\"position\":2,\"name\":\"Seura\"}]},{\"@type\":\"WebSite\",\"@id\":\"https:\\\/\\\/raumancheerleadingseura.fi\\\/#website\",\"url\":\"https:\\\/\\\/raumancheerleadingseura.fi\\\/\",\"name\":\"Rauman Cheerleadingseura ry\",\"description\":\"Aloita cheerleading Raumalla\",\"publisher\":{\"@id\":\"https:\\\/\\\/raumancheerleadingseura.fi\\\/#organization\"},\"potentialAction\":[{\"@type\":\"SearchAction\",\"target\":{\"@type\":\"EntryPoint\",\"urlTemplate\":\"https:\\\/\\\/raumancheerleadingseura.fi\\\/?s={search_term_string}\"},\"query-input\":{\"@type\":\"PropertyValueSpecification\",\"valueRequired\":true,\"valueName\":\"search_term_string\"}}],\"inLanguage\":\"fi\"},{\"@type\":\"Organization\",\"@id\":\"https:\\\/\\\/raumancheerleadingseura.fi\\\/#organization\",\"name\":\"Rauman Cheerleadingseura ry\",\"url\":\"https:\\\/\\\/raumancheerleadingseura.fi\\\/\",\"logo\":{\"@type\":\"ImageObject\",\"inLanguage\":\"fi\",\"@id\":\"https:\\\/\\\/raumancheerleadingseura.fi\\\/#\\\/schema\\\/logo\\\/image\\\/\",\"url\":\"https:\\\/\\\/raumancheerleadingseura.fi\\\/wp-content\\\/uploads\\\/2024\\\/07\\\/RCS-logo-2.png\",\"contentUrl\":\"https:\\\/\\\/raumancheerleadingseura.fi\\\/wp-content\\\/uploads\\\/2024\\\/07\\\/RCS-logo-2.png\",\"width\":3443,\"height\":2019,\"caption\":\"Rauman Cheerleadingseura ry\"},\"image\":{\"@id\":\"https:\\\/\\\/raumancheerleadingseura.fi\\\/#\\\/schema\\\/logo\\\/image\\\/\"},\"sameAs\":[\"https:\\\/\\\/www.facebook.com\\\/raumancheerleadingseura\",\"https:\\\/\\\/www.instagram.com\\\/raumancheerleadingseura\\\/\"]}]}<\/script>\n<!-- \/ Yoast SEO plugin. -->","yoast_head_json":{"title":"Seura - Rauman Cheerleadingseura ry | RCS","robots":{"index":"index","follow":"follow","max-snippet":"max-snippet:-1","max-image-preview":"max-image-preview:large","max-video-preview":"max-video-preview:-1"},"canonical":"https:\/\/raumancheerleadingseura.fi\/index.php\/seura\/","og_locale":"fi_FI","og_type":"article","og_title":"Seura - Rauman Cheerleadingseura ry | RCS","og_description":"Rauman Cheerleadingseura ry on Raumalla toimiva urheiluseura, jonka toiminta keskittyy harraste- ja kilpacheerleadingiin. RCS on perustettu 2016 ja seuraamme kuuluu t\u00e4ll\u00e4 hetkell\u00e4 noin 205 j\u00e4sent\u00e4. Kev\u00e4\u00e4ll\u00e4 2024 seurassamme toimii yhdeks\u00e4n eri joukkuetta, viidell\u00e4 eri ik\u00e4tasolla: mikrot (5-7v), minit (8-11v), youth (12-14v), junnut (12-16v) ja aikuiset (yli 15v). Hallilla on harjoitusvuoroja p\u00e4ivitt\u00e4in, jonka lis\u00e4ksi viikonloppuisin j\u00e4rjestet\u00e4\u00e4n &hellip;","og_url":"https:\/\/raumancheerleadingseura.fi\/index.php\/seura\/","og_site_name":"Rauman Cheerleadingseura ry | RCS","article_publisher":"https:\/\/www.facebook.com\/raumancheerleadingseura","article_modified_time":"2024-07-24T10:06:46+00:00","og_image":[{"width":1920,"height":1280,"url":"https:\/\/raumancheerleadingseura.fi\/wp-content\/uploads\/2024\/07\/RCS-2024-ryhmat-0019.jpg","type":"image\/jpeg"}],"twitter_card":"summary_large_image","twitter_misc":{"Arvioitu lukuaika":"1 minuutti"},"schema":{"@context":"https:\/\/schema.org","@graph":[{"@type":"WebPage","@id":"https:\/\/raumancheerleadingseura.fi\/index.php\/seura\/","url":"https:\/\/raumancheerleadingseura.fi\/index.php\/seura\/","name":"Seura - Rauman Cheerleadingseura ry | RCS","isPartOf":{"@id":"https:\/\/raumancheerleadingseura.fi\/#website"},"datePublished":"2024-07-23T16:16:03+00:00","dateModified":"2024-07-24T10:06:46+00:00","breadcrumb":{"@id":"https:\/\/raumancheerleadingseura.fi\/index.php\/seura\/#breadcrumb"},"inLanguage":"fi","potentialAction":[{"@type":"ReadAction","target":["https:\/\/raumancheerleadingseura.fi\/index.php\/seura\/"]}]},{"@type":"BreadcrumbList","@id":"https:\/\/raumancheerleadingseura.fi\/index.php\/seura\/#breadcrumb","itemListElement":[{"@type":"ListItem","position":1,"name":"Etusivu","item":"https:\/\/raumancheerleadingseura.fi\/"},{"@type":"ListItem","position":2,"name":"Seura"}]},{"@type":"WebSite","@id":"https:\/\/raumancheerleadingseura.fi\/#website","url":"https:\/\/raumancheerleadingseura.fi\/","name":"Rauman Cheerleadingseura ry","description":"Aloita cheerleading Raumalla","publisher":{"@id":"https:\/\/raumancheerleadingseura.fi\/#organization"},"potentialAction":[{"@type":"SearchAction","target":{"@type":"EntryPoint","urlTemplate":"https:\/\/raumancheerleadingseura.fi\/?s={search_term_string}"},"query-input":{"@type":"PropertyValueSpecification","valueRequired":true,"valueName":"search_term_string"}}],"inLanguage":"fi"},{"@type":"Organization","@id":"https:\/\/raumancheerleadingseura.fi\/#organization","name":"Rauman Cheerleadingseura ry","url":"https:\/\/raumancheerleadingseura.fi\/","logo":{"@type":"ImageObject","inLanguage":"fi","@id":"https:\/\/raumancheerleadingseura.fi\/#\/schema\/logo\/image\/","url":"https:\/\/raumancheerleadingseura.fi\/wp-content\/uploads\/2024\/07\/RCS-logo-2.png","contentUrl":"https:\/\/raumancheerleadingseura.fi\/wp-content\/uploads\/2024\/07\/RCS-logo-2.png","width":3443,"height":2019,"caption":"Rauman Cheerleadingseura ry"},"image":{"@id":"https:\/\/raumancheerleadingseura.fi\/#\/schema\/logo\/image\/"},"sameAs":["https:\/\/www.facebook.com\/raumancheerleadingseura","https:\/\/www.instagram.com\/raumancheerleadingseura\/"]}]}},"ticketed":false,"_links":{"self":[{"href":"https:\/\/raumancheerleadingseura.fi\/index.php\/wp-json\/wp\/v2\/pages\/229","targetHints":{"allow":["GET"]}}],"collection":[{"href":"https:\/\/raumancheerleadingseura.fi\/index.php\/wp-json\/wp\/v2\/pages"}],"about":[{"href":"https:\/\/raumancheerleadingseura.fi\/index.php\/wp-json\/wp\/v2\/types\/page"}],"author":[{"embeddable":true,"href":"https:\/\/raumancheerleadingseura.fi\/index.php\/wp-json\/wp\/v2\/users\/1"}],"replies":[{"embeddable":true,"href":"https:\/\/raumancheerleadingseura.fi\/index.php\/wp-json\/wp\/v2\/comments?post=229"}],"version-history":[{"count":10,"href":"https:\/\/raumancheerleadingseura.fi\/index.php\/wp-json\/wp\/v2\/pages\/229\/revisions"}],"predecessor-version":[{"id":276,"href":"https:\/\/raumancheerleadingseura.fi\/index.php\/wp-json\/wp\/v2\/pages\/229\/revisions\/276"}],"wp:attachment":[{"href":"https:\/\/raumancheerleadingseura.fi\/index.php\/wp-json\/wp\/v2\/media?parent=229"}],"curies":[{"name":"wp","href":"https:\/\/api.w.org\/{rel}","templated":true}]}}