{"id":3,"date":"2024-07-16T06:13:41","date_gmt":"2024-07-16T06:13:41","guid":{"rendered":"https:\/\/raumancheerleadingseura.fi\/?page_id=3"},"modified":"2024-07-24T12:02:55","modified_gmt":"2024-07-24T12:02:55","slug":"privacy-policy","status":"publish","type":"page","link":"https:\/\/raumancheerleadingseura.fi\/index.php\/privacy-policy\/","title":{"rendered":"Tietosuojaseloste"},"content":{"rendered":"\n<h2 class=\"wp-block-heading\">Rauman Cheerleadingseura ry \u2013 Tietosuojaseloste<\/h2>\n\n\n\n<p class=\"wp-block-paragraph\">Laatimisp\u00e4iv\u00e4: 12.5.2018<\/p>\n\n\n\n<p class=\"wp-block-paragraph\">Rekisterinpit\u00e4j\u00e4<\/p>\n\n\n\n<p class=\"wp-block-paragraph\">Rauman Cheerleadingseura ry 2814824-2 Hakunintie 11, 26100 Rauma<\/p>\n\n\n\n<p class=\"wp-block-paragraph\">Rekisteriasioiden yhteyshenkil\u00f6 ja yhteystiedot<\/p>\n\n\n\n<p class=\"wp-block-paragraph\">Marja Vene, hallitus.rcs(at)gmail.com<\/p>\n\n\n\n<p class=\"wp-block-paragraph\">Rekisterin nimi<\/p>\n\n\n\n<p class=\"wp-block-paragraph\">J\u00e4sen- ja yhteisty\u00f6kumppanirekisteri<\/p>\n\n\n\n<p class=\"wp-block-paragraph\"><strong>Henkil\u00f6tietojen k\u00e4sittelyn tarkoitus ja peruste<\/strong><\/p>\n\n\n\n<p class=\"wp-block-paragraph\">Tietojen k\u00e4sittely perustuu yhdistysten j\u00e4senten osalta yhdistyslains\u00e4\u00e4d\u00e4nt\u00f6\u00f6n sek\u00e4 Rauman Cheerleadingseura ry oikeutettuun etuun eli yhdistyksen j\u00e4senyyteen. Tietojen k\u00e4sittely perustuu toimijoiden (ml. joukkueen johtaja, valmentaja) osalta Rauman Cheerleadingseura ry:n oikeutettuun etuun eli sovittuun yhteisty\u00f6h\u00f6n.<\/p>\n\n\n\n<p class=\"wp-block-paragraph\">Henkil\u00f6tietojen k\u00e4sittelyn tarkoitus on:<\/p>\n\n\n\n<p class=\"wp-block-paragraph\">\u2013 yll\u00e4pit\u00e4\u00e4 Yhdistyslain mukaista j\u00e4senluetteloa<br>\u2013 j\u00e4senasioiden hoito, kuten tiedottaminen, yhteydenpito, palkitseminen, kilpailutoiminta, j\u00e4senmaksujen hallinta sek\u00e4 kurinpidolliset toimet<br>\u2013 harrastus- ja kilpailutoiminnan, tapahtumien sek\u00e4 keskustelu- ja koulutustilaisuuksien j\u00e4rjest\u00e4minen<br>\u2013 kilpailutapahtumiin osallistuminen<br>\u2013 toiminnan kehitt\u00e4minen, tilastointi ja raportointi.<br>\u2013 tiedottaminen yhdistyksen yhteisty\u00f6kumppaneista<\/p>\n\n\n\n<p class=\"wp-block-paragraph\">Henkil\u00f6tietojen k\u00e4sittely perustuu yhteisty\u00f6kumppaneiden osalta sopimukseen tai Rauman Cheerleadingseura ry oikeutettuun etuun (suoramarkkinointi) ja henkil\u00f6tietojen k\u00e4ytt\u00f6tarkoitus on Rauman Cheerleadingseura ry yhteisty\u00f6kumppaneiden v\u00e4lisen yhteisty\u00f6suhteen hoitaminen, kehitt\u00e4minen ja tilastointi<\/p>\n\n\n\n<p class=\"wp-block-paragraph\"><strong>Rekisterin tietosis\u00e4lt\u00f6 ja rekister\u00f6ityjen ryhm\u00e4t<\/strong><\/p>\n\n\n\n<p class=\"wp-block-paragraph\">Rekisteri sis\u00e4lt\u00e4\u00e4 seuraavia henkil\u00f6tietoja yhdistyksen henkil\u00f6j\u00e4senist\u00e4:<\/p>\n\n\n\n<p class=\"wp-block-paragraph\">\u2013 Yhdistyslain 11 \u00a7:n vaatimat henkil\u00f6tiedot eli j\u00e4senen nimi sek\u00e4 kotipaikka<br>\u2013 Alaik\u00e4isen j\u00e4senen osalta:<\/p>\n\n\n\n<p class=\"wp-block-paragraph\">* Tarpeelliset huoltajan suostumukset esim. j\u00e4senyyteen, tietojen julkaisemiseen, harrastustoimintaan ja palveluiden k\u00e4ytt\u00f6\u00f6n liittyen<br>* Alaik\u00e4isen huoltajan nimi ja yhteystiedot (postiosoite, s\u00e4hk\u00f6postiosoite, puhelinnumero)<br>\u2013 J\u00e4senyyteen liittyv\u00e4t tiedot, kuten j\u00e4sennumero, j\u00e4sentyyppi, j\u00e4senmaksuihin ja muihin laskuihin liittyv\u00e4t tiedot<br>\u2013 Yhteystiedot (postiosoite, s\u00e4hk\u00f6postiosoite, puhelinnumero)<br>\u2013 Sportti-ID eli lisenssinumero<br>\u2013 Valokuva<br>\u2013 Tiedot osallistumisesta j\u00e4sen- ja harrastustoimintaan sek\u00e4 keskustelu- ja koulutustilaisuuksiin<br>\u2013 Muut rekister\u00f6idyn itsens\u00e4 luovuttamat henkil\u00f6tiedot, kuten vaatekoko, mahdolliset ruokarajoitteet ja allergiat, kuvauslupa<\/p>\n\n\n\n<p class=\"wp-block-paragraph\">Rekisteri sis\u00e4lt\u00e4\u00e4 seuraavia henkil\u00f6tietoja toimijoista:<\/p>\n\n\n\n<p class=\"wp-block-paragraph\">\u2013 Yhteystiedot (postiosoite, s\u00e4hk\u00f6postiosoite, puhelinnumero)<br>\u2013 myClub j\u00e4sennumero<br>\u2013 Sportti-ID eli lisenssinumero<br>\u2013 Laskuihin ja kulukorvauksiin liittyv\u00e4t tiedot<br>\u2013 Valokuva<br>\u2013 Tiedot osallistumisesta harrastustoimintaan sek\u00e4 keskustelu- ja koulutustilaisuuksiin<\/p>\n\n\n\n<p class=\"wp-block-paragraph\">Rekisteri sis\u00e4lt\u00e4\u00e4 seuraavia henkil\u00f6tietoja yritysten ja yhteis\u00f6jen p\u00e4\u00e4tt\u00e4jist\u00e4 ja yhteyshenkil\u00f6ist\u00e4:<br>\u2013 nimi, titteli, yritys, postiosoite, s\u00e4hk\u00f6postiosoite, puhelinnumero, myClub j\u00e4sennumero<\/p>\n\n\n\n<p class=\"wp-block-paragraph\"><strong>S\u00e4\u00e4nn\u00f6nmukaiset tietol\u00e4hteet<\/strong><\/p>\n\n\n\n<p class=\"wp-block-paragraph\">Henkil\u00f6tiedot saadaan rekister\u00f6idylt\u00e4 itselt\u00e4\u00e4n esim. j\u00e4seneksi liitytt\u00e4ess\u00e4 tai j\u00e4senyyden tai yhteisty\u00f6n aikana. J\u00e4senet ja toimijat ovat velvollisia ilmoittamaan muuttuneet tietonsa Rauman Cheerleadingseura ry:lle.<\/p>\n\n\n\n<p class=\"wp-block-paragraph\"><strong>S\u00e4\u00e4nn\u00f6nmukaiset tietojen luovutukset ja tietojen siirto EU:n tai ETA-alueen ulkopuolelle<\/strong><\/p>\n\n\n\n<p class=\"wp-block-paragraph\">J\u00e4senen henkil\u00f6tietoja voidaan luovuttaa kilpailu- tai muuhun tapahtumatoimintaan osallistumista varten kilpailutoiminnan j\u00e4rjest\u00e4j\u00e4taholle, ja mahdollisten majoitus- ja kuljetuspalvelujen tarjoajalle.<br>Henkil\u00f6tietoja ei s\u00e4\u00e4nn\u00f6nmukaisesti luovuteta eteenp\u00e4in muille tahoille. J\u00e4senen henkil\u00f6tietoja voidaan luovuttaa yksitt\u00e4istapauksissa EU tai ETA alueen ulkopuolelle, mik\u00e4li h\u00e4n osallistuu kilpailuun tai tapahtumaan, joka j\u00e4rjestet\u00e4\u00e4n EU tai ETA alueen ulkopuolella.<\/p>\n\n\n\n<p class=\"wp-block-paragraph\">Muissa tapauksissa henkil\u00f6tietoja ei siirret\u00e4 EU tai ETA alueen ulkopuolelle.<\/p>\n\n\n\n<p class=\"wp-block-paragraph\">Rekisterinpit\u00e4j\u00e4 k\u00e4ytt\u00e4\u00e4 ulkoisen palveluntarjoajan (myClub-palvelu) s\u00e4hk\u00f6ist\u00e4 j\u00e4senpalvelua, jonka avulla rekisterinpit\u00e4j\u00e4 hallinnoi j\u00e4sen- ja yhteisty\u00f6kumppanirekisteri\u00e4, laskutusta, tapahtumailmoittautumisia, l\u00e4sn\u00e4oloseurantaa ja j\u00e4senviestint\u00e4\u00e4.<br>Rekisterinpit\u00e4j\u00e4n kirjanpito on ulkoistettu<\/p>\n\n\n\n<p class=\"wp-block-paragraph\"><strong>Suojauksen periaatteet ja tietojen s\u00e4ilytysaika<\/strong><\/p>\n\n\n\n<p class=\"wp-block-paragraph\">Yhdistyksen j\u00e4senten tietoja k\u00e4sitell\u00e4\u00e4n p\u00e4\u00e4s\u00e4\u00e4nt\u00f6isesti myClub palvelussa. Rekisteri\u00e4 voi k\u00e4ytt\u00e4\u00e4 henkil\u00f6kohtaisilla k\u00e4ytt\u00e4j\u00e4tunnuksilla ja salasanalla. Rekisterin tietoihin on p\u00e4\u00e4sy vain m\u00e4\u00e4ritellyill\u00e4 henkil\u00f6ill\u00e4 heid\u00e4n teht\u00e4viens\u00e4 edellytt\u00e4m\u00e4ss\u00e4 laajuudessa.<\/p>\n\n\n\n<p class=\"wp-block-paragraph\">Rekisterin tietoja s\u00e4ilytet\u00e4\u00e4n niin kauan, kuin ne ovat tarpeen rekisterin tarkoituksen toteuttamiseksi.<\/p>\n\n\n\n<p class=\"wp-block-paragraph\">\u2013 Toimijan henkil\u00f6tietoja s\u00e4ilytet\u00e4\u00e4n niin kauan kun henkil\u00f6 on mukana toiminnassa.<br>\u2013 Yhdistyksen j\u00e4senen henkil\u00f6tietoja s\u00e4ilytet\u00e4\u00e4n niin kauan kun henkil\u00f6 on seuran j\u00e4sen. Tiedot poistetaan j\u00e4senyyden p\u00e4\u00e4ttymisest\u00e4 kahden vuoden p\u00e4\u00e4st\u00e4 edellytt\u00e4en, ett\u00e4 j\u00e4senvelvoitteet on hoidettu. Yritysten ja yhteis\u00f6jen p\u00e4\u00e4tt\u00e4jien ja yhteyshenkil\u00f6iden henkil\u00f6tietoja s\u00e4ilytet\u00e4\u00e4n niin kauan kuin ne ovat tarpeen laskutuksen, sponsoroinnin tai yhteisty\u00f6n kannalta. Muutoin henkil\u00f6tietoja p\u00e4ivitet\u00e4\u00e4n.<br>\u2013 Laskutukseen liittyvi\u00e4 tietoja s\u00e4ilytet\u00e4\u00e4n Kirjanpitolain edellytt\u00e4m\u00e4n ajan.<\/p>\n\n\n\n<p class=\"wp-block-paragraph\">myClub-palvelun (<a href=\"http:\/\/www.myclub.fi\/\">www.myclub.fi<\/a>) tiedot on tallennettu tietokantapalvelimelle, jonne p\u00e4\u00e4sy vaatii k\u00e4ytt\u00e4j\u00e4tunnuksen ja salasanan sek\u00e4 tietokantapalvelimen osoitteen. myClub-palvelun sis\u00e4lt\u00e4m\u00e4t tiedot sijaitsevat lukituissa ja vartioiduissa tiloissa ja tallennetut tiedot varmennettu 2 kertaisella tietokantavarmennuksella, joka on vahvasti salattu.<\/p>\n\n\n\n<p class=\"wp-block-paragraph\">myClub-palveluun sis\u00e4\u00e4np\u00e4\u00e4sy edellytt\u00e4\u00e4 k\u00e4ytt\u00e4j\u00e4tunnuksen ja salasanan sy\u00f6tt\u00e4mist\u00e4. K\u00e4ytt\u00e4j\u00e4tunnus ja salasana on vahvasti salattu ja vain rekister\u00f6idyn henkil\u00f6n omassa tiedossa. Kaikki tietoliikenne j\u00e4rjestelm\u00e4ss\u00e4 on SSL-suojattu.<\/p>\n\n\n\n<p class=\"wp-block-paragraph\"><strong>Rekister\u00f6idyn oikeudet<\/strong><\/p>\n\n\n\n<p class=\"wp-block-paragraph\">Tarkastusoikeus ja oikeus vaatia tiedon korjaamista.<\/p>\n\n\n\n<p class=\"wp-block-paragraph\">Rekister\u00f6idyll\u00e4 on oikeus tarkastaa itse\u00e4\u00e4n koskevat henkil\u00f6rekisteriin tallennetut tiedot sek\u00e4 oikeus vaatia virheellisen tiedon oikaisua ja tietojen poistamista. Rekister\u00f6ity voi hallinnoida ja p\u00e4ivitt\u00e4\u00e4 omia j\u00e4sentietojaan kirjautumalla myClub palveluun. Tarpeen vaatiessa tietoja koskevat pyynn\u00f6t tulee toimittaa kirjallisesti kohdassa 2 mainitulle yhteyshenkil\u00f6lle.<\/p>\n\n\n\n<p class=\"wp-block-paragraph\">Muut oikeudet: Rekister\u00f6idyll\u00e4 on tietosuoja-asetuksen mukaisesti oikeus vastustaa tai pyyt\u00e4\u00e4 tietojensa k\u00e4sittelyn rajoittamista sek\u00e4 tehd\u00e4 valitus henkil\u00f6tietojen k\u00e4sittelyst\u00e4 valvontaviranomaiselle.<\/p>\n","protected":false},"excerpt":{"rendered":"<p>Rauman Cheerleadingseura ry \u2013 Tietosuojaseloste Laatimisp\u00e4iv\u00e4: 12.5.2018 Rekisterinpit\u00e4j\u00e4 Rauman Cheerleadingseura ry 2814824-2 Hakunintie 11, 26100 Rauma Rekisteriasioiden yhteyshenkil\u00f6 ja yhteystiedot Marja Vene, hallitus.rcs(at)gmail.com Rekisterin nimi J\u00e4sen- ja yhteisty\u00f6kumppanirekisteri Henkil\u00f6tietojen k\u00e4sittelyn tarkoitus ja peruste Tietojen k\u00e4sittely perustuu yhdistysten j\u00e4senten osalta yhdistyslains\u00e4\u00e4d\u00e4nt\u00f6\u00f6n sek\u00e4 Rauman Cheerleadingseura ry oikeutettuun etuun eli yhdistyksen j\u00e4senyyteen. Tietojen k\u00e4sittely perustuu toimijoiden (ml. joukkueen &hellip; <\/p>\n","protected":false},"author":1,"featured_media":0,"parent":0,"menu_order":0,"comment_status":"closed","ping_status":"open","template":"","meta":{"_crdt_document":"","_price":"","_stock":"","_tribe_ticket_header":"","_tribe_default_ticket_provider":"","_tribe_ticket_capacity":"0","_ticket_start_date":"","_ticket_end_date":"","_tribe_ticket_show_description":"","_tribe_ticket_show_not_going":false,"_tribe_ticket_use_global_stock":"","_tribe_ticket_global_stock_level":"","_global_stock_mode":"","_global_stock_cap":"","_tribe_rsvp_for_event":"","_tribe_ticket_going_count":"","_tribe_ticket_not_going_count":"","_tribe_tickets_list":"[]","_tribe_ticket_has_attendee_info_fields":false,"_EventAllDay":false,"_EventTimezone":"","_EventStartDate":"","_EventEndDate":"","_EventStartDateUTC":"","_EventEndDateUTC":"","_EventShowMap":false,"_EventShowMapLink":false,"_EventURL":"","_EventCost":"","_EventCostDescription":"","_EventCurrencySymbol":"","_EventCurrencyCode":"","_EventCurrencyPosition":"","_EventDateTimeSeparator":"","_EventTimeRangeSeparator":"","_EventOrganizerID":[],"_EventVenueID":[],"_OrganizerEmail":"","_OrganizerPhone":"","_OrganizerWebsite":"","_VenueAddress":"","_VenueCity":"","_VenueCountry":"","_VenueProvince":"","_VenueState":"","_VenueZip":"","_VenuePhone":"","_VenueURL":"","_VenueStateProvince":"","_VenueLat":"","_VenueLng":"","_VenueShowMap":false,"_VenueShowMapLink":false,"footnotes":"","_tec_slr_enabled":"","_tec_slr_layout":""},"class_list":["post-3","page","type-page","status-publish","hentry","latest_post"],"yoast_head":"<!-- This site is optimized with the Yoast SEO plugin v27.4 - https:\/\/yoast.com\/product\/yoast-seo-wordpress\/ -->\n<title>Tietosuojaseloste - Rauman Cheerleadingseura ry | RCS<\/title>\n<meta name=\"robots\" content=\"index, follow, max-snippet:-1, max-image-preview:large, max-video-preview:-1\" \/>\n<link rel=\"canonical\" href=\"https:\/\/raumancheerleadingseura.fi\/index.php\/privacy-policy\/\" \/>\n<meta property=\"og:locale\" content=\"fi_FI\" \/>\n<meta property=\"og:type\" content=\"article\" \/>\n<meta property=\"og:title\" content=\"Tietosuojaseloste - Rauman Cheerleadingseura ry | RCS\" \/>\n<meta property=\"og:description\" content=\"Rauman Cheerleadingseura ry \u2013 Tietosuojaseloste Laatimisp\u00e4iv\u00e4: 12.5.2018 Rekisterinpit\u00e4j\u00e4 Rauman Cheerleadingseura ry 2814824-2 Hakunintie 11, 26100 Rauma Rekisteriasioiden yhteyshenkil\u00f6 ja yhteystiedot Marja Vene, hallitus.rcs(at)gmail.com Rekisterin nimi J\u00e4sen- ja yhteisty\u00f6kumppanirekisteri Henkil\u00f6tietojen k\u00e4sittelyn tarkoitus ja peruste Tietojen k\u00e4sittely perustuu yhdistysten j\u00e4senten osalta yhdistyslains\u00e4\u00e4d\u00e4nt\u00f6\u00f6n sek\u00e4 Rauman Cheerleadingseura ry oikeutettuun etuun eli yhdistyksen j\u00e4senyyteen. Tietojen k\u00e4sittely perustuu toimijoiden (ml. joukkueen &hellip;\" \/>\n<meta property=\"og:url\" content=\"https:\/\/raumancheerleadingseura.fi\/index.php\/privacy-policy\/\" \/>\n<meta property=\"og:site_name\" content=\"Rauman Cheerleadingseura ry | RCS\" \/>\n<meta property=\"article:publisher\" content=\"https:\/\/www.facebook.com\/raumancheerleadingseura\" \/>\n<meta property=\"article:modified_time\" content=\"2024-07-24T12:02:55+00:00\" \/>\n<meta name=\"twitter:card\" content=\"summary_large_image\" \/>\n<meta name=\"twitter:label1\" content=\"Arvioitu lukuaika\" \/>\n\t<meta name=\"twitter:data1\" content=\"4 minuuttia\" \/>\n<script type=\"application\/ld+json\" class=\"yoast-schema-graph\">{\"@context\":\"https:\\\/\\\/schema.org\",\"@graph\":[{\"@type\":\"WebPage\",\"@id\":\"https:\\\/\\\/raumancheerleadingseura.fi\\\/index.php\\\/privacy-policy\\\/\",\"url\":\"https:\\\/\\\/raumancheerleadingseura.fi\\\/index.php\\\/privacy-policy\\\/\",\"name\":\"Tietosuojaseloste - Rauman Cheerleadingseura ry | RCS\",\"isPartOf\":{\"@id\":\"https:\\\/\\\/raumancheerleadingseura.fi\\\/#website\"},\"datePublished\":\"2024-07-16T06:13:41+00:00\",\"dateModified\":\"2024-07-24T12:02:55+00:00\",\"breadcrumb\":{\"@id\":\"https:\\\/\\\/raumancheerleadingseura.fi\\\/index.php\\\/privacy-policy\\\/#breadcrumb\"},\"inLanguage\":\"fi\",\"potentialAction\":[{\"@type\":\"ReadAction\",\"target\":[\"https:\\\/\\\/raumancheerleadingseura.fi\\\/index.php\\\/privacy-policy\\\/\"]}]},{\"@type\":\"BreadcrumbList\",\"@id\":\"https:\\\/\\\/raumancheerleadingseura.fi\\\/index.php\\\/privacy-policy\\\/#breadcrumb\",\"itemListElement\":[{\"@type\":\"ListItem\",\"position\":1,\"name\":\"Etusivu\",\"item\":\"https:\\\/\\\/raumancheerleadingseura.fi\\\/\"},{\"@type\":\"ListItem\",\"position\":2,\"name\":\"Tietosuojaseloste\"}]},{\"@type\":\"WebSite\",\"@id\":\"https:\\\/\\\/raumancheerleadingseura.fi\\\/#website\",\"url\":\"https:\\\/\\\/raumancheerleadingseura.fi\\\/\",\"name\":\"Rauman Cheerleadingseura ry\",\"description\":\"Aloita cheerleading Raumalla\",\"publisher\":{\"@id\":\"https:\\\/\\\/raumancheerleadingseura.fi\\\/#organization\"},\"potentialAction\":[{\"@type\":\"SearchAction\",\"target\":{\"@type\":\"EntryPoint\",\"urlTemplate\":\"https:\\\/\\\/raumancheerleadingseura.fi\\\/?s={search_term_string}\"},\"query-input\":{\"@type\":\"PropertyValueSpecification\",\"valueRequired\":true,\"valueName\":\"search_term_string\"}}],\"inLanguage\":\"fi\"},{\"@type\":\"Organization\",\"@id\":\"https:\\\/\\\/raumancheerleadingseura.fi\\\/#organization\",\"name\":\"Rauman Cheerleadingseura ry\",\"url\":\"https:\\\/\\\/raumancheerleadingseura.fi\\\/\",\"logo\":{\"@type\":\"ImageObject\",\"inLanguage\":\"fi\",\"@id\":\"https:\\\/\\\/raumancheerleadingseura.fi\\\/#\\\/schema\\\/logo\\\/image\\\/\",\"url\":\"https:\\\/\\\/raumancheerleadingseura.fi\\\/wp-content\\\/uploads\\\/2024\\\/07\\\/RCS-logo-2.png\",\"contentUrl\":\"https:\\\/\\\/raumancheerleadingseura.fi\\\/wp-content\\\/uploads\\\/2024\\\/07\\\/RCS-logo-2.png\",\"width\":3443,\"height\":2019,\"caption\":\"Rauman Cheerleadingseura ry\"},\"image\":{\"@id\":\"https:\\\/\\\/raumancheerleadingseura.fi\\\/#\\\/schema\\\/logo\\\/image\\\/\"},\"sameAs\":[\"https:\\\/\\\/www.facebook.com\\\/raumancheerleadingseura\",\"https:\\\/\\\/www.instagram.com\\\/raumancheerleadingseura\\\/\"]}]}<\/script>\n<!-- \/ Yoast SEO plugin. -->","yoast_head_json":{"title":"Tietosuojaseloste - Rauman Cheerleadingseura ry | RCS","robots":{"index":"index","follow":"follow","max-snippet":"max-snippet:-1","max-image-preview":"max-image-preview:large","max-video-preview":"max-video-preview:-1"},"canonical":"https:\/\/raumancheerleadingseura.fi\/index.php\/privacy-policy\/","og_locale":"fi_FI","og_type":"article","og_title":"Tietosuojaseloste - Rauman Cheerleadingseura ry | RCS","og_description":"Rauman Cheerleadingseura ry \u2013 Tietosuojaseloste Laatimisp\u00e4iv\u00e4: 12.5.2018 Rekisterinpit\u00e4j\u00e4 Rauman Cheerleadingseura ry 2814824-2 Hakunintie 11, 26100 Rauma Rekisteriasioiden yhteyshenkil\u00f6 ja yhteystiedot Marja Vene, hallitus.rcs(at)gmail.com Rekisterin nimi J\u00e4sen- ja yhteisty\u00f6kumppanirekisteri Henkil\u00f6tietojen k\u00e4sittelyn tarkoitus ja peruste Tietojen k\u00e4sittely perustuu yhdistysten j\u00e4senten osalta yhdistyslains\u00e4\u00e4d\u00e4nt\u00f6\u00f6n sek\u00e4 Rauman Cheerleadingseura ry oikeutettuun etuun eli yhdistyksen j\u00e4senyyteen. Tietojen k\u00e4sittely perustuu toimijoiden (ml. joukkueen &hellip;","og_url":"https:\/\/raumancheerleadingseura.fi\/index.php\/privacy-policy\/","og_site_name":"Rauman Cheerleadingseura ry | RCS","article_publisher":"https:\/\/www.facebook.com\/raumancheerleadingseura","article_modified_time":"2024-07-24T12:02:55+00:00","twitter_card":"summary_large_image","twitter_misc":{"Arvioitu lukuaika":"4 minuuttia"},"schema":{"@context":"https:\/\/schema.org","@graph":[{"@type":"WebPage","@id":"https:\/\/raumancheerleadingseura.fi\/index.php\/privacy-policy\/","url":"https:\/\/raumancheerleadingseura.fi\/index.php\/privacy-policy\/","name":"Tietosuojaseloste - Rauman Cheerleadingseura ry | RCS","isPartOf":{"@id":"https:\/\/raumancheerleadingseura.fi\/#website"},"datePublished":"2024-07-16T06:13:41+00:00","dateModified":"2024-07-24T12:02:55+00:00","breadcrumb":{"@id":"https:\/\/raumancheerleadingseura.fi\/index.php\/privacy-policy\/#breadcrumb"},"inLanguage":"fi","potentialAction":[{"@type":"ReadAction","target":["https:\/\/raumancheerleadingseura.fi\/index.php\/privacy-policy\/"]}]},{"@type":"BreadcrumbList","@id":"https:\/\/raumancheerleadingseura.fi\/index.php\/privacy-policy\/#breadcrumb","itemListElement":[{"@type":"ListItem","position":1,"name":"Etusivu","item":"https:\/\/raumancheerleadingseura.fi\/"},{"@type":"ListItem","position":2,"name":"Tietosuojaseloste"}]},{"@type":"WebSite","@id":"https:\/\/raumancheerleadingseura.fi\/#website","url":"https:\/\/raumancheerleadingseura.fi\/","name":"Rauman Cheerleadingseura ry","description":"Aloita cheerleading Raumalla","publisher":{"@id":"https:\/\/raumancheerleadingseura.fi\/#organization"},"potentialAction":[{"@type":"SearchAction","target":{"@type":"EntryPoint","urlTemplate":"https:\/\/raumancheerleadingseura.fi\/?s={search_term_string}"},"query-input":{"@type":"PropertyValueSpecification","valueRequired":true,"valueName":"search_term_string"}}],"inLanguage":"fi"},{"@type":"Organization","@id":"https:\/\/raumancheerleadingseura.fi\/#organization","name":"Rauman Cheerleadingseura ry","url":"https:\/\/raumancheerleadingseura.fi\/","logo":{"@type":"ImageObject","inLanguage":"fi","@id":"https:\/\/raumancheerleadingseura.fi\/#\/schema\/logo\/image\/","url":"https:\/\/raumancheerleadingseura.fi\/wp-content\/uploads\/2024\/07\/RCS-logo-2.png","contentUrl":"https:\/\/raumancheerleadingseura.fi\/wp-content\/uploads\/2024\/07\/RCS-logo-2.png","width":3443,"height":2019,"caption":"Rauman Cheerleadingseura ry"},"image":{"@id":"https:\/\/raumancheerleadingseura.fi\/#\/schema\/logo\/image\/"},"sameAs":["https:\/\/www.facebook.com\/raumancheerleadingseura","https:\/\/www.instagram.com\/raumancheerleadingseura\/"]}]}},"ticketed":false,"_links":{"self":[{"href":"https:\/\/raumancheerleadingseura.fi\/index.php\/wp-json\/wp\/v2\/pages\/3","targetHints":{"allow":["GET"]}}],"collection":[{"href":"https:\/\/raumancheerleadingseura.fi\/index.php\/wp-json\/wp\/v2\/pages"}],"about":[{"href":"https:\/\/raumancheerleadingseura.fi\/index.php\/wp-json\/wp\/v2\/types\/page"}],"author":[{"embeddable":true,"href":"https:\/\/raumancheerleadingseura.fi\/index.php\/wp-json\/wp\/v2\/users\/1"}],"replies":[{"embeddable":true,"href":"https:\/\/raumancheerleadingseura.fi\/index.php\/wp-json\/wp\/v2\/comments?post=3"}],"version-history":[{"count":2,"href":"https:\/\/raumancheerleadingseura.fi\/index.php\/wp-json\/wp\/v2\/pages\/3\/revisions"}],"predecessor-version":[{"id":347,"href":"https:\/\/raumancheerleadingseura.fi\/index.php\/wp-json\/wp\/v2\/pages\/3\/revisions\/347"}],"wp:attachment":[{"href":"https:\/\/raumancheerleadingseura.fi\/index.php\/wp-json\/wp\/v2\/media?parent=3"}],"curies":[{"name":"wp","href":"https:\/\/api.w.org\/{rel}","templated":true}]}}