{"id":74,"date":"2024-07-23T11:43:00","date_gmt":"2024-07-23T11:43:00","guid":{"rendered":"https:\/\/raumancheerleadingseura.fi\/?page_id=74"},"modified":"2026-02-15T13:23:44","modified_gmt":"2026-02-15T13:23:44","slug":"ilmoittautuminen","status":"publish","type":"page","link":"https:\/\/raumancheerleadingseura.fi\/index.php\/ilmoittautuminen\/","title":{"rendered":"Ilmoittautuminen"},"content":{"rendered":"\t\t<div data-elementor-type=\"wp-page\" data-elementor-id=\"74\" class=\"elementor elementor-74\">\n\t\t\t\t<div class=\"elementor-element elementor-element-8b36b2c e-flex e-con-boxed e-con e-parent\" data-id=\"8b36b2c\" data-element_type=\"container\" data-e-type=\"container\">\n\t\t\t\t\t<div class=\"e-con-inner\">\n\t\t\t\t<div class=\"elementor-element elementor-element-a09fbde elementor-widget elementor-widget-text-editor\" data-id=\"a09fbde\" data-element_type=\"widget\" data-e-type=\"widget\" data-widget_type=\"text-editor.default\">\n\t\t\t\t\t\t\t\t\t<div class=\"xdj266r x11i5rnm xat24cr x1mh8g0r x1vvkbs x126k92a\"><div dir=\"auto\"><strong>HOX UUDET HARRASTAJAT!<\/strong><\/div><\/div><div class=\"x11i5rnm xat24cr x1mh8g0r x1vvkbs xtlvy1s x126k92a\"><div dir=\"auto\">Muutamia harrastejoukkueita viel\u00e4 t\u00e4ydennet\u00e4\u00e4n, muuten ilmoittautuminen on suljettu!\u00a0<\/div><div dir=\"auto\">\u00a0<\/div><div dir=\"auto\"><div dir=\"auto\"><span class=\"html-span xexx8yu x4uap5 x18d9i69 xkhd6sd x1hl2dhg x16tdsg8 x1vvkbs x3nfvp2 x1j61x8r x1fcty0u xdj266r xat24cr xgzva0m xhhsvwb xxymvpz xlup9mm x1kky2od\"><img decoding=\"async\" class=\"xz74otr\" src=\"https:\/\/static.xx.fbcdn.net\/images\/emoji.php\/v9\/tf4\/1\/16\/2728.png\" alt=\"\u2728\" width=\"16\" height=\"16\" \/><\/span> <strong>Kultakalat: 2018-2020 -syntyneet<\/strong><\/div><ul><li>Kausi alkaa alustavasti viikolla 33<\/li><li dir=\"auto\">Joukkueen treenit on sunnuntaisin 15.30-16.15<\/li><li dir=\"auto\">Ei vapaita paikkoja<\/li><\/ul><\/div><\/div><div class=\"x11i5rnm xat24cr x1mh8g0r x1vvkbs xtlvy1s x126k92a\"><div dir=\"auto\"><span class=\"html-span xexx8yu x4uap5 x18d9i69 xkhd6sd x1hl2dhg x16tdsg8 x1vvkbs x3nfvp2 x1j61x8r x1fcty0u xdj266r xat24cr xgzva0m xhhsvwb xxymvpz xlup9mm x1kky2od\"><img decoding=\"async\" class=\"xz74otr\" src=\"https:\/\/static.xx.fbcdn.net\/images\/emoji.php\/v9\/tf4\/1\/16\/2728.png\" alt=\"\u2728\" width=\"16\" height=\"16\" \/><\/span> <strong>Loreleis: 2011-2014 -syntyneet<\/strong><\/div><ul><li>Kausi alkaa alustavasti viikolla 33<\/li><li dir=\"auto\">Joukkueen treenit on sunnuntaisin 16.30-18.00<\/li><li>Ei vapaita paikkoja<\/li><li dir=\"auto\">\u00a0<\/li><\/ul><div dir=\"auto\"><span class=\"html-span xexx8yu x4uap5 x18d9i69 xkhd6sd x1hl2dhg x16tdsg8 x1vvkbs x3nfvp2 x1j61x8r x1fcty0u xdj266r xat24cr xgzva0m xhhsvwb xxymvpz xlup9mm x1kky2od\"><img decoding=\"async\" class=\"xz74otr\" src=\"https:\/\/static.xx.fbcdn.net\/images\/emoji.php\/v9\/tf4\/1\/16\/2728.png\" alt=\"\u2728\" width=\"16\" height=\"16\" \/><\/span> <strong>Sea Fairies: 2015-2018 -syntyneet<\/strong><\/div><ul><li>Kausi alkaa alustavasti viikolla 33<\/li><li dir=\"auto\">Joukkueen treenit on perjantaisin 16.00-17.30<\/li><li>Ei vapaita paikkoja<\/li><li dir=\"auto\">\u00a0<\/li><\/ul><div dir=\"auto\"><span class=\"html-span xexx8yu x4uap5 x18d9i69 xkhd6sd x1hl2dhg x16tdsg8 x1vvkbs x3nfvp2 x1j61x8r x1fcty0u xdj266r xat24cr xgzva0m xhhsvwb xxymvpz xlup9mm x1kky2od\"><img decoding=\"async\" class=\"xz74otr\" src=\"https:\/\/static.xx.fbcdn.net\/images\/emoji.php\/v9\/tf4\/1\/16\/2728.png\" alt=\"\u2728\" width=\"16\" height=\"16\" \/><\/span> <strong>Water Sprites: 2014-2018 -syntyneet<\/strong><\/div><ul><li>Kausi alkaa alustavasti viikolla 33<\/li><li dir=\"auto\">Joukkueen treenit on keskiviikkoisin 16.15-17.45 ja perjantaisin 17.15-18.15<\/li><li>Ei vapaita paikkoja<\/li><\/ul><div dir=\"auto\"><span class=\"html-span xexx8yu x4uap5 x18d9i69 xkhd6sd x1hl2dhg x16tdsg8 x1vvkbs x3nfvp2 x1j61x8r x1fcty0u xdj266r xat24cr xgzva0m xhhsvwb xxymvpz xlup9mm x1kky2od\"><img decoding=\"async\" class=\"xz74otr\" src=\"https:\/\/static.xx.fbcdn.net\/images\/emoji.php\/v9\/tf4\/1\/16\/2728.png\" alt=\"\u2728\" width=\"16\" height=\"16\" \/><\/span> <strong>Tiny Mermaids: 2014-2016 -syntyneet<\/strong><\/div><ul><li>Kausi alkaa alustavasti viikolla 33<\/li><li dir=\"auto\">Joukkueen treenit on tiistaisin 17.15-19.15 ja perjantaisin 18.00-19.15<\/li><li>Ei vapaita paikkoja<\/li><\/ul><div dir=\"auto\"><span class=\"html-span xexx8yu x4uap5 x18d9i69 xkhd6sd x1hl2dhg x16tdsg8 x1vvkbs x3nfvp2 x1j61x8r x1fcty0u xdj266r xat24cr xgzva0m xhhsvwb xxymvpz xlup9mm x1kky2od\"><img decoding=\"async\" class=\"xz74otr\" src=\"https:\/\/static.xx.fbcdn.net\/images\/emoji.php\/v9\/tf4\/1\/16\/2728.png\" alt=\"\u2728\" width=\"16\" height=\"16\" \/><\/span> <strong>Oceanids: 2011-2014 -syntyneet<\/strong><\/div><ul><li>Kausi alkaa alustavasti viikolla 33<\/li><li dir=\"auto\">Joukkueen treenit on tiistaisin 16.15-17.30, torstaisin 16.15-17.45 ja sunnuntaisin 11.45-13.45<\/li><li>Ei vapaita paikkoja<\/li><\/ul><\/div><div class=\"x11i5rnm xat24cr x1mh8g0r x1vvkbs xtlvy1s x126k92a\"><div dir=\"auto\"><span class=\"html-span xexx8yu x4uap5 x18d9i69 xkhd6sd x1hl2dhg x16tdsg8 x1vvkbs x3nfvp2 x1j61x8r x1fcty0u xdj266r xat24cr xgzva0m xhhsvwb xxymvpz xlup9mm x1kky2od\"><img decoding=\"async\" class=\"xz74otr\" src=\"https:\/\/static.xx.fbcdn.net\/images\/emoji.php\/v9\/tf4\/1\/16\/2728.png\" alt=\"\u2728\" width=\"16\" height=\"16\" \/><\/span> <strong>Nereids: 2009-2011 -syntyneet<\/strong><\/div><ul><li>Kausi alkaa alustavasti viikolla 33<\/li><li dir=\"auto\">Joukkueen treenit on keskiviikkoisin 19.30-21 ja sunnuntaisin 13.45-15.15<\/li><li>Ei vapaita paikkoja<\/li><\/ul><div dir=\"auto\"><span class=\"html-span xexx8yu x4uap5 x18d9i69 xkhd6sd x1hl2dhg x16tdsg8 x1vvkbs x3nfvp2 x1j61x8r x1fcty0u xdj266r xat24cr xgzva0m xhhsvwb xxymvpz xlup9mm x1kky2od\"><img decoding=\"async\" class=\"xz74otr\" src=\"https:\/\/static.xx.fbcdn.net\/images\/emoji.php\/v9\/tf4\/1\/16\/2728.png\" alt=\"\u2728\" width=\"16\" height=\"16\" \/><\/span> <strong>Little Mermaids: 2011-2014 -syntyneet<\/strong><\/div><ul><li>Kausi alkaa alustavasti viikolla 33<\/li><li dir=\"auto\">Joukkueen treenit on maanantaisin 16.30-18.00, keskiviikkoisin 17.45-19.45 ja lauantaisin 12.00-14.00<\/li><li>Ei vapaita paikkoja<\/li><\/ul><div dir=\"auto\"><span class=\"html-span xexx8yu x4uap5 x18d9i69 xkhd6sd x1hl2dhg x16tdsg8 x1vvkbs x3nfvp2 x1j61x8r x1fcty0u xdj266r xat24cr xgzva0m xhhsvwb xxymvpz xlup9mm x1kky2od\"><img decoding=\"async\" class=\"xz74otr\" src=\"https:\/\/static.xx.fbcdn.net\/images\/emoji.php\/v9\/tf4\/1\/16\/2728.png\" alt=\"\u2728\" width=\"16\" height=\"16\" \/><\/span> <strong>Mermaids: 2008-2011 -syntyneet<\/strong><\/div><ul><li>Kausi alkaa alustavasti viikolla 32<\/li><li dir=\"auto\">Joukkueen treenit on tiistaisin 19.00-21.00, torstaisin 17.30-19.00 ja sunnuntaisin 18.00-20.00<\/li><li>Ei vapaita paikkoja<\/li><\/ul><div dir=\"auto\"><span class=\"html-span xexx8yu x4uap5 x18d9i69 xkhd6sd x1hl2dhg x16tdsg8 x1vvkbs x3nfvp2 x1j61x8r x1fcty0u xdj266r xat24cr xgzva0m xhhsvwb xxymvpz xlup9mm x1kky2od\"><img decoding=\"async\" class=\"xz74otr\" src=\"https:\/\/static.xx.fbcdn.net\/images\/emoji.php\/v9\/tf4\/1\/16\/2728.png\" alt=\"\u2728\" width=\"16\" height=\"16\" \/><\/span> <strong>Sirens: 2009 &#8211;&gt;\u00a0 -syntyneet<\/strong><\/div><ul><li>Kausi alkaa alustavasti viikolla 32<\/li><li dir=\"auto\">Joukkueen treenit on maanantaisin 18.45-21.15 ja torstaisin 18.45-21.15<\/li><li>Ei vapaita paikkoja<\/li><\/ul><\/div><div class=\"x11i5rnm xat24cr x1mh8g0r x1vvkbs xtlvy1s x126k92a\"><div dir=\"auto\"><span class=\"html-span xexx8yu x4uap5 x18d9i69 xkhd6sd x1hl2dhg x16tdsg8 x1vvkbs x3nfvp2 x1j61x8r x1fcty0u xdj266r xat24cr xgzva0m xhhsvwb xxymvpz xlup9mm x1kky2od\"><img decoding=\"async\" class=\"xz74otr\" src=\"https:\/\/static.xx.fbcdn.net\/images\/emoji.php\/v9\/tf4\/1\/16\/2728.png\" alt=\"\u2728\" width=\"16\" height=\"16\" \/><\/span> <strong>Poseidon (Klassikkojoukkue +18-vuotiaat):\u00a0<\/strong><\/div><ul><li dir=\"auto\">Kausi alkaa alustavasti viikolla 33<\/li><li dir=\"auto\">Joukkueen treenit on maanantaisin klo. 17.45-19.00<\/li><li dir=\"auto\">Viel\u00e4 vapaita paikkoja, <a href=\"https:\/\/raumancheerleadingseura.myclub.fi\/flow\/events\/8856227\" target=\"_blank\" rel=\"noopener\">ilmoittaudu<\/a><\/li><\/ul><\/div><div class=\"x11i5rnm xat24cr x1mh8g0r x1vvkbs xtlvy1s x126k92a\"><div dir=\"auto\">Harrastejoukkueet sopivat kaikille uusille aloittelijoille eik\u00e4 aiempaa kokemusta cheerleadingist\u00e4 tarvita. Muista tanssi- ja voimistelulajeista on tietenkin hy\u00f6ty\u00e4 taitojen oppimiselle, mutta ne eiv\u00e4t ole v\u00e4ltt\u00e4m\u00e4tt\u00f6myys!\u00a0<\/div><div dir=\"auto\">Joukkueisiin voi ilmoittautua my\u00f6s, jos lajin harrastamisesta on aikaa, eik\u00e4 halua viel\u00e4 sitoutua kilpajoukkueiden toimintaan.<\/div><\/div><div class=\"x11i5rnm xat24cr x1mh8g0r x1vvkbs xtlvy1s x126k92a\"><div dir=\"auto\">Ensimm\u00e4isiin treeneihin tarvitsee mukaan juomapullon, p\u00e4\u00e4lle liikuntavaatteet sek\u00e4 sis\u00e4pelikeng\u00e4t. Lis\u00e4tietoja saa kysym\u00e4ll\u00e4. Joukkueen valmentajat ovat yhteydess\u00e4 vanhempiin viel\u00e4 ennen kauden alkua!<\/div><div dir=\"auto\">\u00a0<\/div><\/div><div class=\"x11i5rnm xat24cr x1mh8g0r x1vvkbs xtlvy1s x126k92a\"><div dir=\"auto\"><strong>Tervetuloa huikean lajin pariin!\u00a0<\/strong><\/div><\/div>\t\t\t\t\t\t\t\t<\/div>\n\t\t\t\t\t<\/div>\n\t\t\t\t<\/div>\n\t\t<div class=\"elementor-element elementor-element-73c1619 e-flex e-con-boxed e-con e-parent\" data-id=\"73c1619\" data-element_type=\"container\" data-e-type=\"container\">\n\t\t\t\t\t<div class=\"e-con-inner\">\n\t\t\t\t<div class=\"elementor-element elementor-element-afaca38 elementor-arrows-position-inside elementor-pagination-position-outside elementor-widget elementor-widget-image-carousel\" data-id=\"afaca38\" data-element_type=\"widget\" data-e-type=\"widget\" data-settings=\"{&quot;navigation&quot;:&quot;both&quot;,&quot;autoplay&quot;:&quot;yes&quot;,&quot;pause_on_hover&quot;:&quot;yes&quot;,&quot;pause_on_interaction&quot;:&quot;yes&quot;,&quot;autoplay_speed&quot;:5000,&quot;infinite&quot;:&quot;yes&quot;,&quot;speed&quot;:500}\" data-widget_type=\"image-carousel.default\">\n\t\t\t\t\t\t\t<div class=\"elementor-image-carousel-wrapper swiper\" role=\"region\" aria-roledescription=\"carousel\" aria-label=\"Kuvakaruselli\" dir=\"ltr\">\n\t\t\t<div class=\"elementor-image-carousel swiper-wrapper\" aria-live=\"off\">\n\t\t\t\t\t\t\t\t<div class=\"swiper-slide\" role=\"group\" aria-roledescription=\"slide\" aria-label=\"1 of 3\"><figure class=\"swiper-slide-inner\"><img decoding=\"async\" class=\"swiper-slide-image\" src=\"https:\/\/raumancheerleadingseura.fi\/wp-content\/uploads\/2024\/07\/RCS-2024-Kevatnaytos-0018.jpg\" alt=\"\" \/><\/figure><\/div><div class=\"swiper-slide\" role=\"group\" aria-roledescription=\"slide\" aria-label=\"2 of 3\"><figure class=\"swiper-slide-inner\"><img decoding=\"async\" class=\"swiper-slide-image\" src=\"https:\/\/raumancheerleadingseura.fi\/wp-content\/uploads\/2024\/07\/RCS-2024-Kevatnaytos-0027.jpg\" alt=\"\" \/><\/figure><\/div><div class=\"swiper-slide\" role=\"group\" aria-roledescription=\"slide\" aria-label=\"3 of 3\"><figure class=\"swiper-slide-inner\"><img decoding=\"async\" class=\"swiper-slide-image\" src=\"https:\/\/raumancheerleadingseura.fi\/wp-content\/uploads\/2024\/07\/RCS-2024-Kevatnaytos-0042.jpg\" alt=\"\" \/><\/figure><\/div>\t\t\t<\/div>\n\t\t\t\t\t\t\t\t\t\t\t\t<div class=\"elementor-swiper-button elementor-swiper-button-prev\" role=\"button\" tabindex=\"0\">\n\t\t\t\t\t\t<svg aria-hidden=\"true\" class=\"e-font-icon-svg e-eicon-chevron-left\" viewBox=\"0 0 1000 1000\" xmlns=\"http:\/\/www.w3.org\/2000\/svg\"><path d=\"M646 125C629 125 613 133 604 142L308 442C296 454 292 471 292 487 292 504 296 521 308 533L604 854C617 867 629 875 646 875 663 875 679 871 692 858 704 846 713 829 713 812 713 796 708 779 692 767L438 487 692 225C700 217 708 204 708 187 708 171 704 154 692 142 675 129 663 125 646 125Z\"><\/path><\/svg>\t\t\t\t\t<\/div>\n\t\t\t\t\t<div class=\"elementor-swiper-button elementor-swiper-button-next\" role=\"button\" tabindex=\"0\">\n\t\t\t\t\t\t<svg aria-hidden=\"true\" class=\"e-font-icon-svg e-eicon-chevron-right\" viewBox=\"0 0 1000 1000\" xmlns=\"http:\/\/www.w3.org\/2000\/svg\"><path d=\"M696 533C708 521 713 504 713 487 713 471 708 454 696 446L400 146C388 133 375 125 354 125 338 125 325 129 313 142 300 154 292 171 292 187 292 204 296 221 308 233L563 492 304 771C292 783 288 800 288 817 288 833 296 850 308 863 321 871 338 875 354 875 371 875 388 867 400 854L696 533Z\"><\/path><\/svg>\t\t\t\t\t<\/div>\n\t\t\t\t\n\t\t\t\t\t\t\t\t\t<div class=\"swiper-pagination\"><\/div>\n\t\t\t\t\t\t\t\t\t<\/div>\n\t\t\t\t\t\t<\/div>\n\t\t\t\t\t<\/div>\n\t\t\t\t<\/div>\n\t\t\t\t<\/div>\n\t\t","protected":false},"excerpt":{"rendered":"<p>HOX UUDET HARRASTAJAT!Muutamia harrastejoukkueita viel\u00e4 t\u00e4ydennet\u00e4\u00e4n, muuten ilmoittautuminen on suljettu!\u00a0\u00a0 Kultakalat: 2018-2020 -syntyneet Kausi alkaa alustavasti viikolla 33 Joukkueen treenit on sunnuntaisin 15.30-16.15 Ei vapaita paikkoja Loreleis: 2011-2014 -syntyneet Kausi alkaa alustavasti viikolla 33 Joukkueen treenit on sunnuntaisin 16.30-18.00 Ei vapaita paikkoja \u00a0 Sea Fairies: 2015-2018 -syntyneet Kausi alkaa alustavasti viikolla 33 Joukkueen treenit on &hellip; <\/p>\n","protected":false},"author":1,"featured_media":0,"parent":0,"menu_order":0,"comment_status":"closed","ping_status":"closed","template":"","meta":{"_crdt_document":"","_price":"","_stock":"","_tribe_ticket_header":"","_tribe_default_ticket_provider":"","_tribe_ticket_capacity":"0","_ticket_start_date":"","_ticket_end_date":"","_tribe_ticket_show_description":"","_tribe_ticket_show_not_going":false,"_tribe_ticket_use_global_stock":"","_tribe_ticket_global_stock_level":"","_global_stock_mode":"","_global_stock_cap":"","_tribe_rsvp_for_event":"","_tribe_ticket_going_count":"","_tribe_ticket_not_going_count":"","_tribe_tickets_list":"[]","_tribe_ticket_has_attendee_info_fields":false,"_EventAllDay":false,"_EventTimezone":"","_EventStartDate":"","_EventEndDate":"","_EventStartDateUTC":"","_EventEndDateUTC":"","_EventShowMap":false,"_EventShowMapLink":false,"_EventURL":"","_EventCost":"","_EventCostDescription":"","_EventCurrencySymbol":"","_EventCurrencyCode":"","_EventCurrencyPosition":"","_EventDateTimeSeparator":"","_EventTimeRangeSeparator":"","_EventOrganizerID":[],"_EventVenueID":[],"_OrganizerEmail":"","_OrganizerPhone":"","_OrganizerWebsite":"","_VenueAddress":"","_VenueCity":"","_VenueCountry":"","_VenueProvince":"","_VenueState":"","_VenueZip":"","_VenuePhone":"","_VenueURL":"","_VenueStateProvince":"","_VenueLat":"","_VenueLng":"","_VenueShowMap":false,"_VenueShowMapLink":false,"footnotes":"","_tec_slr_enabled":"","_tec_slr_layout":""},"class_list":["post-74","page","type-page","status-publish","hentry","latest_post"],"yoast_head":"<!-- This site is optimized with the Yoast SEO plugin v27.4 - https:\/\/yoast.com\/product\/yoast-seo-wordpress\/ -->\n<title>Ilmoittautuminen - Rauman Cheerleadingseura ry | RCS<\/title>\n<meta name=\"robots\" content=\"index, follow, max-snippet:-1, max-image-preview:large, max-video-preview:-1\" \/>\n<link rel=\"canonical\" href=\"https:\/\/raumancheerleadingseura.fi\/index.php\/ilmoittautuminen\/\" \/>\n<meta property=\"og:locale\" content=\"fi_FI\" \/>\n<meta property=\"og:type\" content=\"article\" \/>\n<meta property=\"og:title\" content=\"Ilmoittautuminen - Rauman Cheerleadingseura ry | RCS\" \/>\n<meta property=\"og:description\" content=\"HOX UUDET HARRASTAJAT!Muutamia harrastejoukkueita viel\u00e4 t\u00e4ydennet\u00e4\u00e4n, muuten ilmoittautuminen on suljettu!\u00a0\u00a0 Kultakalat: 2018-2020 -syntyneet Kausi alkaa alustavasti viikolla 33 Joukkueen treenit on sunnuntaisin 15.30-16.15 Ei vapaita paikkoja Loreleis: 2011-2014 -syntyneet Kausi alkaa alustavasti viikolla 33 Joukkueen treenit on sunnuntaisin 16.30-18.00 Ei vapaita paikkoja \u00a0 Sea Fairies: 2015-2018 -syntyneet Kausi alkaa alustavasti viikolla 33 Joukkueen treenit on &hellip;\" \/>\n<meta property=\"og:url\" content=\"https:\/\/raumancheerleadingseura.fi\/index.php\/ilmoittautuminen\/\" \/>\n<meta property=\"og:site_name\" content=\"Rauman Cheerleadingseura ry | RCS\" \/>\n<meta property=\"article:publisher\" content=\"https:\/\/www.facebook.com\/raumancheerleadingseura\" \/>\n<meta property=\"article:modified_time\" content=\"2026-02-15T13:23:44+00:00\" \/>\n<meta property=\"og:image\" content=\"https:\/\/static.xx.fbcdn.net\/images\/emoji.php\/v9\/tf4\/1\/16\/2728.png\" \/>\n<meta name=\"twitter:card\" content=\"summary_large_image\" \/>\n<meta name=\"twitter:label1\" content=\"Arvioitu lukuaika\" \/>\n\t<meta name=\"twitter:data1\" content=\"6 minuuttia\" \/>\n<script type=\"application\/ld+json\" class=\"yoast-schema-graph\">{\"@context\":\"https:\\\/\\\/schema.org\",\"@graph\":[{\"@type\":\"WebPage\",\"@id\":\"https:\\\/\\\/raumancheerleadingseura.fi\\\/index.php\\\/ilmoittautuminen\\\/\",\"url\":\"https:\\\/\\\/raumancheerleadingseura.fi\\\/index.php\\\/ilmoittautuminen\\\/\",\"name\":\"Ilmoittautuminen - Rauman Cheerleadingseura ry | RCS\",\"isPartOf\":{\"@id\":\"https:\\\/\\\/raumancheerleadingseura.fi\\\/#website\"},\"primaryImageOfPage\":{\"@id\":\"https:\\\/\\\/raumancheerleadingseura.fi\\\/index.php\\\/ilmoittautuminen\\\/#primaryimage\"},\"image\":{\"@id\":\"https:\\\/\\\/raumancheerleadingseura.fi\\\/index.php\\\/ilmoittautuminen\\\/#primaryimage\"},\"thumbnailUrl\":\"https:\\\/\\\/static.xx.fbcdn.net\\\/images\\\/emoji.php\\\/v9\\\/tf4\\\/1\\\/16\\\/2728.png\",\"datePublished\":\"2024-07-23T11:43:00+00:00\",\"dateModified\":\"2026-02-15T13:23:44+00:00\",\"breadcrumb\":{\"@id\":\"https:\\\/\\\/raumancheerleadingseura.fi\\\/index.php\\\/ilmoittautuminen\\\/#breadcrumb\"},\"inLanguage\":\"fi\",\"potentialAction\":[{\"@type\":\"ReadAction\",\"target\":[\"https:\\\/\\\/raumancheerleadingseura.fi\\\/index.php\\\/ilmoittautuminen\\\/\"]}]},{\"@type\":\"ImageObject\",\"inLanguage\":\"fi\",\"@id\":\"https:\\\/\\\/raumancheerleadingseura.fi\\\/index.php\\\/ilmoittautuminen\\\/#primaryimage\",\"url\":\"https:\\\/\\\/static.xx.fbcdn.net\\\/images\\\/emoji.php\\\/v9\\\/tf4\\\/1\\\/16\\\/2728.png\",\"contentUrl\":\"https:\\\/\\\/static.xx.fbcdn.net\\\/images\\\/emoji.php\\\/v9\\\/tf4\\\/1\\\/16\\\/2728.png\"},{\"@type\":\"BreadcrumbList\",\"@id\":\"https:\\\/\\\/raumancheerleadingseura.fi\\\/index.php\\\/ilmoittautuminen\\\/#breadcrumb\",\"itemListElement\":[{\"@type\":\"ListItem\",\"position\":1,\"name\":\"Etusivu\",\"item\":\"https:\\\/\\\/raumancheerleadingseura.fi\\\/\"},{\"@type\":\"ListItem\",\"position\":2,\"name\":\"Ilmoittautuminen\"}]},{\"@type\":\"WebSite\",\"@id\":\"https:\\\/\\\/raumancheerleadingseura.fi\\\/#website\",\"url\":\"https:\\\/\\\/raumancheerleadingseura.fi\\\/\",\"name\":\"Rauman Cheerleadingseura ry\",\"description\":\"Aloita cheerleading Raumalla\",\"publisher\":{\"@id\":\"https:\\\/\\\/raumancheerleadingseura.fi\\\/#organization\"},\"potentialAction\":[{\"@type\":\"SearchAction\",\"target\":{\"@type\":\"EntryPoint\",\"urlTemplate\":\"https:\\\/\\\/raumancheerleadingseura.fi\\\/?s={search_term_string}\"},\"query-input\":{\"@type\":\"PropertyValueSpecification\",\"valueRequired\":true,\"valueName\":\"search_term_string\"}}],\"inLanguage\":\"fi\"},{\"@type\":\"Organization\",\"@id\":\"https:\\\/\\\/raumancheerleadingseura.fi\\\/#organization\",\"name\":\"Rauman Cheerleadingseura ry\",\"url\":\"https:\\\/\\\/raumancheerleadingseura.fi\\\/\",\"logo\":{\"@type\":\"ImageObject\",\"inLanguage\":\"fi\",\"@id\":\"https:\\\/\\\/raumancheerleadingseura.fi\\\/#\\\/schema\\\/logo\\\/image\\\/\",\"url\":\"https:\\\/\\\/raumancheerleadingseura.fi\\\/wp-content\\\/uploads\\\/2024\\\/07\\\/RCS-logo-2.png\",\"contentUrl\":\"https:\\\/\\\/raumancheerleadingseura.fi\\\/wp-content\\\/uploads\\\/2024\\\/07\\\/RCS-logo-2.png\",\"width\":3443,\"height\":2019,\"caption\":\"Rauman Cheerleadingseura ry\"},\"image\":{\"@id\":\"https:\\\/\\\/raumancheerleadingseura.fi\\\/#\\\/schema\\\/logo\\\/image\\\/\"},\"sameAs\":[\"https:\\\/\\\/www.facebook.com\\\/raumancheerleadingseura\",\"https:\\\/\\\/www.instagram.com\\\/raumancheerleadingseura\\\/\"]}]}<\/script>\n<!-- \/ Yoast SEO plugin. -->","yoast_head_json":{"title":"Ilmoittautuminen - Rauman Cheerleadingseura ry | RCS","robots":{"index":"index","follow":"follow","max-snippet":"max-snippet:-1","max-image-preview":"max-image-preview:large","max-video-preview":"max-video-preview:-1"},"canonical":"https:\/\/raumancheerleadingseura.fi\/index.php\/ilmoittautuminen\/","og_locale":"fi_FI","og_type":"article","og_title":"Ilmoittautuminen - Rauman Cheerleadingseura ry | RCS","og_description":"HOX UUDET HARRASTAJAT!Muutamia harrastejoukkueita viel\u00e4 t\u00e4ydennet\u00e4\u00e4n, muuten ilmoittautuminen on suljettu!\u00a0\u00a0 Kultakalat: 2018-2020 -syntyneet Kausi alkaa alustavasti viikolla 33 Joukkueen treenit on sunnuntaisin 15.30-16.15 Ei vapaita paikkoja Loreleis: 2011-2014 -syntyneet Kausi alkaa alustavasti viikolla 33 Joukkueen treenit on sunnuntaisin 16.30-18.00 Ei vapaita paikkoja \u00a0 Sea Fairies: 2015-2018 -syntyneet Kausi alkaa alustavasti viikolla 33 Joukkueen treenit on &hellip;","og_url":"https:\/\/raumancheerleadingseura.fi\/index.php\/ilmoittautuminen\/","og_site_name":"Rauman Cheerleadingseura ry | RCS","article_publisher":"https:\/\/www.facebook.com\/raumancheerleadingseura","article_modified_time":"2026-02-15T13:23:44+00:00","og_image":[{"url":"https:\/\/static.xx.fbcdn.net\/images\/emoji.php\/v9\/tf4\/1\/16\/2728.png","type":"","width":"","height":""}],"twitter_card":"summary_large_image","twitter_misc":{"Arvioitu lukuaika":"6 minuuttia"},"schema":{"@context":"https:\/\/schema.org","@graph":[{"@type":"WebPage","@id":"https:\/\/raumancheerleadingseura.fi\/index.php\/ilmoittautuminen\/","url":"https:\/\/raumancheerleadingseura.fi\/index.php\/ilmoittautuminen\/","name":"Ilmoittautuminen - Rauman Cheerleadingseura ry | RCS","isPartOf":{"@id":"https:\/\/raumancheerleadingseura.fi\/#website"},"primaryImageOfPage":{"@id":"https:\/\/raumancheerleadingseura.fi\/index.php\/ilmoittautuminen\/#primaryimage"},"image":{"@id":"https:\/\/raumancheerleadingseura.fi\/index.php\/ilmoittautuminen\/#primaryimage"},"thumbnailUrl":"https:\/\/static.xx.fbcdn.net\/images\/emoji.php\/v9\/tf4\/1\/16\/2728.png","datePublished":"2024-07-23T11:43:00+00:00","dateModified":"2026-02-15T13:23:44+00:00","breadcrumb":{"@id":"https:\/\/raumancheerleadingseura.fi\/index.php\/ilmoittautuminen\/#breadcrumb"},"inLanguage":"fi","potentialAction":[{"@type":"ReadAction","target":["https:\/\/raumancheerleadingseura.fi\/index.php\/ilmoittautuminen\/"]}]},{"@type":"ImageObject","inLanguage":"fi","@id":"https:\/\/raumancheerleadingseura.fi\/index.php\/ilmoittautuminen\/#primaryimage","url":"https:\/\/static.xx.fbcdn.net\/images\/emoji.php\/v9\/tf4\/1\/16\/2728.png","contentUrl":"https:\/\/static.xx.fbcdn.net\/images\/emoji.php\/v9\/tf4\/1\/16\/2728.png"},{"@type":"BreadcrumbList","@id":"https:\/\/raumancheerleadingseura.fi\/index.php\/ilmoittautuminen\/#breadcrumb","itemListElement":[{"@type":"ListItem","position":1,"name":"Etusivu","item":"https:\/\/raumancheerleadingseura.fi\/"},{"@type":"ListItem","position":2,"name":"Ilmoittautuminen"}]},{"@type":"WebSite","@id":"https:\/\/raumancheerleadingseura.fi\/#website","url":"https:\/\/raumancheerleadingseura.fi\/","name":"Rauman Cheerleadingseura ry","description":"Aloita cheerleading Raumalla","publisher":{"@id":"https:\/\/raumancheerleadingseura.fi\/#organization"},"potentialAction":[{"@type":"SearchAction","target":{"@type":"EntryPoint","urlTemplate":"https:\/\/raumancheerleadingseura.fi\/?s={search_term_string}"},"query-input":{"@type":"PropertyValueSpecification","valueRequired":true,"valueName":"search_term_string"}}],"inLanguage":"fi"},{"@type":"Organization","@id":"https:\/\/raumancheerleadingseura.fi\/#organization","name":"Rauman Cheerleadingseura ry","url":"https:\/\/raumancheerleadingseura.fi\/","logo":{"@type":"ImageObject","inLanguage":"fi","@id":"https:\/\/raumancheerleadingseura.fi\/#\/schema\/logo\/image\/","url":"https:\/\/raumancheerleadingseura.fi\/wp-content\/uploads\/2024\/07\/RCS-logo-2.png","contentUrl":"https:\/\/raumancheerleadingseura.fi\/wp-content\/uploads\/2024\/07\/RCS-logo-2.png","width":3443,"height":2019,"caption":"Rauman Cheerleadingseura ry"},"image":{"@id":"https:\/\/raumancheerleadingseura.fi\/#\/schema\/logo\/image\/"},"sameAs":["https:\/\/www.facebook.com\/raumancheerleadingseura","https:\/\/www.instagram.com\/raumancheerleadingseura\/"]}]}},"ticketed":false,"_links":{"self":[{"href":"https:\/\/raumancheerleadingseura.fi\/index.php\/wp-json\/wp\/v2\/pages\/74","targetHints":{"allow":["GET"]}}],"collection":[{"href":"https:\/\/raumancheerleadingseura.fi\/index.php\/wp-json\/wp\/v2\/pages"}],"about":[{"href":"https:\/\/raumancheerleadingseura.fi\/index.php\/wp-json\/wp\/v2\/types\/page"}],"author":[{"embeddable":true,"href":"https:\/\/raumancheerleadingseura.fi\/index.php\/wp-json\/wp\/v2\/users\/1"}],"replies":[{"embeddable":true,"href":"https:\/\/raumancheerleadingseura.fi\/index.php\/wp-json\/wp\/v2\/comments?post=74"}],"version-history":[{"count":28,"href":"https:\/\/raumancheerleadingseura.fi\/index.php\/wp-json\/wp\/v2\/pages\/74\/revisions"}],"predecessor-version":[{"id":1646,"href":"https:\/\/raumancheerleadingseura.fi\/index.php\/wp-json\/wp\/v2\/pages\/74\/revisions\/1646"}],"wp:attachment":[{"href":"https:\/\/raumancheerleadingseura.fi\/index.php\/wp-json\/wp\/v2\/media?parent=74"}],"curies":[{"name":"wp","href":"https:\/\/api.w.org\/{rel}","templated":true}]}}