{"id":8,"date":"2024-07-23T11:42:18","date_gmt":"2024-07-23T11:42:18","guid":{"rendered":"https:\/\/raumancheerleadingseura.fi\/?page_id=8"},"modified":"2025-08-05T10:43:13","modified_gmt":"2025-08-05T10:43:13","slug":"joukkueet","status":"publish","type":"page","link":"https:\/\/raumancheerleadingseura.fi\/index.php\/joukkueet\/","title":{"rendered":"Joukkueet"},"content":{"rendered":"\t\t<div data-elementor-type=\"wp-post\" data-elementor-id=\"8\" class=\"elementor elementor-8\">\n\t\t\t\t<div class=\"elementor-element elementor-element-24e70f8 e-flex e-con-boxed e-con e-parent\" data-id=\"24e70f8\" data-element_type=\"container\" data-e-type=\"container\">\n\t\t\t\t\t<div class=\"e-con-inner\">\n\t\t\t\t<div class=\"elementor-element elementor-element-987974c elementor-widget elementor-widget-text-editor\" data-id=\"987974c\" data-element_type=\"widget\" data-e-type=\"widget\" data-widget_type=\"text-editor.default\">\n\t\t\t\t\t\t\t\t\t<p><strong>Harjoitukset:<\/strong> Kaudella 2025-2026 kaikki harjoitukset ja leirit pidet\u00e4\u00e4n seuran hallilla, Hakunintie 11.<\/p><p>Klikkaamalla kuvaa, saat aikataulun isommaksi.<\/p>\t\t\t\t\t\t\t\t<\/div>\n\t\t\t\t<div class=\"elementor-element elementor-element-0b732c9 elementor-widget elementor-widget-image\" data-id=\"0b732c9\" data-element_type=\"widget\" data-e-type=\"widget\" data-widget_type=\"image.default\">\n\t\t\t\t\t\t\t\t\t\t\t\t\t\t\t\t<a href=\"https:\/\/raumancheerleadingseura.fi\/wp-content\/uploads\/2025\/08\/Harjoitusaikataulu-2025-2026.png\" target=\"_blank\">\n\t\t\t\t\t\t\t<img fetchpriority=\"high\" decoding=\"async\" width=\"790\" height=\"570\" src=\"https:\/\/raumancheerleadingseura.fi\/wp-content\/uploads\/2025\/08\/Harjoitusaikataulu-2025-2026.png\" class=\"attachment-large size-large wp-image-877\" alt=\"\" srcset=\"https:\/\/raumancheerleadingseura.fi\/wp-content\/uploads\/2025\/08\/Harjoitusaikataulu-2025-2026.png 977w, https:\/\/raumancheerleadingseura.fi\/wp-content\/uploads\/2025\/08\/Harjoitusaikataulu-2025-2026-300x216.png 300w, https:\/\/raumancheerleadingseura.fi\/wp-content\/uploads\/2025\/08\/Harjoitusaikataulu-2025-2026-768x554.png 768w, https:\/\/raumancheerleadingseura.fi\/wp-content\/uploads\/2025\/08\/Harjoitusaikataulu-2025-2026-83x60.png 83w\" sizes=\"(max-width: 790px) 100vw, 790px\" \/>\t\t\t\t\t\t\t\t<\/a>\n\t\t\t\t\t\t\t\t\t\t\t\t\t\t\t<\/div>\n\t\t\t\t<div class=\"elementor-element elementor-element-70decf0 elementor-widget elementor-widget-text-editor\" data-id=\"70decf0\" data-element_type=\"widget\" data-e-type=\"widget\" data-widget_type=\"text-editor.default\">\n\t\t\t\t\t\t\t\t\t<p><strong>Arvioidut kulut:<\/strong> Arvioidut kulut kaudelle on ilmoitettu jokaisen joukkueen osalta. Muistattehan, ett\u00e4 maksuj\u00e4rjestelyt ovat mahdollisia, mik\u00e4li ne ovat tarpeen. Lis\u00e4ksi kaikki joukkueet tekev\u00e4t talkoita porrastetusti harrastusm\u00e4\u00e4r\u00e4\u00e4n verrattuna. Talkoista kerrotaan lis\u00e4\u00e4 kauden aikana. J\u00e4senmaksu (30\u20ac) maksetaan kerran vuodessa, ja se sis\u00e4lt\u00e4\u00e4 kyseisen kauden seurapaidan.<\/p><p><strong>Varainhankinnan merkitys: <\/strong>Varainhankinta on oleellinen osa seuratoimintaa ja n\u00e4in ollen kaikille pakollista. Varainhankinnan tuottojen avulla seura pystyy esimerkiksi pit\u00e4m\u00e4\u00e4n kausimaksut matalampina ja tarjoamaan hyv\u00e4t harjoitteluolosuhteet.\u00a0<\/p><p>Osallistumisen m\u00e4\u00e4r\u00e4 on verrannollinen treenim\u00e4\u00e4r\u00e4\u00e4n. Aiempina vuosina koko seuran talkoona on myyty mm. Kouvolan lakritsia, Kakkutukun sek\u00e4 Gutzin tuotteita. Kauden 2024-2025 aikana tullaan toteuttamaan talkoota sek\u00e4 syys- ett\u00e4 kev\u00e4tkaudella.Varainhankinnasta tiedotetaan lis\u00e4\u00e4 kauden alettua.<\/p>\t\t\t\t\t\t\t\t<\/div>\n\t\t\t\t\t<\/div>\n\t\t\t\t<\/div>\n\t\t<div class=\"elementor-element elementor-element-268584e e-flex e-con-boxed e-con e-parent\" data-id=\"268584e\" data-element_type=\"container\" data-e-type=\"container\">\n\t\t\t\t\t<div class=\"e-con-inner\">\n\t\t\t\t<div class=\"elementor-element elementor-element-8baeca5 elementor-widget elementor-widget-text-editor\" data-id=\"8baeca5\" data-element_type=\"widget\" data-e-type=\"widget\" data-widget_type=\"text-editor.default\">\n\t\t\t\t\t\t\t\t\t<p><strong>Urheilijan polku RCS:ss\u00e4: <\/strong>Seuramme haluaa kannustaa jokaista etenem\u00e4\u00e4n urheilijan polun mukaisesti ja oman nostopaikkansa huomioon ottaen. Lajille ominainen ja ihanteellinen siirtym\u00e4 seuraavaan ik\u00e4luokkaan on, ett\u00e4 nousijan kannattaa siirty\u00e4 korkeammalle heti i\u00e4n salliessa, pohjien ja takareiden taas on j\u00e4rkev\u00e4mp\u00e4\u00e4 siirty\u00e4 mahdollisimman my\u00f6h\u00e4\u00e4n, mutta se ei ole v\u00e4ltt\u00e4m\u00e4t\u00f6nt\u00e4.<\/p>\t\t\t\t\t\t\t\t<\/div>\n\t\t\t\t<div class=\"elementor-element elementor-element-2782359 elementor-widget elementor-widget-image\" data-id=\"2782359\" data-element_type=\"widget\" data-e-type=\"widget\" data-widget_type=\"image.default\">\n\t\t\t\t\t\t\t\t\t\t\t\t\t\t\t\t<a href=\"https:\/\/raumancheerleadingseura.fi\/wp-content\/uploads\/2025\/08\/Urheilijan-polku-2025-2026.png\">\n\t\t\t\t\t\t\t<img decoding=\"async\" width=\"790\" height=\"443\" src=\"https:\/\/raumancheerleadingseura.fi\/wp-content\/uploads\/2025\/08\/Urheilijan-polku-2025-2026-1024x574.png\" class=\"attachment-large size-large wp-image-882\" alt=\"\" srcset=\"https:\/\/raumancheerleadingseura.fi\/wp-content\/uploads\/2025\/08\/Urheilijan-polku-2025-2026-1024x574.png 1024w, https:\/\/raumancheerleadingseura.fi\/wp-content\/uploads\/2025\/08\/Urheilijan-polku-2025-2026-300x168.png 300w, https:\/\/raumancheerleadingseura.fi\/wp-content\/uploads\/2025\/08\/Urheilijan-polku-2025-2026-768x431.png 768w, https:\/\/raumancheerleadingseura.fi\/wp-content\/uploads\/2025\/08\/Urheilijan-polku-2025-2026-107x60.png 107w, https:\/\/raumancheerleadingseura.fi\/wp-content\/uploads\/2025\/08\/Urheilijan-polku-2025-2026.png 1098w\" sizes=\"(max-width: 790px) 100vw, 790px\" \/>\t\t\t\t\t\t\t\t<\/a>\n\t\t\t\t\t\t\t\t\t\t\t\t\t\t\t<\/div>\n\t\t\t\t\t<\/div>\n\t\t\t\t<\/div>\n\t\t\t\t<\/div>\n\t\t","protected":false},"excerpt":{"rendered":"<p>Harjoitukset: Kaudella 2025-2026 kaikki harjoitukset ja leirit pidet\u00e4\u00e4n seuran hallilla, Hakunintie 11. Klikkaamalla kuvaa, saat aikataulun isommaksi. Arvioidut kulut: Arvioidut kulut kaudelle on ilmoitettu jokaisen joukkueen osalta. Muistattehan, ett\u00e4 maksuj\u00e4rjestelyt ovat mahdollisia, mik\u00e4li ne ovat tarpeen. Lis\u00e4ksi kaikki joukkueet tekev\u00e4t talkoita porrastetusti harrastusm\u00e4\u00e4r\u00e4\u00e4n verrattuna. Talkoista kerrotaan lis\u00e4\u00e4 kauden aikana. J\u00e4senmaksu (30\u20ac) maksetaan kerran vuodessa, ja &hellip; <\/p>\n","protected":false},"author":1,"featured_media":0,"parent":0,"menu_order":0,"comment_status":"closed","ping_status":"closed","template":"","meta":{"_crdt_document":"","_price":"","_stock":"","_tribe_ticket_header":"","_tribe_default_ticket_provider":"","_tribe_ticket_capacity":"0","_ticket_start_date":"","_ticket_end_date":"","_tribe_ticket_show_description":"","_tribe_ticket_show_not_going":false,"_tribe_ticket_use_global_stock":"","_tribe_ticket_global_stock_level":"","_global_stock_mode":"","_global_stock_cap":"","_tribe_rsvp_for_event":"","_tribe_ticket_going_count":"","_tribe_ticket_not_going_count":"","_tribe_tickets_list":"[]","_tribe_ticket_has_attendee_info_fields":false,"_EventAllDay":false,"_EventTimezone":"","_EventStartDate":"","_EventEndDate":"","_EventStartDateUTC":"","_EventEndDateUTC":"","_EventShowMap":false,"_EventShowMapLink":false,"_EventURL":"","_EventCost":"","_EventCostDescription":"","_EventCurrencySymbol":"","_EventCurrencyCode":"","_EventCurrencyPosition":"","_EventDateTimeSeparator":"","_EventTimeRangeSeparator":"","_EventOrganizerID":[],"_EventVenueID":[],"_OrganizerEmail":"","_OrganizerPhone":"","_OrganizerWebsite":"","_VenueAddress":"","_VenueCity":"","_VenueCountry":"","_VenueProvince":"","_VenueState":"","_VenueZip":"","_VenuePhone":"","_VenueURL":"","_VenueStateProvince":"","_VenueLat":"","_VenueLng":"","_VenueShowMap":false,"_VenueShowMapLink":false,"footnotes":"","_tec_slr_enabled":"","_tec_slr_layout":""},"class_list":["post-8","page","type-page","status-publish","hentry","latest_post"],"yoast_head":"<!-- This site is optimized with the Yoast SEO plugin v27.4 - https:\/\/yoast.com\/product\/yoast-seo-wordpress\/ -->\n<title>Joukkueet - Rauman Cheerleadingseura ry | RCS<\/title>\n<meta name=\"robots\" content=\"index, follow, max-snippet:-1, max-image-preview:large, max-video-preview:-1\" \/>\n<link rel=\"canonical\" href=\"https:\/\/raumancheerleadingseura.fi\/index.php\/joukkueet\/\" \/>\n<meta property=\"og:locale\" content=\"fi_FI\" \/>\n<meta property=\"og:type\" content=\"article\" \/>\n<meta property=\"og:title\" content=\"Joukkueet - Rauman Cheerleadingseura ry | RCS\" \/>\n<meta property=\"og:description\" content=\"Harjoitukset: Kaudella 2025-2026 kaikki harjoitukset ja leirit pidet\u00e4\u00e4n seuran hallilla, Hakunintie 11. Klikkaamalla kuvaa, saat aikataulun isommaksi. Arvioidut kulut: Arvioidut kulut kaudelle on ilmoitettu jokaisen joukkueen osalta. Muistattehan, ett\u00e4 maksuj\u00e4rjestelyt ovat mahdollisia, mik\u00e4li ne ovat tarpeen. Lis\u00e4ksi kaikki joukkueet tekev\u00e4t talkoita porrastetusti harrastusm\u00e4\u00e4r\u00e4\u00e4n verrattuna. Talkoista kerrotaan lis\u00e4\u00e4 kauden aikana. J\u00e4senmaksu (30\u20ac) maksetaan kerran vuodessa, ja &hellip;\" \/>\n<meta property=\"og:url\" content=\"https:\/\/raumancheerleadingseura.fi\/index.php\/joukkueet\/\" \/>\n<meta property=\"og:site_name\" content=\"Rauman Cheerleadingseura ry | RCS\" \/>\n<meta property=\"article:publisher\" content=\"https:\/\/www.facebook.com\/raumancheerleadingseura\" \/>\n<meta property=\"article:modified_time\" content=\"2025-08-05T10:43:13+00:00\" \/>\n<meta property=\"og:image\" content=\"https:\/\/raumancheerleadingseura.fi\/wp-content\/uploads\/2025\/08\/Harjoitusaikataulu-2025-2026.png\" \/>\n\t<meta property=\"og:image:width\" content=\"977\" \/>\n\t<meta property=\"og:image:height\" content=\"705\" \/>\n\t<meta property=\"og:image:type\" content=\"image\/png\" \/>\n<meta name=\"twitter:card\" content=\"summary_large_image\" \/>\n<meta name=\"twitter:label1\" content=\"Arvioitu lukuaika\" \/>\n\t<meta name=\"twitter:data1\" content=\"2 minuuttia\" \/>\n<script type=\"application\/ld+json\" class=\"yoast-schema-graph\">{\"@context\":\"https:\\\/\\\/schema.org\",\"@graph\":[{\"@type\":\"WebPage\",\"@id\":\"https:\\\/\\\/raumancheerleadingseura.fi\\\/index.php\\\/joukkueet\\\/\",\"url\":\"https:\\\/\\\/raumancheerleadingseura.fi\\\/index.php\\\/joukkueet\\\/\",\"name\":\"Joukkueet - Rauman Cheerleadingseura ry | RCS\",\"isPartOf\":{\"@id\":\"https:\\\/\\\/raumancheerleadingseura.fi\\\/#website\"},\"primaryImageOfPage\":{\"@id\":\"https:\\\/\\\/raumancheerleadingseura.fi\\\/index.php\\\/joukkueet\\\/#primaryimage\"},\"image\":{\"@id\":\"https:\\\/\\\/raumancheerleadingseura.fi\\\/index.php\\\/joukkueet\\\/#primaryimage\"},\"thumbnailUrl\":\"https:\\\/\\\/raumancheerleadingseura.fi\\\/wp-content\\\/uploads\\\/2025\\\/08\\\/Harjoitusaikataulu-2025-2026.png\",\"datePublished\":\"2024-07-23T11:42:18+00:00\",\"dateModified\":\"2025-08-05T10:43:13+00:00\",\"breadcrumb\":{\"@id\":\"https:\\\/\\\/raumancheerleadingseura.fi\\\/index.php\\\/joukkueet\\\/#breadcrumb\"},\"inLanguage\":\"fi\",\"potentialAction\":[{\"@type\":\"ReadAction\",\"target\":[\"https:\\\/\\\/raumancheerleadingseura.fi\\\/index.php\\\/joukkueet\\\/\"]}]},{\"@type\":\"ImageObject\",\"inLanguage\":\"fi\",\"@id\":\"https:\\\/\\\/raumancheerleadingseura.fi\\\/index.php\\\/joukkueet\\\/#primaryimage\",\"url\":\"https:\\\/\\\/raumancheerleadingseura.fi\\\/wp-content\\\/uploads\\\/2025\\\/08\\\/Harjoitusaikataulu-2025-2026.png\",\"contentUrl\":\"https:\\\/\\\/raumancheerleadingseura.fi\\\/wp-content\\\/uploads\\\/2025\\\/08\\\/Harjoitusaikataulu-2025-2026.png\"},{\"@type\":\"BreadcrumbList\",\"@id\":\"https:\\\/\\\/raumancheerleadingseura.fi\\\/index.php\\\/joukkueet\\\/#breadcrumb\",\"itemListElement\":[{\"@type\":\"ListItem\",\"position\":1,\"name\":\"Etusivu\",\"item\":\"https:\\\/\\\/raumancheerleadingseura.fi\\\/\"},{\"@type\":\"ListItem\",\"position\":2,\"name\":\"Joukkueet\"}]},{\"@type\":\"WebSite\",\"@id\":\"https:\\\/\\\/raumancheerleadingseura.fi\\\/#website\",\"url\":\"https:\\\/\\\/raumancheerleadingseura.fi\\\/\",\"name\":\"Rauman Cheerleadingseura ry\",\"description\":\"Aloita cheerleading Raumalla\",\"publisher\":{\"@id\":\"https:\\\/\\\/raumancheerleadingseura.fi\\\/#organization\"},\"potentialAction\":[{\"@type\":\"SearchAction\",\"target\":{\"@type\":\"EntryPoint\",\"urlTemplate\":\"https:\\\/\\\/raumancheerleadingseura.fi\\\/?s={search_term_string}\"},\"query-input\":{\"@type\":\"PropertyValueSpecification\",\"valueRequired\":true,\"valueName\":\"search_term_string\"}}],\"inLanguage\":\"fi\"},{\"@type\":\"Organization\",\"@id\":\"https:\\\/\\\/raumancheerleadingseura.fi\\\/#organization\",\"name\":\"Rauman Cheerleadingseura ry\",\"url\":\"https:\\\/\\\/raumancheerleadingseura.fi\\\/\",\"logo\":{\"@type\":\"ImageObject\",\"inLanguage\":\"fi\",\"@id\":\"https:\\\/\\\/raumancheerleadingseura.fi\\\/#\\\/schema\\\/logo\\\/image\\\/\",\"url\":\"https:\\\/\\\/raumancheerleadingseura.fi\\\/wp-content\\\/uploads\\\/2024\\\/07\\\/RCS-logo-2.png\",\"contentUrl\":\"https:\\\/\\\/raumancheerleadingseura.fi\\\/wp-content\\\/uploads\\\/2024\\\/07\\\/RCS-logo-2.png\",\"width\":3443,\"height\":2019,\"caption\":\"Rauman Cheerleadingseura ry\"},\"image\":{\"@id\":\"https:\\\/\\\/raumancheerleadingseura.fi\\\/#\\\/schema\\\/logo\\\/image\\\/\"},\"sameAs\":[\"https:\\\/\\\/www.facebook.com\\\/raumancheerleadingseura\",\"https:\\\/\\\/www.instagram.com\\\/raumancheerleadingseura\\\/\"]}]}<\/script>\n<!-- \/ Yoast SEO plugin. -->","yoast_head_json":{"title":"Joukkueet - Rauman Cheerleadingseura ry | RCS","robots":{"index":"index","follow":"follow","max-snippet":"max-snippet:-1","max-image-preview":"max-image-preview:large","max-video-preview":"max-video-preview:-1"},"canonical":"https:\/\/raumancheerleadingseura.fi\/index.php\/joukkueet\/","og_locale":"fi_FI","og_type":"article","og_title":"Joukkueet - Rauman Cheerleadingseura ry | RCS","og_description":"Harjoitukset: Kaudella 2025-2026 kaikki harjoitukset ja leirit pidet\u00e4\u00e4n seuran hallilla, Hakunintie 11. Klikkaamalla kuvaa, saat aikataulun isommaksi. Arvioidut kulut: Arvioidut kulut kaudelle on ilmoitettu jokaisen joukkueen osalta. Muistattehan, ett\u00e4 maksuj\u00e4rjestelyt ovat mahdollisia, mik\u00e4li ne ovat tarpeen. Lis\u00e4ksi kaikki joukkueet tekev\u00e4t talkoita porrastetusti harrastusm\u00e4\u00e4r\u00e4\u00e4n verrattuna. Talkoista kerrotaan lis\u00e4\u00e4 kauden aikana. J\u00e4senmaksu (30\u20ac) maksetaan kerran vuodessa, ja &hellip;","og_url":"https:\/\/raumancheerleadingseura.fi\/index.php\/joukkueet\/","og_site_name":"Rauman Cheerleadingseura ry | RCS","article_publisher":"https:\/\/www.facebook.com\/raumancheerleadingseura","article_modified_time":"2025-08-05T10:43:13+00:00","og_image":[{"width":977,"height":705,"url":"https:\/\/raumancheerleadingseura.fi\/wp-content\/uploads\/2025\/08\/Harjoitusaikataulu-2025-2026.png","type":"image\/png"}],"twitter_card":"summary_large_image","twitter_misc":{"Arvioitu lukuaika":"2 minuuttia"},"schema":{"@context":"https:\/\/schema.org","@graph":[{"@type":"WebPage","@id":"https:\/\/raumancheerleadingseura.fi\/index.php\/joukkueet\/","url":"https:\/\/raumancheerleadingseura.fi\/index.php\/joukkueet\/","name":"Joukkueet - Rauman Cheerleadingseura ry | RCS","isPartOf":{"@id":"https:\/\/raumancheerleadingseura.fi\/#website"},"primaryImageOfPage":{"@id":"https:\/\/raumancheerleadingseura.fi\/index.php\/joukkueet\/#primaryimage"},"image":{"@id":"https:\/\/raumancheerleadingseura.fi\/index.php\/joukkueet\/#primaryimage"},"thumbnailUrl":"https:\/\/raumancheerleadingseura.fi\/wp-content\/uploads\/2025\/08\/Harjoitusaikataulu-2025-2026.png","datePublished":"2024-07-23T11:42:18+00:00","dateModified":"2025-08-05T10:43:13+00:00","breadcrumb":{"@id":"https:\/\/raumancheerleadingseura.fi\/index.php\/joukkueet\/#breadcrumb"},"inLanguage":"fi","potentialAction":[{"@type":"ReadAction","target":["https:\/\/raumancheerleadingseura.fi\/index.php\/joukkueet\/"]}]},{"@type":"ImageObject","inLanguage":"fi","@id":"https:\/\/raumancheerleadingseura.fi\/index.php\/joukkueet\/#primaryimage","url":"https:\/\/raumancheerleadingseura.fi\/wp-content\/uploads\/2025\/08\/Harjoitusaikataulu-2025-2026.png","contentUrl":"https:\/\/raumancheerleadingseura.fi\/wp-content\/uploads\/2025\/08\/Harjoitusaikataulu-2025-2026.png"},{"@type":"BreadcrumbList","@id":"https:\/\/raumancheerleadingseura.fi\/index.php\/joukkueet\/#breadcrumb","itemListElement":[{"@type":"ListItem","position":1,"name":"Etusivu","item":"https:\/\/raumancheerleadingseura.fi\/"},{"@type":"ListItem","position":2,"name":"Joukkueet"}]},{"@type":"WebSite","@id":"https:\/\/raumancheerleadingseura.fi\/#website","url":"https:\/\/raumancheerleadingseura.fi\/","name":"Rauman Cheerleadingseura ry","description":"Aloita cheerleading Raumalla","publisher":{"@id":"https:\/\/raumancheerleadingseura.fi\/#organization"},"potentialAction":[{"@type":"SearchAction","target":{"@type":"EntryPoint","urlTemplate":"https:\/\/raumancheerleadingseura.fi\/?s={search_term_string}"},"query-input":{"@type":"PropertyValueSpecification","valueRequired":true,"valueName":"search_term_string"}}],"inLanguage":"fi"},{"@type":"Organization","@id":"https:\/\/raumancheerleadingseura.fi\/#organization","name":"Rauman Cheerleadingseura ry","url":"https:\/\/raumancheerleadingseura.fi\/","logo":{"@type":"ImageObject","inLanguage":"fi","@id":"https:\/\/raumancheerleadingseura.fi\/#\/schema\/logo\/image\/","url":"https:\/\/raumancheerleadingseura.fi\/wp-content\/uploads\/2024\/07\/RCS-logo-2.png","contentUrl":"https:\/\/raumancheerleadingseura.fi\/wp-content\/uploads\/2024\/07\/RCS-logo-2.png","width":3443,"height":2019,"caption":"Rauman Cheerleadingseura ry"},"image":{"@id":"https:\/\/raumancheerleadingseura.fi\/#\/schema\/logo\/image\/"},"sameAs":["https:\/\/www.facebook.com\/raumancheerleadingseura","https:\/\/www.instagram.com\/raumancheerleadingseura\/"]}]}},"ticketed":false,"_links":{"self":[{"href":"https:\/\/raumancheerleadingseura.fi\/index.php\/wp-json\/wp\/v2\/pages\/8","targetHints":{"allow":["GET"]}}],"collection":[{"href":"https:\/\/raumancheerleadingseura.fi\/index.php\/wp-json\/wp\/v2\/pages"}],"about":[{"href":"https:\/\/raumancheerleadingseura.fi\/index.php\/wp-json\/wp\/v2\/types\/page"}],"author":[{"embeddable":true,"href":"https:\/\/raumancheerleadingseura.fi\/index.php\/wp-json\/wp\/v2\/users\/1"}],"replies":[{"embeddable":true,"href":"https:\/\/raumancheerleadingseura.fi\/index.php\/wp-json\/wp\/v2\/comments?post=8"}],"version-history":[{"count":20,"href":"https:\/\/raumancheerleadingseura.fi\/index.php\/wp-json\/wp\/v2\/pages\/8\/revisions"}],"predecessor-version":[{"id":885,"href":"https:\/\/raumancheerleadingseura.fi\/index.php\/wp-json\/wp\/v2\/pages\/8\/revisions\/885"}],"wp:attachment":[{"href":"https:\/\/raumancheerleadingseura.fi\/index.php\/wp-json\/wp\/v2\/media?parent=8"}],"curies":[{"name":"wp","href":"https:\/\/api.w.org\/{rel}","templated":true}]}}