{"id":82,"date":"2024-07-23T11:48:38","date_gmt":"2024-07-23T11:48:38","guid":{"rendered":"https:\/\/raumancheerleadingseura.fi\/?page_id=82"},"modified":"2025-12-03T18:12:06","modified_gmt":"2025-12-03T18:12:06","slug":"joukkueet-sirens","status":"publish","type":"page","link":"https:\/\/raumancheerleadingseura.fi\/index.php\/joukkueet-sirens\/","title":{"rendered":"SIRENS &#8211; aikuisten edustusjoukkue"},"content":{"rendered":"\t\t<div data-elementor-type=\"wp-page\" data-elementor-id=\"82\" class=\"elementor elementor-82\">\n\t\t\t\t<div class=\"elementor-element elementor-element-e57d2a7 e-flex e-con-boxed e-con e-parent\" data-id=\"e57d2a7\" data-element_type=\"container\" data-e-type=\"container\">\n\t\t\t\t\t<div class=\"e-con-inner\">\n\t\t\t\t<div class=\"elementor-element elementor-element-cc37a47 elementor-widget elementor-widget-text-editor\" data-id=\"cc37a47\" data-element_type=\"widget\" data-e-type=\"widget\" data-widget_type=\"text-editor.default\">\n\t\t\t\t\t\t\t\t\t<h3>Kohti korkeampaa leveli\u00e4<\/h3><p>Sirens yhdisti kaudella 2024-25 voimansa Sein\u00e4joki Silver Sharksin aikuisten joukkueen kanssa, ja toi Mythic-projektina kotiin ensimm\u00e4isist\u00e4 kisoista pronssia ja p\u00e4\u00e4kisoista sarjansa mestaruuden. Tulevalla kaudella joukkue l\u00e4htee tavoittelemaan menestyst\u00e4 j\u00e4lleen Sirensina, ja n\u00e4hd\u00e4\u00e4n ensimm\u00e4ist\u00e4 kertaa mukana my\u00f6s PM-kisoissa.<\/p>\t\t\t\t\t\t\t\t<\/div>\n\t\t\t\t\t<\/div>\n\t\t\t\t<\/div>\n\t\t<div class=\"elementor-element elementor-element-02d600c e-flex e-con-boxed e-con e-parent\" data-id=\"02d600c\" data-element_type=\"container\" data-e-type=\"container\">\n\t\t\t\t\t<div class=\"e-con-inner\">\n\t\t<div class=\"elementor-element elementor-element-c4ed1f5 e-con-full e-flex e-con e-child\" data-id=\"c4ed1f5\" data-element_type=\"container\" data-e-type=\"container\">\n\t\t\t\t<div class=\"elementor-element elementor-element-b21b74d elementor-widget elementor-widget-text-editor\" data-id=\"b21b74d\" data-element_type=\"widget\" data-e-type=\"widget\" data-widget_type=\"text-editor.default\">\n\t\t\t\t\t\t\t\t\t<p><span style=\"font-weight: bolder;\">Kilpailulevel:<\/span>\u00a04<br \/><span style=\"font-weight: bolder;\">P\u00e4\u00e4valmentaja:\u00a0Oskari Alenius<\/span><br \/><span style=\"font-weight: bolder;\">Valmentajat:<\/span>\u00a0 Henni Katajisto-Nieminen, Henna-Riikka Niemel\u00e4<br \/><br \/><strong>Joukkueenjohta<\/strong><span style=\"font-weight: bolder;\">ja: <strong>Sanna Mickelsson<\/strong><\/span><\/p><p><span style=\"font-weight: bolder;\">Treeniajat:<\/span><br \/>Maanantai 18:45-21:15<br \/>Torstai 18:45-21:15<\/p><p><span style=\"font-weight: bolder;\">Ik\u00e4raja kaudella 2025-26:<\/span> 2009 ja aiemmin syntyneet<br \/><span style=\"color: var( --e-global-color-text ); font-family: var( --e-global-typography-text-font-family ), Sans-serif; font-weight: var( --e-global-typography-text-font-weight ); text-align: var(--text-align);\">Joukkueeseen ilmoittautuminen on p\u00e4\u00e4ttynyt.<\/span><\/p><p><strong style=\"color: var( --e-global-color-text ); font-family: var( --e-global-typography-text-font-family ), Sans-serif; text-align: var(--text-align);\">T\u00c4RKE\u00c4T P\u00c4IV\u00c4M\u00c4\u00c4R\u00c4T<\/strong><br \/><strong>Aloitus: <\/strong>7.8.2025<br \/><strong>Vanhempaininfo: <\/strong>1.9.2025 klo 18:30<\/p><p><strong>Kilpailut:<\/strong><br \/>Start L\u00e4nsi 13.12.2025 Tampere<br \/>Nordic Championship 30.1-1.2.2026 Turku<br \/>Spirit 4-5 11.4.2026 Vantaa<br \/>Super 4-5 9.-10.5.2026 Tampere<br \/>Mahdolliset muut kilpailut varmistuvat my\u00f6hemmin<\/p><p><strong>Leirit:<\/strong><br \/>Kuortane 11-12.10.2025<br \/>Rauma 21.-23.11.2025<br \/>Kuortane 3.-4.1.2026<br \/>Rauma 13.-15.2.2026<br \/>Muut leirit ilmoitetaan my\u00f6hemmin.<\/p><p>Joukkue tulee tekem\u00e4\u00e4n lis\u00e4ksi omaa varainkeruuta kulujen pit\u00e4miseksi<br \/>mahdollisimman matalina.<\/p>\t\t\t\t\t\t\t\t<\/div>\n\t\t\t\t<\/div>\n\t\t<div class=\"elementor-element elementor-element-4bd5d51 e-con-full e-flex e-con e-child\" data-id=\"4bd5d51\" data-element_type=\"container\" data-e-type=\"container\">\n\t\t\t\t<div class=\"elementor-element elementor-element-ac8209d gallery-spacing-custom elementor-widget elementor-widget-image-gallery\" data-id=\"ac8209d\" data-element_type=\"widget\" data-e-type=\"widget\" data-widget_type=\"image-gallery.default\">\n\t\t\t\t\t\t\t<div class=\"elementor-image-gallery\">\n\t\t\t<div id='gallery-1' class='gallery galleryid-82 gallery-columns-2 gallery-size-thumbnail'><figure class='gallery-item'>\n\t\t\t<div class='gallery-icon portrait'>\n\t\t\t\t<a data-elementor-open-lightbox=\"yes\" data-elementor-lightbox-slideshow=\"ac8209d\" data-elementor-lightbox-title=\"Oskari Alenius B\" data-e-action-hash=\"#elementor-action%3Aaction%3Dlightbox%26settings%3DeyJpZCI6MTU2NiwidXJsIjoiaHR0cHM6XC9cL3JhdW1hbmNoZWVybGVhZGluZ3NldXJhLmZpXC93cC1jb250ZW50XC91cGxvYWRzXC8yMDI1XC8xMlwvT3NrYXJpLUFsZW5pdXMtQi5qcGciLCJzbGlkZXNob3ciOiJhYzgyMDlkIn0%3D\" href='https:\/\/raumancheerleadingseura.fi\/wp-content\/uploads\/2025\/12\/Oskari-Alenius-B.jpg'><img decoding=\"async\" width=\"150\" height=\"150\" src=\"https:\/\/raumancheerleadingseura.fi\/wp-content\/uploads\/2025\/12\/Oskari-Alenius-B-150x150.jpg\" class=\"attachment-thumbnail size-thumbnail\" alt=\"\" aria-describedby=\"gallery-1-1566\" \/><\/a>\n\t\t\t<\/div>\n\t\t\t\t<figcaption class='wp-caption-text gallery-caption' id='gallery-1-1566'>\n\t\t\t\tOskari Alenius\n\t\t\t\t<\/figcaption><\/figure><figure class='gallery-item'>\n\t\t\t<div class='gallery-icon portrait'>\n\t\t\t\t<a data-elementor-open-lightbox=\"yes\" data-elementor-lightbox-slideshow=\"ac8209d\" data-elementor-lightbox-title=\"Henni Katajisto-Nieminen\" data-e-action-hash=\"#elementor-action%3Aaction%3Dlightbox%26settings%3DeyJpZCI6MTU2NywidXJsIjoiaHR0cHM6XC9cL3JhdW1hbmNoZWVybGVhZGluZ3NldXJhLmZpXC93cC1jb250ZW50XC91cGxvYWRzXC8yMDI1XC8xMlwvSGVubmktS2F0YWppc3RvLU5pZW1pbmVuLmpwZyIsInNsaWRlc2hvdyI6ImFjODIwOWQifQ%3D%3D\" href='https:\/\/raumancheerleadingseura.fi\/wp-content\/uploads\/2025\/12\/Henni-Katajisto-Nieminen.jpg'><img decoding=\"async\" width=\"150\" height=\"150\" src=\"https:\/\/raumancheerleadingseura.fi\/wp-content\/uploads\/2025\/12\/Henni-Katajisto-Nieminen-150x150.jpg\" class=\"attachment-thumbnail size-thumbnail\" alt=\"\" aria-describedby=\"gallery-1-1567\" \/><\/a>\n\t\t\t<\/div>\n\t\t\t\t<figcaption class='wp-caption-text gallery-caption' id='gallery-1-1567'>\n\t\t\t\tHenni Katajisto-Nieminen\n\t\t\t\t<\/figcaption><\/figure><figure class='gallery-item'>\n\t\t\t<div class='gallery-icon portrait'>\n\t\t\t\t<a data-elementor-open-lightbox=\"yes\" data-elementor-lightbox-slideshow=\"ac8209d\" data-elementor-lightbox-title=\"Henna-Riikka Niemel\u00e4\" data-e-action-hash=\"#elementor-action%3Aaction%3Dlightbox%26settings%3DeyJpZCI6MTU2OCwidXJsIjoiaHR0cHM6XC9cL3JhdW1hbmNoZWVybGVhZGluZ3NldXJhLmZpXC93cC1jb250ZW50XC91cGxvYWRzXC8yMDI1XC8xMlwvSGVubmEtUmlpa2thLU5pZW1lbGEuanBnIiwic2xpZGVzaG93IjoiYWM4MjA5ZCJ9\" href='https:\/\/raumancheerleadingseura.fi\/wp-content\/uploads\/2025\/12\/Henna-Riikka-Niemela.jpg'><img decoding=\"async\" width=\"150\" height=\"150\" src=\"https:\/\/raumancheerleadingseura.fi\/wp-content\/uploads\/2025\/12\/Henna-Riikka-Niemela-150x150.jpg\" class=\"attachment-thumbnail size-thumbnail\" alt=\"\" aria-describedby=\"gallery-1-1568\" \/><\/a>\n\t\t\t<\/div>\n\t\t\t\t<figcaption class='wp-caption-text gallery-caption' id='gallery-1-1568'>\n\t\t\t\tHenna-Riikka Niemel\u00e4\n\t\t\t\t<\/figcaption><\/figure><figure class='gallery-item'>\n\t\t\t<div class='gallery-icon portrait'>\n\t\t\t\t<a data-elementor-open-lightbox=\"yes\" data-elementor-lightbox-slideshow=\"ac8209d\" data-elementor-lightbox-title=\"Sanna Mickelsson\" data-e-action-hash=\"#elementor-action%3Aaction%3Dlightbox%26settings%3DeyJpZCI6MTU3OCwidXJsIjoiaHR0cHM6XC9cL3JhdW1hbmNoZWVybGVhZGluZ3NldXJhLmZpXC93cC1jb250ZW50XC91cGxvYWRzXC8yMDI1XC8xMlwvU2FubmEtTWlja2Vsc3Nvbi5qcGciLCJzbGlkZXNob3ciOiJhYzgyMDlkIn0%3D\" href='https:\/\/raumancheerleadingseura.fi\/wp-content\/uploads\/2025\/12\/Sanna-Mickelsson.jpg'><img loading=\"lazy\" decoding=\"async\" width=\"150\" height=\"150\" src=\"https:\/\/raumancheerleadingseura.fi\/wp-content\/uploads\/2025\/12\/Sanna-Mickelsson-150x150.jpg\" class=\"attachment-thumbnail size-thumbnail\" alt=\"\" aria-describedby=\"gallery-1-1578\" \/><\/a>\n\t\t\t<\/div>\n\t\t\t\t<figcaption class='wp-caption-text gallery-caption' id='gallery-1-1578'>\n\t\t\t\tSanna Mickelsson\n\t\t\t\t<\/figcaption><\/figure>\n\t\t<\/div>\n\t\t<\/div>\n\t\t\t\t\t\t<\/div>\n\t\t\t\t<div class=\"elementor-element elementor-element-7f7dfb2 elementor-widget elementor-widget-text-editor\" data-id=\"7f7dfb2\" data-element_type=\"widget\" data-e-type=\"widget\" data-widget_type=\"text-editor.default\">\n\t\t\t\t\t\t\t\t\t<h3>Saavutukset<\/h3><p><strong>2025<\/strong><br \/>1. sija RCS + Silver Sharks yhteisty\u00f6 Super 4-5<br \/>3. sija RCS + Silver Sharks yhteisty\u00f6 Spirit<\/p><p><strong>2024<\/strong><br \/>4. sija Super 4-5<br \/>5. sija Spirit 4-5<\/p><p><strong>2023<\/strong><br \/>3. sija Super 3<br \/>1. sija Super 2<\/p>\t\t\t\t\t\t\t\t<\/div>\n\t\t\t\t<\/div>\n\t\t\t\t\t<\/div>\n\t\t\t\t<\/div>\n\t\t<div class=\"elementor-element elementor-element-81ebc0b e-flex e-con-boxed e-con e-parent\" data-id=\"81ebc0b\" data-element_type=\"container\" data-e-type=\"container\">\n\t\t\t\t\t<div class=\"e-con-inner\">\n\t\t<div class=\"elementor-element elementor-element-9978b62 e-con-full e-flex e-con e-child\" data-id=\"9978b62\" data-element_type=\"container\" data-e-type=\"container\">\n\t\t\t\t<div class=\"elementor-element elementor-element-da87476 elementor-widget elementor-widget-image\" data-id=\"da87476\" data-element_type=\"widget\" data-e-type=\"widget\" data-widget_type=\"image.default\">\n\t\t\t\t\t\t\t\t\t\t\t\t\t\t\t<img loading=\"lazy\" decoding=\"async\" width=\"790\" height=\"527\" src=\"https:\/\/raumancheerleadingseura.fi\/wp-content\/uploads\/2025\/12\/Sirens-1024x683.jpg\" class=\"attachment-large size-large wp-image-1570\" alt=\"\" srcset=\"https:\/\/raumancheerleadingseura.fi\/wp-content\/uploads\/2025\/12\/Sirens-1024x683.jpg 1024w, https:\/\/raumancheerleadingseura.fi\/wp-content\/uploads\/2025\/12\/Sirens-300x200.jpg 300w, https:\/\/raumancheerleadingseura.fi\/wp-content\/uploads\/2025\/12\/Sirens-768x512.jpg 768w, https:\/\/raumancheerleadingseura.fi\/wp-content\/uploads\/2025\/12\/Sirens-1536x1025.jpg 1536w, https:\/\/raumancheerleadingseura.fi\/wp-content\/uploads\/2025\/12\/Sirens-90x60.jpg 90w, https:\/\/raumancheerleadingseura.fi\/wp-content\/uploads\/2025\/12\/Sirens-374x249.jpg 374w, https:\/\/raumancheerleadingseura.fi\/wp-content\/uploads\/2025\/12\/Sirens.jpg 2048w\" sizes=\"(max-width: 790px) 100vw, 790px\" \/>\t\t\t\t\t\t\t\t\t\t\t\t\t\t\t<\/div>\n\t\t\t\t<\/div>\n\t\t<div class=\"elementor-element elementor-element-85d0673 e-con-full e-flex e-con e-child\" data-id=\"85d0673\" data-element_type=\"container\" data-e-type=\"container\">\n\t\t\t\t<div class=\"elementor-element elementor-element-a0e97e6 elementor-widget elementor-widget-text-editor\" data-id=\"a0e97e6\" data-element_type=\"widget\" data-e-type=\"widget\" data-widget_type=\"text-editor.default\">\n\t\t\t\t\t\t\t\t\t<h3>Arvio joukkueen kuluista kaudella 2025-2026<\/h3><p>Kausimaksu 2 x 220\u20ac<br \/>Seuran j\u00e4senmaksu 30\u20ac<br \/>Kilpailulisenssi\/vakuutus (ik\u00e4\u00e4n sidonnainen)<br \/>Leirit:<br \/>\u25cf 2 x 60\u20ac Kayleigh \u2013 leiri<br \/>\u25cf 2 x 150\u20ac opistoleiri Kuortaneella<br \/>Kilpailut 3-4 x 100-200\u20ac (riippuen matkan pituudesta)<br \/>Joukkuevarusteet n. 60\u20ac<\/p>\t\t\t\t\t\t\t\t<\/div>\n\t\t\t\t<\/div>\n\t\t\t\t\t<\/div>\n\t\t\t\t<\/div>\n\t\t\t\t<\/div>\n\t\t","protected":false},"excerpt":{"rendered":"<p>Kohti korkeampaa leveli\u00e4 Sirens yhdisti kaudella 2024-25 voimansa Sein\u00e4joki Silver Sharksin aikuisten joukkueen kanssa, ja toi Mythic-projektina kotiin ensimm\u00e4isist\u00e4 kisoista pronssia ja p\u00e4\u00e4kisoista sarjansa mestaruuden. Tulevalla kaudella joukkue l\u00e4htee tavoittelemaan menestyst\u00e4 j\u00e4lleen Sirensina, ja n\u00e4hd\u00e4\u00e4n ensimm\u00e4ist\u00e4 kertaa mukana my\u00f6s PM-kisoissa. Kilpailulevel:\u00a04P\u00e4\u00e4valmentaja:\u00a0Oskari AleniusValmentajat:\u00a0 Henni Katajisto-Nieminen, Henna-Riikka Niemel\u00e4 Joukkueenjohtaja: Sanna Mickelsson Treeniajat:Maanantai 18:45-21:15Torstai 18:45-21:15 Ik\u00e4raja kaudella 2025-26: &hellip; <\/p>\n","protected":false},"author":1,"featured_media":0,"parent":0,"menu_order":0,"comment_status":"closed","ping_status":"closed","template":"","meta":{"_crdt_document":"","_price":"","_stock":"","_tribe_ticket_header":"","_tribe_default_ticket_provider":"","_tribe_ticket_capacity":"0","_ticket_start_date":"","_ticket_end_date":"","_tribe_ticket_show_description":"","_tribe_ticket_show_not_going":false,"_tribe_ticket_use_global_stock":"","_tribe_ticket_global_stock_level":"","_global_stock_mode":"","_global_stock_cap":"","_tribe_rsvp_for_event":"","_tribe_ticket_going_count":"","_tribe_ticket_not_going_count":"","_tribe_tickets_list":"[]","_tribe_ticket_has_attendee_info_fields":false,"_EventAllDay":false,"_EventTimezone":"","_EventStartDate":"","_EventEndDate":"","_EventStartDateUTC":"","_EventEndDateUTC":"","_EventShowMap":false,"_EventShowMapLink":false,"_EventURL":"","_EventCost":"","_EventCostDescription":"","_EventCurrencySymbol":"","_EventCurrencyCode":"","_EventCurrencyPosition":"","_EventDateTimeSeparator":"","_EventTimeRangeSeparator":"","_EventOrganizerID":[],"_EventVenueID":[],"_OrganizerEmail":"","_OrganizerPhone":"","_OrganizerWebsite":"","_VenueAddress":"","_VenueCity":"","_VenueCountry":"","_VenueProvince":"","_VenueState":"","_VenueZip":"","_VenuePhone":"","_VenueURL":"","_VenueStateProvince":"","_VenueLat":"","_VenueLng":"","_VenueShowMap":false,"_VenueShowMapLink":false,"footnotes":"","_tec_slr_enabled":"","_tec_slr_layout":""},"class_list":["post-82","page","type-page","status-publish","hentry","latest_post"],"yoast_head":"<!-- This site is optimized with the Yoast SEO plugin v27.4 - https:\/\/yoast.com\/product\/yoast-seo-wordpress\/ -->\n<title>SIRENS - aikuisten edustusjoukkue - Rauman Cheerleadingseura ry | RCS<\/title>\n<meta name=\"robots\" content=\"index, follow, max-snippet:-1, max-image-preview:large, max-video-preview:-1\" \/>\n<link rel=\"canonical\" href=\"https:\/\/raumancheerleadingseura.fi\/index.php\/joukkueet-sirens\/\" \/>\n<meta property=\"og:locale\" content=\"fi_FI\" \/>\n<meta property=\"og:type\" content=\"article\" \/>\n<meta property=\"og:title\" content=\"SIRENS - aikuisten edustusjoukkue - Rauman Cheerleadingseura ry | RCS\" \/>\n<meta property=\"og:description\" content=\"Kohti korkeampaa leveli\u00e4 Sirens yhdisti kaudella 2024-25 voimansa Sein\u00e4joki Silver Sharksin aikuisten joukkueen kanssa, ja toi Mythic-projektina kotiin ensimm\u00e4isist\u00e4 kisoista pronssia ja p\u00e4\u00e4kisoista sarjansa mestaruuden. Tulevalla kaudella joukkue l\u00e4htee tavoittelemaan menestyst\u00e4 j\u00e4lleen Sirensina, ja n\u00e4hd\u00e4\u00e4n ensimm\u00e4ist\u00e4 kertaa mukana my\u00f6s PM-kisoissa. Kilpailulevel:\u00a04P\u00e4\u00e4valmentaja:\u00a0Oskari AleniusValmentajat:\u00a0 Henni Katajisto-Nieminen, Henna-Riikka Niemel\u00e4 Joukkueenjohtaja: Sanna Mickelsson Treeniajat:Maanantai 18:45-21:15Torstai 18:45-21:15 Ik\u00e4raja kaudella 2025-26: &hellip;\" \/>\n<meta property=\"og:url\" content=\"https:\/\/raumancheerleadingseura.fi\/index.php\/joukkueet-sirens\/\" \/>\n<meta property=\"og:site_name\" content=\"Rauman Cheerleadingseura ry | RCS\" \/>\n<meta property=\"article:publisher\" content=\"https:\/\/www.facebook.com\/raumancheerleadingseura\" \/>\n<meta property=\"article:modified_time\" content=\"2025-12-03T18:12:06+00:00\" \/>\n<meta property=\"og:image\" content=\"https:\/\/raumancheerleadingseura.fi\/wp-content\/uploads\/2025\/12\/Oskari-Alenius-B-150x150.jpg\" \/>\n<meta name=\"twitter:card\" content=\"summary_large_image\" \/>\n<meta name=\"twitter:label1\" content=\"Arvioitu lukuaika\" \/>\n\t<meta name=\"twitter:data1\" content=\"2 minuuttia\" \/>\n<script type=\"application\/ld+json\" class=\"yoast-schema-graph\">{\"@context\":\"https:\\\/\\\/schema.org\",\"@graph\":[{\"@type\":\"WebPage\",\"@id\":\"https:\\\/\\\/raumancheerleadingseura.fi\\\/index.php\\\/joukkueet-sirens\\\/\",\"url\":\"https:\\\/\\\/raumancheerleadingseura.fi\\\/index.php\\\/joukkueet-sirens\\\/\",\"name\":\"SIRENS - aikuisten edustusjoukkue - Rauman Cheerleadingseura ry | RCS\",\"isPartOf\":{\"@id\":\"https:\\\/\\\/raumancheerleadingseura.fi\\\/#website\"},\"primaryImageOfPage\":{\"@id\":\"https:\\\/\\\/raumancheerleadingseura.fi\\\/index.php\\\/joukkueet-sirens\\\/#primaryimage\"},\"image\":{\"@id\":\"https:\\\/\\\/raumancheerleadingseura.fi\\\/index.php\\\/joukkueet-sirens\\\/#primaryimage\"},\"thumbnailUrl\":\"https:\\\/\\\/raumancheerleadingseura.fi\\\/wp-content\\\/uploads\\\/2025\\\/12\\\/Oskari-Alenius-B-150x150.jpg\",\"datePublished\":\"2024-07-23T11:48:38+00:00\",\"dateModified\":\"2025-12-03T18:12:06+00:00\",\"breadcrumb\":{\"@id\":\"https:\\\/\\\/raumancheerleadingseura.fi\\\/index.php\\\/joukkueet-sirens\\\/#breadcrumb\"},\"inLanguage\":\"fi\",\"potentialAction\":[{\"@type\":\"ReadAction\",\"target\":[\"https:\\\/\\\/raumancheerleadingseura.fi\\\/index.php\\\/joukkueet-sirens\\\/\"]}]},{\"@type\":\"ImageObject\",\"inLanguage\":\"fi\",\"@id\":\"https:\\\/\\\/raumancheerleadingseura.fi\\\/index.php\\\/joukkueet-sirens\\\/#primaryimage\",\"url\":\"https:\\\/\\\/raumancheerleadingseura.fi\\\/wp-content\\\/uploads\\\/2025\\\/12\\\/Oskari-Alenius-B.jpg\",\"contentUrl\":\"https:\\\/\\\/raumancheerleadingseura.fi\\\/wp-content\\\/uploads\\\/2025\\\/12\\\/Oskari-Alenius-B.jpg\",\"width\":1365,\"height\":2048,\"caption\":\"Oskari Alenius\"},{\"@type\":\"BreadcrumbList\",\"@id\":\"https:\\\/\\\/raumancheerleadingseura.fi\\\/index.php\\\/joukkueet-sirens\\\/#breadcrumb\",\"itemListElement\":[{\"@type\":\"ListItem\",\"position\":1,\"name\":\"Etusivu\",\"item\":\"https:\\\/\\\/raumancheerleadingseura.fi\\\/\"},{\"@type\":\"ListItem\",\"position\":2,\"name\":\"SIRENS &#8211; aikuisten edustusjoukkue\"}]},{\"@type\":\"WebSite\",\"@id\":\"https:\\\/\\\/raumancheerleadingseura.fi\\\/#website\",\"url\":\"https:\\\/\\\/raumancheerleadingseura.fi\\\/\",\"name\":\"Rauman Cheerleadingseura ry\",\"description\":\"Aloita cheerleading Raumalla\",\"publisher\":{\"@id\":\"https:\\\/\\\/raumancheerleadingseura.fi\\\/#organization\"},\"potentialAction\":[{\"@type\":\"SearchAction\",\"target\":{\"@type\":\"EntryPoint\",\"urlTemplate\":\"https:\\\/\\\/raumancheerleadingseura.fi\\\/?s={search_term_string}\"},\"query-input\":{\"@type\":\"PropertyValueSpecification\",\"valueRequired\":true,\"valueName\":\"search_term_string\"}}],\"inLanguage\":\"fi\"},{\"@type\":\"Organization\",\"@id\":\"https:\\\/\\\/raumancheerleadingseura.fi\\\/#organization\",\"name\":\"Rauman Cheerleadingseura ry\",\"url\":\"https:\\\/\\\/raumancheerleadingseura.fi\\\/\",\"logo\":{\"@type\":\"ImageObject\",\"inLanguage\":\"fi\",\"@id\":\"https:\\\/\\\/raumancheerleadingseura.fi\\\/#\\\/schema\\\/logo\\\/image\\\/\",\"url\":\"https:\\\/\\\/raumancheerleadingseura.fi\\\/wp-content\\\/uploads\\\/2024\\\/07\\\/RCS-logo-2.png\",\"contentUrl\":\"https:\\\/\\\/raumancheerleadingseura.fi\\\/wp-content\\\/uploads\\\/2024\\\/07\\\/RCS-logo-2.png\",\"width\":3443,\"height\":2019,\"caption\":\"Rauman Cheerleadingseura ry\"},\"image\":{\"@id\":\"https:\\\/\\\/raumancheerleadingseura.fi\\\/#\\\/schema\\\/logo\\\/image\\\/\"},\"sameAs\":[\"https:\\\/\\\/www.facebook.com\\\/raumancheerleadingseura\",\"https:\\\/\\\/www.instagram.com\\\/raumancheerleadingseura\\\/\"]}]}<\/script>\n<!-- \/ Yoast SEO plugin. -->","yoast_head_json":{"title":"SIRENS - aikuisten edustusjoukkue - Rauman Cheerleadingseura ry | RCS","robots":{"index":"index","follow":"follow","max-snippet":"max-snippet:-1","max-image-preview":"max-image-preview:large","max-video-preview":"max-video-preview:-1"},"canonical":"https:\/\/raumancheerleadingseura.fi\/index.php\/joukkueet-sirens\/","og_locale":"fi_FI","og_type":"article","og_title":"SIRENS - aikuisten edustusjoukkue - Rauman Cheerleadingseura ry | RCS","og_description":"Kohti korkeampaa leveli\u00e4 Sirens yhdisti kaudella 2024-25 voimansa Sein\u00e4joki Silver Sharksin aikuisten joukkueen kanssa, ja toi Mythic-projektina kotiin ensimm\u00e4isist\u00e4 kisoista pronssia ja p\u00e4\u00e4kisoista sarjansa mestaruuden. Tulevalla kaudella joukkue l\u00e4htee tavoittelemaan menestyst\u00e4 j\u00e4lleen Sirensina, ja n\u00e4hd\u00e4\u00e4n ensimm\u00e4ist\u00e4 kertaa mukana my\u00f6s PM-kisoissa. Kilpailulevel:\u00a04P\u00e4\u00e4valmentaja:\u00a0Oskari AleniusValmentajat:\u00a0 Henni Katajisto-Nieminen, Henna-Riikka Niemel\u00e4 Joukkueenjohtaja: Sanna Mickelsson Treeniajat:Maanantai 18:45-21:15Torstai 18:45-21:15 Ik\u00e4raja kaudella 2025-26: &hellip;","og_url":"https:\/\/raumancheerleadingseura.fi\/index.php\/joukkueet-sirens\/","og_site_name":"Rauman Cheerleadingseura ry | RCS","article_publisher":"https:\/\/www.facebook.com\/raumancheerleadingseura","article_modified_time":"2025-12-03T18:12:06+00:00","og_image":[{"url":"https:\/\/raumancheerleadingseura.fi\/wp-content\/uploads\/2025\/12\/Oskari-Alenius-B-150x150.jpg","type":"","width":"","height":""}],"twitter_card":"summary_large_image","twitter_misc":{"Arvioitu lukuaika":"2 minuuttia"},"schema":{"@context":"https:\/\/schema.org","@graph":[{"@type":"WebPage","@id":"https:\/\/raumancheerleadingseura.fi\/index.php\/joukkueet-sirens\/","url":"https:\/\/raumancheerleadingseura.fi\/index.php\/joukkueet-sirens\/","name":"SIRENS - aikuisten edustusjoukkue - Rauman Cheerleadingseura ry | RCS","isPartOf":{"@id":"https:\/\/raumancheerleadingseura.fi\/#website"},"primaryImageOfPage":{"@id":"https:\/\/raumancheerleadingseura.fi\/index.php\/joukkueet-sirens\/#primaryimage"},"image":{"@id":"https:\/\/raumancheerleadingseura.fi\/index.php\/joukkueet-sirens\/#primaryimage"},"thumbnailUrl":"https:\/\/raumancheerleadingseura.fi\/wp-content\/uploads\/2025\/12\/Oskari-Alenius-B-150x150.jpg","datePublished":"2024-07-23T11:48:38+00:00","dateModified":"2025-12-03T18:12:06+00:00","breadcrumb":{"@id":"https:\/\/raumancheerleadingseura.fi\/index.php\/joukkueet-sirens\/#breadcrumb"},"inLanguage":"fi","potentialAction":[{"@type":"ReadAction","target":["https:\/\/raumancheerleadingseura.fi\/index.php\/joukkueet-sirens\/"]}]},{"@type":"ImageObject","inLanguage":"fi","@id":"https:\/\/raumancheerleadingseura.fi\/index.php\/joukkueet-sirens\/#primaryimage","url":"https:\/\/raumancheerleadingseura.fi\/wp-content\/uploads\/2025\/12\/Oskari-Alenius-B.jpg","contentUrl":"https:\/\/raumancheerleadingseura.fi\/wp-content\/uploads\/2025\/12\/Oskari-Alenius-B.jpg","width":1365,"height":2048,"caption":"Oskari Alenius"},{"@type":"BreadcrumbList","@id":"https:\/\/raumancheerleadingseura.fi\/index.php\/joukkueet-sirens\/#breadcrumb","itemListElement":[{"@type":"ListItem","position":1,"name":"Etusivu","item":"https:\/\/raumancheerleadingseura.fi\/"},{"@type":"ListItem","position":2,"name":"SIRENS &#8211; aikuisten edustusjoukkue"}]},{"@type":"WebSite","@id":"https:\/\/raumancheerleadingseura.fi\/#website","url":"https:\/\/raumancheerleadingseura.fi\/","name":"Rauman Cheerleadingseura ry","description":"Aloita cheerleading Raumalla","publisher":{"@id":"https:\/\/raumancheerleadingseura.fi\/#organization"},"potentialAction":[{"@type":"SearchAction","target":{"@type":"EntryPoint","urlTemplate":"https:\/\/raumancheerleadingseura.fi\/?s={search_term_string}"},"query-input":{"@type":"PropertyValueSpecification","valueRequired":true,"valueName":"search_term_string"}}],"inLanguage":"fi"},{"@type":"Organization","@id":"https:\/\/raumancheerleadingseura.fi\/#organization","name":"Rauman Cheerleadingseura ry","url":"https:\/\/raumancheerleadingseura.fi\/","logo":{"@type":"ImageObject","inLanguage":"fi","@id":"https:\/\/raumancheerleadingseura.fi\/#\/schema\/logo\/image\/","url":"https:\/\/raumancheerleadingseura.fi\/wp-content\/uploads\/2024\/07\/RCS-logo-2.png","contentUrl":"https:\/\/raumancheerleadingseura.fi\/wp-content\/uploads\/2024\/07\/RCS-logo-2.png","width":3443,"height":2019,"caption":"Rauman Cheerleadingseura ry"},"image":{"@id":"https:\/\/raumancheerleadingseura.fi\/#\/schema\/logo\/image\/"},"sameAs":["https:\/\/www.facebook.com\/raumancheerleadingseura","https:\/\/www.instagram.com\/raumancheerleadingseura\/"]}]}},"ticketed":false,"_links":{"self":[{"href":"https:\/\/raumancheerleadingseura.fi\/index.php\/wp-json\/wp\/v2\/pages\/82","targetHints":{"allow":["GET"]}}],"collection":[{"href":"https:\/\/raumancheerleadingseura.fi\/index.php\/wp-json\/wp\/v2\/pages"}],"about":[{"href":"https:\/\/raumancheerleadingseura.fi\/index.php\/wp-json\/wp\/v2\/types\/page"}],"author":[{"embeddable":true,"href":"https:\/\/raumancheerleadingseura.fi\/index.php\/wp-json\/wp\/v2\/users\/1"}],"replies":[{"embeddable":true,"href":"https:\/\/raumancheerleadingseura.fi\/index.php\/wp-json\/wp\/v2\/comments?post=82"}],"version-history":[{"count":164,"href":"https:\/\/raumancheerleadingseura.fi\/index.php\/wp-json\/wp\/v2\/pages\/82\/revisions"}],"predecessor-version":[{"id":1581,"href":"https:\/\/raumancheerleadingseura.fi\/index.php\/wp-json\/wp\/v2\/pages\/82\/revisions\/1581"}],"wp:attachment":[{"href":"https:\/\/raumancheerleadingseura.fi\/index.php\/wp-json\/wp\/v2\/media?parent=82"}],"curies":[{"name":"wp","href":"https:\/\/api.w.org\/{rel}","templated":true}]}}