{"id":86,"date":"2024-07-23T11:49:18","date_gmt":"2024-07-23T11:49:18","guid":{"rendered":"https:\/\/raumancheerleadingseura.fi\/?page_id=86"},"modified":"2025-12-03T18:16:03","modified_gmt":"2025-12-03T18:16:03","slug":"little-mermaids","status":"publish","type":"page","link":"https:\/\/raumancheerleadingseura.fi\/index.php\/little-mermaids\/","title":{"rendered":"LITTLE MERMAIDS &#8211; youth edustusjoukkue"},"content":{"rendered":"\t\t<div data-elementor-type=\"wp-page\" data-elementor-id=\"86\" class=\"elementor elementor-86\">\n\t\t\t\t<div class=\"elementor-element elementor-element-2e3587a e-flex e-con-boxed e-con e-parent\" data-id=\"2e3587a\" data-element_type=\"container\" data-e-type=\"container\">\n\t\t\t\t\t<div class=\"e-con-inner\">\n\t\t\t\t<div class=\"elementor-element elementor-element-290f53e elementor-widget elementor-widget-text-editor\" data-id=\"290f53e\" data-element_type=\"widget\" data-e-type=\"widget\" data-widget_type=\"text-editor.default\">\n\t\t\t\t\t\t\t\t\t<h3>Uusia tuulia<\/h3><p>Little Mermaids menestyi kaudella 2024-25 upeasti. Joukkue ylsi ensimm\u00e4isiss\u00e4 kilpailuissa HIT-suoritukseen ja voitti oman sarjansa, sek\u00e4 muissa kisoissa suurissa sarjoissa ylsi pronssille, saavuttaen n\u00e4in mitalikauden. Seuraavalla kaudella joukkue nousee levelille 3, tavoitellen kisoista HIT-suoritusta ja levelin mukaisia kilpailuohjelmia. Joukkue kilpailee 3-4 kertaa, lopullinen m\u00e4\u00e4r\u00e4 varmistuu my\u00f6hemmin, kauden alettua.<\/p>\t\t\t\t\t\t\t\t<\/div>\n\t\t\t\t\t<\/div>\n\t\t\t\t<\/div>\n\t\t<div class=\"elementor-element elementor-element-4a49c64 e-flex e-con-boxed e-con e-parent\" data-id=\"4a49c64\" data-element_type=\"container\" data-e-type=\"container\">\n\t\t\t\t\t<div class=\"e-con-inner\">\n\t\t<div class=\"elementor-element elementor-element-78277b7 e-con-full e-flex e-con e-child\" data-id=\"78277b7\" data-element_type=\"container\" data-e-type=\"container\">\n\t\t\t\t<div class=\"elementor-element elementor-element-db4fd5b elementor-widget elementor-widget-text-editor\" data-id=\"db4fd5b\" data-element_type=\"widget\" data-e-type=\"widget\" data-widget_type=\"text-editor.default\">\n\t\t\t\t\t\t\t\t\t<p><strong>Kilpailulevel:<\/strong> 3<br \/><strong>P\u00e4\u00e4valmentaja: Iina Tiala<\/strong><br \/><strong>Valmentaja:<\/strong> Sofia Alapeteri, Pinja Luoma<\/p><p><strong>Joukkueenjohtajat: <\/strong>Sari Lehtonen, Niina J\u00e4p\u00f6l\u00e4<\/p><p><strong>Treeniajat:<\/strong><br \/>Maanantai 16:30-18:00<br \/>Keskiviikko 17:45-19:45<br \/>Lauantai 12:00-14:00<\/p><p><strong>Ik\u00e4raja kaudella 2025-26:<\/strong> 2011-2014 syntyneet<br \/>Joukkueeseen ilmoittautuminen on p\u00e4\u00e4ttynyt.<\/p><p><strong>T\u00c4RKE\u00c4T P\u00c4IV\u00c4M\u00c4\u00c4R\u00c4T<\/strong><\/p><p><strong>Aloitus:<\/strong> 11.8.2025<\/p><p><strong>Vanhempaininfo:\u00a0<\/strong> 13.8.2025 klo: 17.45<\/p><p><strong>Kilpailut:<\/strong><br \/>(Start L\u00e4nsi &#8211; 13.12.2025, Tampere)<br \/>Start L\u00e4nsi &#8211; 7.2.2026, Nokia<br \/>Spirit 3 &#8211; 21.3.2026, Oulu<br \/>Super 3 &#8211; 16.-17.5.2026, Lahti<\/p><p><strong>Leirit:<\/strong><br \/>Spine &#8211; 12.-14.9.2025<br \/>Kayleigh &#8211; 21.-23.11.2025<br \/>Kayleigh &#8211; 13.-15.2.2026<br \/>Spine &#8211; 27.-29.3.2026<\/p>\t\t\t\t\t\t\t\t<\/div>\n\t\t\t\t<\/div>\n\t\t<div class=\"elementor-element elementor-element-d936e5d e-con-full e-flex e-con e-child\" data-id=\"d936e5d\" data-element_type=\"container\" data-e-type=\"container\">\n\t\t<div class=\"elementor-element elementor-element-404f41d e-con-full e-flex e-con e-child\" data-id=\"404f41d\" data-element_type=\"container\" data-e-type=\"container\">\n\t\t\t\t<div class=\"elementor-element elementor-element-a5ed1d0 elementor-widget elementor-widget-image-gallery\" data-id=\"a5ed1d0\" data-element_type=\"widget\" data-e-type=\"widget\" data-widget_type=\"image-gallery.default\">\n\t\t\t\t\t\t\t<div class=\"elementor-image-gallery\">\n\t\t\t<div id='gallery-1' class='gallery galleryid-86 gallery-columns-2 gallery-size-thumbnail'><figure class='gallery-item'>\n\t\t\t<div class='gallery-icon portrait'>\n\t\t\t\t<a data-elementor-open-lightbox=\"yes\" data-elementor-lightbox-slideshow=\"a5ed1d0\" data-elementor-lightbox-title=\"Iina Tiala\" data-e-action-hash=\"#elementor-action%3Aaction%3Dlightbox%26settings%3DeyJpZCI6MTU0MiwidXJsIjoiaHR0cHM6XC9cL3JhdW1hbmNoZWVybGVhZGluZ3NldXJhLmZpXC93cC1jb250ZW50XC91cGxvYWRzXC8yMDI1XC8xMlwvSWluYS1UaWFsYS5qcGciLCJzbGlkZXNob3ciOiJhNWVkMWQwIn0%3D\" href='https:\/\/raumancheerleadingseura.fi\/wp-content\/uploads\/2025\/12\/Iina-Tiala.jpg'><img decoding=\"async\" width=\"150\" height=\"150\" src=\"https:\/\/raumancheerleadingseura.fi\/wp-content\/uploads\/2025\/12\/Iina-Tiala-150x150.jpg\" class=\"attachment-thumbnail size-thumbnail\" alt=\"\" aria-describedby=\"gallery-1-1542\" \/><\/a>\n\t\t\t<\/div>\n\t\t\t\t<figcaption class='wp-caption-text gallery-caption' id='gallery-1-1542'>\n\t\t\t\tIina Tiala\n\t\t\t\t<\/figcaption><\/figure><figure class='gallery-item'>\n\t\t\t<div class='gallery-icon landscape'>\n\t\t\t\t<a data-elementor-open-lightbox=\"yes\" data-elementor-lightbox-slideshow=\"a5ed1d0\" data-elementor-lightbox-title=\"Ei-kuvaa-1-150x150\" data-e-action-hash=\"#elementor-action%3Aaction%3Dlightbox%26settings%3DeyJpZCI6OTk2LCJ1cmwiOiJodHRwczpcL1wvcmF1bWFuY2hlZXJsZWFkaW5nc2V1cmEuZmlcL3dwLWNvbnRlbnRcL3VwbG9hZHNcLzIwMjVcLzA4XC9FaS1rdXZhYS0xLTE1MHgxNTAtMi5qcGciLCJzbGlkZXNob3ciOiJhNWVkMWQwIn0%3D\" href='https:\/\/raumancheerleadingseura.fi\/wp-content\/uploads\/2025\/08\/Ei-kuvaa-1-150x150-2.jpg'><img decoding=\"async\" width=\"150\" height=\"150\" src=\"https:\/\/raumancheerleadingseura.fi\/wp-content\/uploads\/2025\/08\/Ei-kuvaa-1-150x150-2.jpg\" class=\"attachment-thumbnail size-thumbnail\" alt=\"\" aria-describedby=\"gallery-1-996\" srcset=\"https:\/\/raumancheerleadingseura.fi\/wp-content\/uploads\/2025\/08\/Ei-kuvaa-1-150x150-2.jpg 150w, https:\/\/raumancheerleadingseura.fi\/wp-content\/uploads\/2025\/08\/Ei-kuvaa-1-150x150-2-60x60.jpg 60w\" sizes=\"(max-width: 150px) 100vw, 150px\" \/><\/a>\n\t\t\t<\/div>\n\t\t\t\t<figcaption class='wp-caption-text gallery-caption' id='gallery-1-996'>\n\t\t\t\tSofia Alapeteri\n\t\t\t\t<\/figcaption><\/figure><figure class='gallery-item'>\n\t\t\t<div class='gallery-icon portrait'>\n\t\t\t\t<a data-elementor-open-lightbox=\"yes\" data-elementor-lightbox-slideshow=\"a5ed1d0\" data-elementor-lightbox-title=\"RCS-Portrait-0008\" data-e-action-hash=\"#elementor-action%3Aaction%3Dlightbox%26settings%3DeyJpZCI6MTQ5OCwidXJsIjoiaHR0cHM6XC9cL3JhdW1hbmNoZWVybGVhZGluZ3NldXJhLmZpXC93cC1jb250ZW50XC91cGxvYWRzXC8yMDI1XC8xMlwvUkNTLVBvcnRyYWl0LTAwMDguanBnIiwic2xpZGVzaG93IjoiYTVlZDFkMCJ9\" href='https:\/\/raumancheerleadingseura.fi\/wp-content\/uploads\/2025\/12\/RCS-Portrait-0008.jpg'><img decoding=\"async\" width=\"150\" height=\"150\" src=\"https:\/\/raumancheerleadingseura.fi\/wp-content\/uploads\/2025\/12\/RCS-Portrait-0008-150x150.jpg\" class=\"attachment-thumbnail size-thumbnail\" alt=\"\" aria-describedby=\"gallery-1-1498\" \/><\/a>\n\t\t\t<\/div>\n\t\t\t\t<figcaption class='wp-caption-text gallery-caption' id='gallery-1-1498'>\n\t\t\t\tPinja Luoma\n\t\t\t\t<\/figcaption><\/figure><figure class='gallery-item'>\n\t\t\t<div class='gallery-icon portrait'>\n\t\t\t\t<a data-elementor-open-lightbox=\"yes\" data-elementor-lightbox-slideshow=\"a5ed1d0\" data-elementor-lightbox-title=\"RCS-Portrait-0005\" data-e-action-hash=\"#elementor-action%3Aaction%3Dlightbox%26settings%3DeyJpZCI6MTQ5NiwidXJsIjoiaHR0cHM6XC9cL3JhdW1hbmNoZWVybGVhZGluZ3NldXJhLmZpXC93cC1jb250ZW50XC91cGxvYWRzXC8yMDI1XC8xMlwvUkNTLVBvcnRyYWl0LTAwMDUuanBnIiwic2xpZGVzaG93IjoiYTVlZDFkMCJ9\" href='https:\/\/raumancheerleadingseura.fi\/wp-content\/uploads\/2025\/12\/RCS-Portrait-0005.jpg'><img loading=\"lazy\" decoding=\"async\" width=\"150\" height=\"150\" src=\"https:\/\/raumancheerleadingseura.fi\/wp-content\/uploads\/2025\/12\/RCS-Portrait-0005-150x150.jpg\" class=\"attachment-thumbnail size-thumbnail\" alt=\"\" aria-describedby=\"gallery-1-1496\" \/><\/a>\n\t\t\t<\/div>\n\t\t\t\t<figcaption class='wp-caption-text gallery-caption' id='gallery-1-1496'>\n\t\t\t\tSari Lehtonen\n\t\t\t\t<\/figcaption><\/figure><figure class='gallery-item'>\n\t\t\t<div class='gallery-icon landscape'>\n\t\t\t\t<a data-elementor-open-lightbox=\"yes\" data-elementor-lightbox-slideshow=\"a5ed1d0\" data-elementor-lightbox-title=\"ei-kuvaa.jpg\" data-e-action-hash=\"#elementor-action%3Aaction%3Dlightbox%26settings%3DeyJpZCI6MTU5NSwidXJsIjoiaHR0cHM6XC9cL3JhdW1hbmNoZWVybGVhZGluZ3NldXJhLmZpXC93cC1jb250ZW50XC91cGxvYWRzXC8yMDI1XC8xMlwvZWkta3V2YWEuanBnLndlYnAiLCJzbGlkZXNob3ciOiJhNWVkMWQwIn0%3D\" href='https:\/\/raumancheerleadingseura.fi\/wp-content\/uploads\/2025\/12\/ei-kuvaa.jpg.webp'><img loading=\"lazy\" decoding=\"async\" width=\"133\" height=\"100\" src=\"https:\/\/raumancheerleadingseura.fi\/wp-content\/uploads\/2025\/12\/ei-kuvaa.jpg.webp\" class=\"attachment-thumbnail size-thumbnail\" alt=\"\" aria-describedby=\"gallery-1-1595\" srcset=\"https:\/\/raumancheerleadingseura.fi\/wp-content\/uploads\/2025\/12\/ei-kuvaa.jpg.webp 133w, https:\/\/raumancheerleadingseura.fi\/wp-content\/uploads\/2025\/12\/ei-kuvaa.jpg-80x60.webp 80w\" sizes=\"(max-width: 133px) 100vw, 133px\" \/><\/a>\n\t\t\t<\/div>\n\t\t\t\t<figcaption class='wp-caption-text gallery-caption' id='gallery-1-1595'>\n\t\t\t\tNiina J\u00e4p\u00f6l\u00e4\n\t\t\t\t<\/figcaption><\/figure>\n\t\t<\/div>\n\t\t<\/div>\n\t\t\t\t\t\t<\/div>\n\t\t\t\t<div class=\"elementor-element elementor-element-81205ff elementor-widget elementor-widget-text-editor\" data-id=\"81205ff\" data-element_type=\"widget\" data-e-type=\"widget\" data-widget_type=\"text-editor.default\">\n\t\t\t\t\t\t\t\t\t<h3><strong>Saavutukset<\/strong><\/h3><p><strong>2025<\/strong><br \/>3. sija Super 2<br \/>3. sija Spirit 2<br \/>1. sija Start L\u00e4nsi<\/p><p><strong>2024<\/strong><br \/>2. sija SALC<br \/>7. sija Super 2<br \/>2. sija Start L\u00e4nsi<\/p><p><strong>2023<\/strong><br \/>9. sija Spirit 2<br \/>4. sija Start L\u00e4nsi<\/p><p><strong>2022<\/strong><br \/>10. sija Spirit 2<br \/>4. sija Super 2<br \/>2. sija Start L\u00e4nsi<\/p>\t\t\t\t\t\t\t\t<\/div>\n\t\t\t\t<\/div>\n\t\t\t\t<\/div>\n\t\t\t\t\t<\/div>\n\t\t\t\t<\/div>\n\t\t<div class=\"elementor-element elementor-element-5c0815c e-flex e-con-boxed e-con e-parent\" data-id=\"5c0815c\" data-element_type=\"container\" data-e-type=\"container\">\n\t\t\t\t\t<div class=\"e-con-inner\">\n\t\t<div class=\"elementor-element elementor-element-d696cd9 e-con-full e-flex e-con e-child\" data-id=\"d696cd9\" data-element_type=\"container\" data-e-type=\"container\">\n\t\t\t\t<div class=\"elementor-element elementor-element-bc6fdbc elementor-widget elementor-widget-image\" data-id=\"bc6fdbc\" data-element_type=\"widget\" data-e-type=\"widget\" data-widget_type=\"image.default\">\n\t\t\t\t\t\t\t\t\t\t\t\t\t\t\t<img loading=\"lazy\" decoding=\"async\" width=\"790\" height=\"527\" src=\"https:\/\/raumancheerleadingseura.fi\/wp-content\/uploads\/2025\/12\/Little-Mermaids-1024x683.jpg\" class=\"attachment-large size-large wp-image-1543\" alt=\"\" srcset=\"https:\/\/raumancheerleadingseura.fi\/wp-content\/uploads\/2025\/12\/Little-Mermaids-1024x683.jpg 1024w, https:\/\/raumancheerleadingseura.fi\/wp-content\/uploads\/2025\/12\/Little-Mermaids-300x200.jpg 300w, https:\/\/raumancheerleadingseura.fi\/wp-content\/uploads\/2025\/12\/Little-Mermaids-768x512.jpg 768w, https:\/\/raumancheerleadingseura.fi\/wp-content\/uploads\/2025\/12\/Little-Mermaids-1536x1025.jpg 1536w, https:\/\/raumancheerleadingseura.fi\/wp-content\/uploads\/2025\/12\/Little-Mermaids-90x60.jpg 90w, https:\/\/raumancheerleadingseura.fi\/wp-content\/uploads\/2025\/12\/Little-Mermaids-374x249.jpg 374w, https:\/\/raumancheerleadingseura.fi\/wp-content\/uploads\/2025\/12\/Little-Mermaids.jpg 2048w\" sizes=\"(max-width: 790px) 100vw, 790px\" \/>\t\t\t\t\t\t\t\t\t\t\t\t\t\t\t<\/div>\n\t\t\t\t<\/div>\n\t\t<div class=\"elementor-element elementor-element-94c9243 e-con-full e-flex e-con e-child\" data-id=\"94c9243\" data-element_type=\"container\" data-e-type=\"container\">\n\t\t\t\t<div class=\"elementor-element elementor-element-afaac31 elementor-widget elementor-widget-text-editor\" data-id=\"afaac31\" data-element_type=\"widget\" data-e-type=\"widget\" data-widget_type=\"text-editor.default\">\n\t\t\t\t\t\t\t\t\t<h3><strong>Arvio joukkueen kuluista kaudella 2025-2026<\/strong><\/h3><p>Kausimaksu 2 x 220\u20ac<br \/>Seuran j\u00e4senmaksu 30\u20ac<br \/>Kilpailulisenssi\/vakuutus (ik\u00e4\u00e4n sidonnainen)<br \/>Leirit 3 x 65\u20ac<br \/>\u25cf 2 x 60\u20ac Kayleigh \u2013 leiri<br \/>\u25cf 2 x 150\u20ac Spine &#8211; leiri<br \/>Kilpailut 3-4 x 100-200\u20ac (riippuen matkan pituudesta)<br \/>Joukkuevarusteet n. 60\u20ac<\/p>\t\t\t\t\t\t\t\t<\/div>\n\t\t\t\t<\/div>\n\t\t\t\t\t<\/div>\n\t\t\t\t<\/div>\n\t\t\t\t<\/div>\n\t\t","protected":false},"excerpt":{"rendered":"<p>Uusia tuulia Little Mermaids menestyi kaudella 2024-25 upeasti. Joukkue ylsi ensimm\u00e4isiss\u00e4 kilpailuissa HIT-suoritukseen ja voitti oman sarjansa, sek\u00e4 muissa kisoissa suurissa sarjoissa ylsi pronssille, saavuttaen n\u00e4in mitalikauden. Seuraavalla kaudella joukkue nousee levelille 3, tavoitellen kisoista HIT-suoritusta ja levelin mukaisia kilpailuohjelmia. Joukkue kilpailee 3-4 kertaa, lopullinen m\u00e4\u00e4r\u00e4 varmistuu my\u00f6hemmin, kauden alettua. Kilpailulevel: 3P\u00e4\u00e4valmentaja: Iina TialaValmentaja: Sofia &hellip; <\/p>\n","protected":false},"author":1,"featured_media":0,"parent":0,"menu_order":0,"comment_status":"closed","ping_status":"closed","template":"","meta":{"_crdt_document":"","_price":"","_stock":"","_tribe_ticket_header":"","_tribe_default_ticket_provider":"","_tribe_ticket_capacity":"0","_ticket_start_date":"","_ticket_end_date":"","_tribe_ticket_show_description":"","_tribe_ticket_show_not_going":false,"_tribe_ticket_use_global_stock":"","_tribe_ticket_global_stock_level":"","_global_stock_mode":"","_global_stock_cap":"","_tribe_rsvp_for_event":"","_tribe_ticket_going_count":"","_tribe_ticket_not_going_count":"","_tribe_tickets_list":"[]","_tribe_ticket_has_attendee_info_fields":false,"_EventAllDay":false,"_EventTimezone":"","_EventStartDate":"","_EventEndDate":"","_EventStartDateUTC":"","_EventEndDateUTC":"","_EventShowMap":false,"_EventShowMapLink":false,"_EventURL":"","_EventCost":"","_EventCostDescription":"","_EventCurrencySymbol":"","_EventCurrencyCode":"","_EventCurrencyPosition":"","_EventDateTimeSeparator":"","_EventTimeRangeSeparator":"","_EventOrganizerID":[],"_EventVenueID":[],"_OrganizerEmail":"","_OrganizerPhone":"","_OrganizerWebsite":"","_VenueAddress":"","_VenueCity":"","_VenueCountry":"","_VenueProvince":"","_VenueState":"","_VenueZip":"","_VenuePhone":"","_VenueURL":"","_VenueStateProvince":"","_VenueLat":"","_VenueLng":"","_VenueShowMap":false,"_VenueShowMapLink":false,"footnotes":"","_tec_slr_enabled":"","_tec_slr_layout":""},"class_list":["post-86","page","type-page","status-publish","hentry","latest_post"],"yoast_head":"<!-- This site is optimized with the Yoast SEO plugin v27.4 - https:\/\/yoast.com\/product\/yoast-seo-wordpress\/ -->\n<title>LITTLE MERMAIDS - youth edustusjoukkue - Rauman Cheerleadingseura ry | RCS<\/title>\n<meta name=\"robots\" content=\"index, follow, max-snippet:-1, max-image-preview:large, max-video-preview:-1\" \/>\n<link rel=\"canonical\" href=\"https:\/\/raumancheerleadingseura.fi\/index.php\/little-mermaids\/\" \/>\n<meta property=\"og:locale\" content=\"fi_FI\" \/>\n<meta property=\"og:type\" content=\"article\" \/>\n<meta property=\"og:title\" content=\"LITTLE MERMAIDS - youth edustusjoukkue - Rauman Cheerleadingseura ry | RCS\" \/>\n<meta property=\"og:description\" content=\"Uusia tuulia Little Mermaids menestyi kaudella 2024-25 upeasti. Joukkue ylsi ensimm\u00e4isiss\u00e4 kilpailuissa HIT-suoritukseen ja voitti oman sarjansa, sek\u00e4 muissa kisoissa suurissa sarjoissa ylsi pronssille, saavuttaen n\u00e4in mitalikauden. Seuraavalla kaudella joukkue nousee levelille 3, tavoitellen kisoista HIT-suoritusta ja levelin mukaisia kilpailuohjelmia. Joukkue kilpailee 3-4 kertaa, lopullinen m\u00e4\u00e4r\u00e4 varmistuu my\u00f6hemmin, kauden alettua. Kilpailulevel: 3P\u00e4\u00e4valmentaja: Iina TialaValmentaja: Sofia &hellip;\" \/>\n<meta property=\"og:url\" content=\"https:\/\/raumancheerleadingseura.fi\/index.php\/little-mermaids\/\" \/>\n<meta property=\"og:site_name\" content=\"Rauman Cheerleadingseura ry | RCS\" \/>\n<meta property=\"article:publisher\" content=\"https:\/\/www.facebook.com\/raumancheerleadingseura\" \/>\n<meta property=\"article:modified_time\" content=\"2025-12-03T18:16:03+00:00\" \/>\n<meta property=\"og:image\" content=\"https:\/\/raumancheerleadingseura.fi\/wp-content\/uploads\/2025\/12\/Iina-Tiala-150x150.jpg\" \/>\n<meta name=\"twitter:card\" content=\"summary_large_image\" \/>\n<meta name=\"twitter:label1\" content=\"Arvioitu lukuaika\" \/>\n\t<meta name=\"twitter:data1\" content=\"3 minuuttia\" \/>\n<script type=\"application\/ld+json\" class=\"yoast-schema-graph\">{\"@context\":\"https:\\\/\\\/schema.org\",\"@graph\":[{\"@type\":\"WebPage\",\"@id\":\"https:\\\/\\\/raumancheerleadingseura.fi\\\/index.php\\\/little-mermaids\\\/\",\"url\":\"https:\\\/\\\/raumancheerleadingseura.fi\\\/index.php\\\/little-mermaids\\\/\",\"name\":\"LITTLE MERMAIDS - youth edustusjoukkue - Rauman Cheerleadingseura ry | RCS\",\"isPartOf\":{\"@id\":\"https:\\\/\\\/raumancheerleadingseura.fi\\\/#website\"},\"primaryImageOfPage\":{\"@id\":\"https:\\\/\\\/raumancheerleadingseura.fi\\\/index.php\\\/little-mermaids\\\/#primaryimage\"},\"image\":{\"@id\":\"https:\\\/\\\/raumancheerleadingseura.fi\\\/index.php\\\/little-mermaids\\\/#primaryimage\"},\"thumbnailUrl\":\"https:\\\/\\\/raumancheerleadingseura.fi\\\/wp-content\\\/uploads\\\/2025\\\/12\\\/Iina-Tiala-150x150.jpg\",\"datePublished\":\"2024-07-23T11:49:18+00:00\",\"dateModified\":\"2025-12-03T18:16:03+00:00\",\"breadcrumb\":{\"@id\":\"https:\\\/\\\/raumancheerleadingseura.fi\\\/index.php\\\/little-mermaids\\\/#breadcrumb\"},\"inLanguage\":\"fi\",\"potentialAction\":[{\"@type\":\"ReadAction\",\"target\":[\"https:\\\/\\\/raumancheerleadingseura.fi\\\/index.php\\\/little-mermaids\\\/\"]}]},{\"@type\":\"ImageObject\",\"inLanguage\":\"fi\",\"@id\":\"https:\\\/\\\/raumancheerleadingseura.fi\\\/index.php\\\/little-mermaids\\\/#primaryimage\",\"url\":\"https:\\\/\\\/raumancheerleadingseura.fi\\\/wp-content\\\/uploads\\\/2025\\\/12\\\/Iina-Tiala.jpg\",\"contentUrl\":\"https:\\\/\\\/raumancheerleadingseura.fi\\\/wp-content\\\/uploads\\\/2025\\\/12\\\/Iina-Tiala.jpg\",\"width\":1365,\"height\":2048,\"caption\":\"Iina Tiala\"},{\"@type\":\"BreadcrumbList\",\"@id\":\"https:\\\/\\\/raumancheerleadingseura.fi\\\/index.php\\\/little-mermaids\\\/#breadcrumb\",\"itemListElement\":[{\"@type\":\"ListItem\",\"position\":1,\"name\":\"Etusivu\",\"item\":\"https:\\\/\\\/raumancheerleadingseura.fi\\\/\"},{\"@type\":\"ListItem\",\"position\":2,\"name\":\"LITTLE MERMAIDS &#8211; youth edustusjoukkue\"}]},{\"@type\":\"WebSite\",\"@id\":\"https:\\\/\\\/raumancheerleadingseura.fi\\\/#website\",\"url\":\"https:\\\/\\\/raumancheerleadingseura.fi\\\/\",\"name\":\"Rauman Cheerleadingseura ry\",\"description\":\"Aloita cheerleading Raumalla\",\"publisher\":{\"@id\":\"https:\\\/\\\/raumancheerleadingseura.fi\\\/#organization\"},\"potentialAction\":[{\"@type\":\"SearchAction\",\"target\":{\"@type\":\"EntryPoint\",\"urlTemplate\":\"https:\\\/\\\/raumancheerleadingseura.fi\\\/?s={search_term_string}\"},\"query-input\":{\"@type\":\"PropertyValueSpecification\",\"valueRequired\":true,\"valueName\":\"search_term_string\"}}],\"inLanguage\":\"fi\"},{\"@type\":\"Organization\",\"@id\":\"https:\\\/\\\/raumancheerleadingseura.fi\\\/#organization\",\"name\":\"Rauman Cheerleadingseura ry\",\"url\":\"https:\\\/\\\/raumancheerleadingseura.fi\\\/\",\"logo\":{\"@type\":\"ImageObject\",\"inLanguage\":\"fi\",\"@id\":\"https:\\\/\\\/raumancheerleadingseura.fi\\\/#\\\/schema\\\/logo\\\/image\\\/\",\"url\":\"https:\\\/\\\/raumancheerleadingseura.fi\\\/wp-content\\\/uploads\\\/2024\\\/07\\\/RCS-logo-2.png\",\"contentUrl\":\"https:\\\/\\\/raumancheerleadingseura.fi\\\/wp-content\\\/uploads\\\/2024\\\/07\\\/RCS-logo-2.png\",\"width\":3443,\"height\":2019,\"caption\":\"Rauman Cheerleadingseura ry\"},\"image\":{\"@id\":\"https:\\\/\\\/raumancheerleadingseura.fi\\\/#\\\/schema\\\/logo\\\/image\\\/\"},\"sameAs\":[\"https:\\\/\\\/www.facebook.com\\\/raumancheerleadingseura\",\"https:\\\/\\\/www.instagram.com\\\/raumancheerleadingseura\\\/\"]}]}<\/script>\n<!-- \/ Yoast SEO plugin. -->","yoast_head_json":{"title":"LITTLE MERMAIDS - youth edustusjoukkue - Rauman Cheerleadingseura ry | RCS","robots":{"index":"index","follow":"follow","max-snippet":"max-snippet:-1","max-image-preview":"max-image-preview:large","max-video-preview":"max-video-preview:-1"},"canonical":"https:\/\/raumancheerleadingseura.fi\/index.php\/little-mermaids\/","og_locale":"fi_FI","og_type":"article","og_title":"LITTLE MERMAIDS - youth edustusjoukkue - Rauman Cheerleadingseura ry | RCS","og_description":"Uusia tuulia Little Mermaids menestyi kaudella 2024-25 upeasti. Joukkue ylsi ensimm\u00e4isiss\u00e4 kilpailuissa HIT-suoritukseen ja voitti oman sarjansa, sek\u00e4 muissa kisoissa suurissa sarjoissa ylsi pronssille, saavuttaen n\u00e4in mitalikauden. Seuraavalla kaudella joukkue nousee levelille 3, tavoitellen kisoista HIT-suoritusta ja levelin mukaisia kilpailuohjelmia. Joukkue kilpailee 3-4 kertaa, lopullinen m\u00e4\u00e4r\u00e4 varmistuu my\u00f6hemmin, kauden alettua. Kilpailulevel: 3P\u00e4\u00e4valmentaja: Iina TialaValmentaja: Sofia &hellip;","og_url":"https:\/\/raumancheerleadingseura.fi\/index.php\/little-mermaids\/","og_site_name":"Rauman Cheerleadingseura ry | RCS","article_publisher":"https:\/\/www.facebook.com\/raumancheerleadingseura","article_modified_time":"2025-12-03T18:16:03+00:00","og_image":[{"url":"https:\/\/raumancheerleadingseura.fi\/wp-content\/uploads\/2025\/12\/Iina-Tiala-150x150.jpg","type":"","width":"","height":""}],"twitter_card":"summary_large_image","twitter_misc":{"Arvioitu lukuaika":"3 minuuttia"},"schema":{"@context":"https:\/\/schema.org","@graph":[{"@type":"WebPage","@id":"https:\/\/raumancheerleadingseura.fi\/index.php\/little-mermaids\/","url":"https:\/\/raumancheerleadingseura.fi\/index.php\/little-mermaids\/","name":"LITTLE MERMAIDS - youth edustusjoukkue - Rauman Cheerleadingseura ry | RCS","isPartOf":{"@id":"https:\/\/raumancheerleadingseura.fi\/#website"},"primaryImageOfPage":{"@id":"https:\/\/raumancheerleadingseura.fi\/index.php\/little-mermaids\/#primaryimage"},"image":{"@id":"https:\/\/raumancheerleadingseura.fi\/index.php\/little-mermaids\/#primaryimage"},"thumbnailUrl":"https:\/\/raumancheerleadingseura.fi\/wp-content\/uploads\/2025\/12\/Iina-Tiala-150x150.jpg","datePublished":"2024-07-23T11:49:18+00:00","dateModified":"2025-12-03T18:16:03+00:00","breadcrumb":{"@id":"https:\/\/raumancheerleadingseura.fi\/index.php\/little-mermaids\/#breadcrumb"},"inLanguage":"fi","potentialAction":[{"@type":"ReadAction","target":["https:\/\/raumancheerleadingseura.fi\/index.php\/little-mermaids\/"]}]},{"@type":"ImageObject","inLanguage":"fi","@id":"https:\/\/raumancheerleadingseura.fi\/index.php\/little-mermaids\/#primaryimage","url":"https:\/\/raumancheerleadingseura.fi\/wp-content\/uploads\/2025\/12\/Iina-Tiala.jpg","contentUrl":"https:\/\/raumancheerleadingseura.fi\/wp-content\/uploads\/2025\/12\/Iina-Tiala.jpg","width":1365,"height":2048,"caption":"Iina Tiala"},{"@type":"BreadcrumbList","@id":"https:\/\/raumancheerleadingseura.fi\/index.php\/little-mermaids\/#breadcrumb","itemListElement":[{"@type":"ListItem","position":1,"name":"Etusivu","item":"https:\/\/raumancheerleadingseura.fi\/"},{"@type":"ListItem","position":2,"name":"LITTLE MERMAIDS &#8211; youth edustusjoukkue"}]},{"@type":"WebSite","@id":"https:\/\/raumancheerleadingseura.fi\/#website","url":"https:\/\/raumancheerleadingseura.fi\/","name":"Rauman Cheerleadingseura ry","description":"Aloita cheerleading Raumalla","publisher":{"@id":"https:\/\/raumancheerleadingseura.fi\/#organization"},"potentialAction":[{"@type":"SearchAction","target":{"@type":"EntryPoint","urlTemplate":"https:\/\/raumancheerleadingseura.fi\/?s={search_term_string}"},"query-input":{"@type":"PropertyValueSpecification","valueRequired":true,"valueName":"search_term_string"}}],"inLanguage":"fi"},{"@type":"Organization","@id":"https:\/\/raumancheerleadingseura.fi\/#organization","name":"Rauman Cheerleadingseura ry","url":"https:\/\/raumancheerleadingseura.fi\/","logo":{"@type":"ImageObject","inLanguage":"fi","@id":"https:\/\/raumancheerleadingseura.fi\/#\/schema\/logo\/image\/","url":"https:\/\/raumancheerleadingseura.fi\/wp-content\/uploads\/2024\/07\/RCS-logo-2.png","contentUrl":"https:\/\/raumancheerleadingseura.fi\/wp-content\/uploads\/2024\/07\/RCS-logo-2.png","width":3443,"height":2019,"caption":"Rauman Cheerleadingseura ry"},"image":{"@id":"https:\/\/raumancheerleadingseura.fi\/#\/schema\/logo\/image\/"},"sameAs":["https:\/\/www.facebook.com\/raumancheerleadingseura","https:\/\/www.instagram.com\/raumancheerleadingseura\/"]}]}},"ticketed":false,"_links":{"self":[{"href":"https:\/\/raumancheerleadingseura.fi\/index.php\/wp-json\/wp\/v2\/pages\/86","targetHints":{"allow":["GET"]}}],"collection":[{"href":"https:\/\/raumancheerleadingseura.fi\/index.php\/wp-json\/wp\/v2\/pages"}],"about":[{"href":"https:\/\/raumancheerleadingseura.fi\/index.php\/wp-json\/wp\/v2\/types\/page"}],"author":[{"embeddable":true,"href":"https:\/\/raumancheerleadingseura.fi\/index.php\/wp-json\/wp\/v2\/users\/1"}],"replies":[{"embeddable":true,"href":"https:\/\/raumancheerleadingseura.fi\/index.php\/wp-json\/wp\/v2\/comments?post=86"}],"version-history":[{"count":66,"href":"https:\/\/raumancheerleadingseura.fi\/index.php\/wp-json\/wp\/v2\/pages\/86\/revisions"}],"predecessor-version":[{"id":1598,"href":"https:\/\/raumancheerleadingseura.fi\/index.php\/wp-json\/wp\/v2\/pages\/86\/revisions\/1598"}],"wp:attachment":[{"href":"https:\/\/raumancheerleadingseura.fi\/index.php\/wp-json\/wp\/v2\/media?parent=86"}],"curies":[{"name":"wp","href":"https:\/\/api.w.org\/{rel}","templated":true}]}}