{"id":88,"date":"2024-07-23T11:49:32","date_gmt":"2024-07-23T11:49:32","guid":{"rendered":"https:\/\/raumancheerleadingseura.fi\/?page_id=88"},"modified":"2026-02-18T16:08:48","modified_gmt":"2026-02-18T16:08:48","slug":"nereids","status":"publish","type":"page","link":"https:\/\/raumancheerleadingseura.fi\/index.php\/nereids\/","title":{"rendered":"NEREIDS &#8211; junioreiden kilpajoukkue"},"content":{"rendered":"\t\t<div data-elementor-type=\"wp-page\" data-elementor-id=\"88\" class=\"elementor elementor-88\">\n\t\t\t\t<div class=\"elementor-element elementor-element-cbf36aa e-flex e-con-boxed e-con e-parent\" data-id=\"cbf36aa\" data-element_type=\"container\" data-e-type=\"container\">\n\t\t\t\t\t<div class=\"e-con-inner\">\n\t\t\t\t<div class=\"elementor-element elementor-element-dc4adff elementor-widget elementor-widget-text-editor\" data-id=\"dc4adff\" data-element_type=\"widget\" data-e-type=\"widget\" data-widget_type=\"text-editor.default\">\n\t\t\t\t\t\t\t\t\t<h3>Perustekniikoiden hiomista ja esiintymiskokemusta<\/h3><p>Nereids on kaudella 2024-25 junioreiden kilpajoukkue, joka kilpailee mahdollisuuksien mukaan joko levelill\u00e4 1 tai 2. Joukkueeseen ilmoittautuvien on sitouduttava s\u00e4ntilliseen treeneiss\u00e4 k\u00e4ymiseen, hyv\u00e4n joukkuehengen vaalimiseen sek\u00e4 omasta terveydest\u00e4\u00e4n huolehtimiseen. Joukkue sopii my\u00f6s t\u00e4ysin uusille harrastajille, ja ainoat vaatimukset ovat halu kehitty\u00e4 ja iloinen treeniasenne.<\/p>\t\t\t\t\t\t\t\t<\/div>\n\t\t\t\t\t<\/div>\n\t\t\t\t<\/div>\n\t\t<div class=\"elementor-element elementor-element-40200cf e-flex e-con-boxed e-con e-parent\" data-id=\"40200cf\" data-element_type=\"container\" data-e-type=\"container\">\n\t\t\t\t\t<div class=\"e-con-inner\">\n\t\t<div class=\"elementor-element elementor-element-1132cea e-con-full e-flex e-con e-child\" data-id=\"1132cea\" data-element_type=\"container\" data-e-type=\"container\">\n\t\t\t\t<div class=\"elementor-element elementor-element-d2ed190 elementor-widget elementor-widget-text-editor\" data-id=\"d2ed190\" data-element_type=\"widget\" data-e-type=\"widget\" data-widget_type=\"text-editor.default\">\n\t\t\t\t\t\t\t\t\t<p><strong>Kilpailulevel:<\/strong> 2<br><strong>P\u00e4\u00e4valmentaja: Carola Gr\u00fcnbaum<\/strong><br><strong>Valmentajat:<\/strong> Viivi Tolvanen<\/p>\n<p><strong>Joukkueenjohtajat: <\/strong>Anne Kopra, Heta Rohila<\/p>\n<p><strong>Treeniajat:<\/strong><br>Keskiviikko 19:30-21:00<br>Sunnuntai 13:45-15:15<\/p>\n<p><strong>Ik\u00e4raja kaudella 2025-26:<\/strong> 2009-2011 syntyneet<br>Joukkueeseessa viel\u00e4 vapaita paikkoja,&nbsp;<a href=\"https:\/\/raumancheerleadingseura.myclub.fi\/flow\/events\/8855642\" target=\"_blank\" rel=\"noopener\">ilmoittaudu<\/a><\/p>\n<p><strong>T\u00c4RKE\u00c4T P\u00c4IV\u00c4M\u00c4\u00c4R\u00c4T<\/strong><br><strong>Aloitus:<\/strong> 13.8.2025<br><strong>Vanhempaininfo:&nbsp;<\/strong><\/p>\n<p><strong>Kilpailut:<\/strong><br>Start L\u00e4nsi &#8211; 7.2.2026, Nokia<br>Spirit 2 &#8211; 14.3.2026, Nokia<br><\/p>\n<p><strong>Leirit:<\/strong><br>Spine &#8211; 12.-14.9.2025<br>Spine &#8211; 14.-16.11.2025<br>Spine 27.-29.3.2026<\/p>\t\t\t\t\t\t\t\t<\/div>\n\t\t\t\t<\/div>\n\t\t<div class=\"elementor-element elementor-element-ca25ad5 e-con-full e-flex e-con e-child\" data-id=\"ca25ad5\" data-element_type=\"container\" data-e-type=\"container\">\n\t\t<div class=\"elementor-element elementor-element-185eedb e-con-full e-flex e-con e-child\" data-id=\"185eedb\" data-element_type=\"container\" data-e-type=\"container\">\n\t\t\t\t<div class=\"elementor-element elementor-element-bd1d2ca elementor-widget elementor-widget-image-gallery\" data-id=\"bd1d2ca\" data-element_type=\"widget\" data-e-type=\"widget\" data-widget_type=\"image-gallery.default\">\n\t\t\t\t\t\t\t<div class=\"elementor-image-gallery\">\n\t\t\t<div id='gallery-1' class='gallery galleryid-88 gallery-columns-2 gallery-size-thumbnail'><figure class='gallery-item'>\n\t\t\t<div class='gallery-icon portrait'>\n\t\t\t\t<a data-elementor-open-lightbox=\"yes\" data-elementor-lightbox-slideshow=\"bd1d2ca\" data-elementor-lightbox-title=\"Carola Gr\u00fcnbaum\" data-e-action-hash=\"#elementor-action%3Aaction%3Dlightbox%26settings%3DeyJpZCI6MTU1MiwidXJsIjoiaHR0cHM6XC9cL3JhdW1hbmNoZWVybGVhZGluZ3NldXJhLmZpXC93cC1jb250ZW50XC91cGxvYWRzXC8yMDI1XC8xMlwvQ2Fyb2xhLUdydW5iYXVtLmpwZyIsInNsaWRlc2hvdyI6ImJkMWQyY2EifQ%3D%3D\" href='https:\/\/raumancheerleadingseura.fi\/wp-content\/uploads\/2025\/12\/Carola-Grunbaum.jpg'><img decoding=\"async\" width=\"150\" height=\"150\" src=\"https:\/\/raumancheerleadingseura.fi\/wp-content\/uploads\/2025\/12\/Carola-Grunbaum-150x150.jpg\" class=\"attachment-thumbnail size-thumbnail\" alt=\"\" aria-describedby=\"gallery-1-1552\" \/><\/a>\n\t\t\t<\/div>\n\t\t\t\t<figcaption class='wp-caption-text gallery-caption' id='gallery-1-1552'>\n\t\t\t\tCarola Gr\u00fcnbaum\n\t\t\t\t<\/figcaption><\/figure><figure class='gallery-item'>\n\t\t\t<div class='gallery-icon portrait'>\n\t\t\t\t<a data-elementor-open-lightbox=\"yes\" data-elementor-lightbox-slideshow=\"bd1d2ca\" data-elementor-lightbox-title=\"Viivi Tolvanen\" data-e-action-hash=\"#elementor-action%3Aaction%3Dlightbox%26settings%3DeyJpZCI6MTU1MywidXJsIjoiaHR0cHM6XC9cL3JhdW1hbmNoZWVybGVhZGluZ3NldXJhLmZpXC93cC1jb250ZW50XC91cGxvYWRzXC8yMDI1XC8xMlwvVmlpdmktVG9sdmFuZW4uanBnIiwic2xpZGVzaG93IjoiYmQxZDJjYSJ9\" href='https:\/\/raumancheerleadingseura.fi\/wp-content\/uploads\/2025\/12\/Viivi-Tolvanen.jpg'><img decoding=\"async\" width=\"150\" height=\"150\" src=\"https:\/\/raumancheerleadingseura.fi\/wp-content\/uploads\/2025\/12\/Viivi-Tolvanen-150x150.jpg\" class=\"attachment-thumbnail size-thumbnail\" alt=\"\" aria-describedby=\"gallery-1-1553\" \/><\/a>\n\t\t\t<\/div>\n\t\t\t\t<figcaption class='wp-caption-text gallery-caption' id='gallery-1-1553'>\n\t\t\t\tViivi Tolvanen\n\t\t\t\t<\/figcaption><\/figure><figure class='gallery-item'>\n\t\t\t<div class='gallery-icon portrait'>\n\t\t\t\t<a data-elementor-open-lightbox=\"yes\" data-elementor-lightbox-slideshow=\"bd1d2ca\" data-elementor-lightbox-title=\"Anne Kopra\" data-e-action-hash=\"#elementor-action%3Aaction%3Dlightbox%26settings%3DeyJpZCI6MTU4NywidXJsIjoiaHR0cHM6XC9cL3JhdW1hbmNoZWVybGVhZGluZ3NldXJhLmZpXC93cC1jb250ZW50XC91cGxvYWRzXC8yMDI1XC8xMlwvQW5uZS1Lb3ByYS5qcGciLCJzbGlkZXNob3ciOiJiZDFkMmNhIn0%3D\" href='https:\/\/raumancheerleadingseura.fi\/wp-content\/uploads\/2025\/12\/Anne-Kopra.jpg'><img decoding=\"async\" width=\"150\" height=\"150\" src=\"https:\/\/raumancheerleadingseura.fi\/wp-content\/uploads\/2025\/12\/Anne-Kopra-150x150.jpg\" class=\"attachment-thumbnail size-thumbnail\" alt=\"\" aria-describedby=\"gallery-1-1587\" \/><\/a>\n\t\t\t<\/div>\n\t\t\t\t<figcaption class='wp-caption-text gallery-caption' id='gallery-1-1587'>\n\t\t\t\tAnne Kopra\n\t\t\t\t<\/figcaption><\/figure><figure class='gallery-item'>\n\t\t\t<div class='gallery-icon portrait'>\n\t\t\t\t<a data-elementor-open-lightbox=\"yes\" data-elementor-lightbox-slideshow=\"bd1d2ca\" data-elementor-lightbox-title=\"Heta Rohila\" data-e-action-hash=\"#elementor-action%3Aaction%3Dlightbox%26settings%3DeyJpZCI6MTU4OCwidXJsIjoiaHR0cHM6XC9cL3JhdW1hbmNoZWVybGVhZGluZ3NldXJhLmZpXC93cC1jb250ZW50XC91cGxvYWRzXC8yMDI1XC8xMlwvSGV0YS1Sb2hpbGEuanBnIiwic2xpZGVzaG93IjoiYmQxZDJjYSJ9\" href='https:\/\/raumancheerleadingseura.fi\/wp-content\/uploads\/2025\/12\/Heta-Rohila.jpg'><img loading=\"lazy\" decoding=\"async\" width=\"150\" height=\"150\" src=\"https:\/\/raumancheerleadingseura.fi\/wp-content\/uploads\/2025\/12\/Heta-Rohila-150x150.jpg\" class=\"attachment-thumbnail size-thumbnail\" alt=\"\" aria-describedby=\"gallery-1-1588\" \/><\/a>\n\t\t\t<\/div>\n\t\t\t\t<figcaption class='wp-caption-text gallery-caption' id='gallery-1-1588'>\n\t\t\t\tHeta Rohila\n\t\t\t\t<\/figcaption><\/figure>\n\t\t<\/div>\n\t\t<\/div>\n\t\t\t\t\t\t<\/div>\n\t\t\t\t<div class=\"elementor-element elementor-element-373e45f elementor-widget elementor-widget-text-editor\" data-id=\"373e45f\" data-element_type=\"widget\" data-e-type=\"widget\" data-widget_type=\"text-editor.default\">\n\t\t\t\t\t\t\t\t\t<h3><strong>Saavutukset<\/strong><\/h3><p><strong>2025<\/strong><br \/>1. sija Start L\u00e4nsi<br \/>7. sija Super 2<br \/>12. sija Spirit 2<\/p><p><strong>2024<\/strong><br \/>1. sija Start L\u00e4nsi<br \/>1. sija Spirit 1<br \/>1. sija Super 1<\/p><p><strong>2023<\/strong><br \/>3. sija Spirit 1<br \/>3. sija Super 1<\/p>\t\t\t\t\t\t\t\t<\/div>\n\t\t\t\t<\/div>\n\t\t\t\t<\/div>\n\t\t\t\t\t<\/div>\n\t\t\t\t<\/div>\n\t\t<div class=\"elementor-element elementor-element-097e652 e-flex e-con-boxed e-con e-parent\" data-id=\"097e652\" data-element_type=\"container\" data-e-type=\"container\">\n\t\t\t\t\t<div class=\"e-con-inner\">\n\t\t<div class=\"elementor-element elementor-element-d6918d9 e-con-full e-flex e-con e-child\" data-id=\"d6918d9\" data-element_type=\"container\" data-e-type=\"container\">\n\t\t\t\t<div class=\"elementor-element elementor-element-7aef6a0 elementor-widget elementor-widget-image\" data-id=\"7aef6a0\" data-element_type=\"widget\" data-e-type=\"widget\" data-widget_type=\"image.default\">\n\t\t\t\t\t\t\t\t\t\t\t\t\t\t\t<img loading=\"lazy\" decoding=\"async\" width=\"790\" height=\"527\" src=\"https:\/\/raumancheerleadingseura.fi\/wp-content\/uploads\/2025\/12\/Nereids-1024x683.jpg\" class=\"attachment-large size-large wp-image-1555\" alt=\"\" srcset=\"https:\/\/raumancheerleadingseura.fi\/wp-content\/uploads\/2025\/12\/Nereids-1024x683.jpg 1024w, https:\/\/raumancheerleadingseura.fi\/wp-content\/uploads\/2025\/12\/Nereids-300x200.jpg 300w, https:\/\/raumancheerleadingseura.fi\/wp-content\/uploads\/2025\/12\/Nereids-768x512.jpg 768w, https:\/\/raumancheerleadingseura.fi\/wp-content\/uploads\/2025\/12\/Nereids-1536x1025.jpg 1536w, https:\/\/raumancheerleadingseura.fi\/wp-content\/uploads\/2025\/12\/Nereids-90x60.jpg 90w, https:\/\/raumancheerleadingseura.fi\/wp-content\/uploads\/2025\/12\/Nereids-374x249.jpg 374w, https:\/\/raumancheerleadingseura.fi\/wp-content\/uploads\/2025\/12\/Nereids.jpg 2048w\" sizes=\"(max-width: 790px) 100vw, 790px\" \/>\t\t\t\t\t\t\t\t\t\t\t\t\t\t\t<\/div>\n\t\t\t\t<\/div>\n\t\t<div class=\"elementor-element elementor-element-1df2a98 e-con-full e-flex e-con e-child\" data-id=\"1df2a98\" data-element_type=\"container\" data-e-type=\"container\">\n\t\t\t\t<div class=\"elementor-element elementor-element-ea6fc99 elementor-widget elementor-widget-text-editor\" data-id=\"ea6fc99\" data-element_type=\"widget\" data-e-type=\"widget\" data-widget_type=\"text-editor.default\">\n\t\t\t\t\t\t\t\t\t<h3><strong>Arvio joukkueen kuluista kaudella 2025-2026<\/strong><\/h3><p>Kausimaksu 2 x 192,50\u20ac<br \/>Seuran j\u00e4senmaksu 30\u20ac<br \/>Kilpailulisenssi\/vakuutus (ik\u00e4\u00e4n sidonnainen)<br \/>Leirit:<br \/>3 x 100\u20ac Spine &#8211; leiri<br \/>Kilpailut 3 x 100-200\u20ac (riippuen matkan pituudesta)<br \/>Joukkuevarusteet n. 50\u20ac<\/p>\t\t\t\t\t\t\t\t<\/div>\n\t\t\t\t<\/div>\n\t\t\t\t\t<\/div>\n\t\t\t\t<\/div>\n\t\t\t\t<\/div>\n\t\t","protected":false},"excerpt":{"rendered":"<p>Perustekniikoiden hiomista ja esiintymiskokemusta Nereids on kaudella 2024-25 junioreiden kilpajoukkue, joka kilpailee mahdollisuuksien mukaan joko levelill\u00e4 1 tai 2. Joukkueeseen ilmoittautuvien on sitouduttava s\u00e4ntilliseen treeneiss\u00e4 k\u00e4ymiseen, hyv\u00e4n joukkuehengen vaalimiseen sek\u00e4 omasta terveydest\u00e4\u00e4n huolehtimiseen. Joukkue sopii my\u00f6s t\u00e4ysin uusille harrastajille, ja ainoat vaatimukset ovat halu kehitty\u00e4 ja iloinen treeniasenne. Kilpailulevel: 2P\u00e4\u00e4valmentaja: Carola Gr\u00fcnbaumValmentajat: Viivi Tolvanen Joukkueenjohtajat: &hellip; <\/p>\n","protected":false},"author":1,"featured_media":0,"parent":0,"menu_order":0,"comment_status":"closed","ping_status":"closed","template":"","meta":{"_crdt_document":"","_price":"","_stock":"","_tribe_ticket_header":"","_tribe_default_ticket_provider":"","_tribe_ticket_capacity":"0","_ticket_start_date":"","_ticket_end_date":"","_tribe_ticket_show_description":"","_tribe_ticket_show_not_going":false,"_tribe_ticket_use_global_stock":"","_tribe_ticket_global_stock_level":"","_global_stock_mode":"","_global_stock_cap":"","_tribe_rsvp_for_event":"","_tribe_ticket_going_count":"","_tribe_ticket_not_going_count":"","_tribe_tickets_list":"[]","_tribe_ticket_has_attendee_info_fields":false,"_EventAllDay":false,"_EventTimezone":"","_EventStartDate":"","_EventEndDate":"","_EventStartDateUTC":"","_EventEndDateUTC":"","_EventShowMap":false,"_EventShowMapLink":false,"_EventURL":"","_EventCost":"","_EventCostDescription":"","_EventCurrencySymbol":"","_EventCurrencyCode":"","_EventCurrencyPosition":"","_EventDateTimeSeparator":"","_EventTimeRangeSeparator":"","_EventOrganizerID":[],"_EventVenueID":[],"_OrganizerEmail":"","_OrganizerPhone":"","_OrganizerWebsite":"","_VenueAddress":"","_VenueCity":"","_VenueCountry":"","_VenueProvince":"","_VenueState":"","_VenueZip":"","_VenuePhone":"","_VenueURL":"","_VenueStateProvince":"","_VenueLat":"","_VenueLng":"","_VenueShowMap":false,"_VenueShowMapLink":false,"footnotes":"","_tec_slr_enabled":"","_tec_slr_layout":""},"class_list":["post-88","page","type-page","status-publish","hentry","latest_post"],"yoast_head":"<!-- This site is optimized with the Yoast SEO plugin v27.4 - https:\/\/yoast.com\/product\/yoast-seo-wordpress\/ -->\n<title>NEREIDS - junioreiden kilpajoukkue - Rauman Cheerleadingseura ry | RCS<\/title>\n<meta name=\"robots\" content=\"index, follow, max-snippet:-1, max-image-preview:large, max-video-preview:-1\" \/>\n<link rel=\"canonical\" href=\"https:\/\/raumancheerleadingseura.fi\/index.php\/nereids\/\" \/>\n<meta property=\"og:locale\" content=\"fi_FI\" \/>\n<meta property=\"og:type\" content=\"article\" \/>\n<meta property=\"og:title\" content=\"NEREIDS - junioreiden kilpajoukkue - Rauman Cheerleadingseura ry | RCS\" \/>\n<meta property=\"og:description\" content=\"Perustekniikoiden hiomista ja esiintymiskokemusta Nereids on kaudella 2024-25 junioreiden kilpajoukkue, joka kilpailee mahdollisuuksien mukaan joko levelill\u00e4 1 tai 2. Joukkueeseen ilmoittautuvien on sitouduttava s\u00e4ntilliseen treeneiss\u00e4 k\u00e4ymiseen, hyv\u00e4n joukkuehengen vaalimiseen sek\u00e4 omasta terveydest\u00e4\u00e4n huolehtimiseen. Joukkue sopii my\u00f6s t\u00e4ysin uusille harrastajille, ja ainoat vaatimukset ovat halu kehitty\u00e4 ja iloinen treeniasenne. Kilpailulevel: 2P\u00e4\u00e4valmentaja: Carola Gr\u00fcnbaumValmentajat: Viivi Tolvanen Joukkueenjohtajat: &hellip;\" \/>\n<meta property=\"og:url\" content=\"https:\/\/raumancheerleadingseura.fi\/index.php\/nereids\/\" \/>\n<meta property=\"og:site_name\" content=\"Rauman Cheerleadingseura ry | RCS\" \/>\n<meta property=\"article:publisher\" content=\"https:\/\/www.facebook.com\/raumancheerleadingseura\" \/>\n<meta property=\"article:modified_time\" content=\"2026-02-18T16:08:48+00:00\" \/>\n<meta property=\"og:image\" content=\"https:\/\/raumancheerleadingseura.fi\/wp-content\/uploads\/2025\/12\/Carola-Grunbaum-150x150.jpg\" \/>\n<meta name=\"twitter:card\" content=\"summary_large_image\" \/>\n<meta name=\"twitter:label1\" content=\"Arvioitu lukuaika\" \/>\n\t<meta name=\"twitter:data1\" content=\"2 minuuttia\" \/>\n<script type=\"application\/ld+json\" class=\"yoast-schema-graph\">{\"@context\":\"https:\\\/\\\/schema.org\",\"@graph\":[{\"@type\":\"WebPage\",\"@id\":\"https:\\\/\\\/raumancheerleadingseura.fi\\\/index.php\\\/nereids\\\/\",\"url\":\"https:\\\/\\\/raumancheerleadingseura.fi\\\/index.php\\\/nereids\\\/\",\"name\":\"NEREIDS - junioreiden kilpajoukkue - Rauman Cheerleadingseura ry | RCS\",\"isPartOf\":{\"@id\":\"https:\\\/\\\/raumancheerleadingseura.fi\\\/#website\"},\"primaryImageOfPage\":{\"@id\":\"https:\\\/\\\/raumancheerleadingseura.fi\\\/index.php\\\/nereids\\\/#primaryimage\"},\"image\":{\"@id\":\"https:\\\/\\\/raumancheerleadingseura.fi\\\/index.php\\\/nereids\\\/#primaryimage\"},\"thumbnailUrl\":\"https:\\\/\\\/raumancheerleadingseura.fi\\\/wp-content\\\/uploads\\\/2025\\\/12\\\/Carola-Grunbaum-150x150.jpg\",\"datePublished\":\"2024-07-23T11:49:32+00:00\",\"dateModified\":\"2026-02-18T16:08:48+00:00\",\"breadcrumb\":{\"@id\":\"https:\\\/\\\/raumancheerleadingseura.fi\\\/index.php\\\/nereids\\\/#breadcrumb\"},\"inLanguage\":\"fi\",\"potentialAction\":[{\"@type\":\"ReadAction\",\"target\":[\"https:\\\/\\\/raumancheerleadingseura.fi\\\/index.php\\\/nereids\\\/\"]}]},{\"@type\":\"ImageObject\",\"inLanguage\":\"fi\",\"@id\":\"https:\\\/\\\/raumancheerleadingseura.fi\\\/index.php\\\/nereids\\\/#primaryimage\",\"url\":\"https:\\\/\\\/raumancheerleadingseura.fi\\\/wp-content\\\/uploads\\\/2025\\\/12\\\/Carola-Grunbaum.jpg\",\"contentUrl\":\"https:\\\/\\\/raumancheerleadingseura.fi\\\/wp-content\\\/uploads\\\/2025\\\/12\\\/Carola-Grunbaum.jpg\",\"width\":1365,\"height\":2048,\"caption\":\"Carola Gr\u00fcnbaum\"},{\"@type\":\"BreadcrumbList\",\"@id\":\"https:\\\/\\\/raumancheerleadingseura.fi\\\/index.php\\\/nereids\\\/#breadcrumb\",\"itemListElement\":[{\"@type\":\"ListItem\",\"position\":1,\"name\":\"Etusivu\",\"item\":\"https:\\\/\\\/raumancheerleadingseura.fi\\\/\"},{\"@type\":\"ListItem\",\"position\":2,\"name\":\"NEREIDS &#8211; junioreiden kilpajoukkue\"}]},{\"@type\":\"WebSite\",\"@id\":\"https:\\\/\\\/raumancheerleadingseura.fi\\\/#website\",\"url\":\"https:\\\/\\\/raumancheerleadingseura.fi\\\/\",\"name\":\"Rauman Cheerleadingseura ry\",\"description\":\"Aloita cheerleading Raumalla\",\"publisher\":{\"@id\":\"https:\\\/\\\/raumancheerleadingseura.fi\\\/#organization\"},\"potentialAction\":[{\"@type\":\"SearchAction\",\"target\":{\"@type\":\"EntryPoint\",\"urlTemplate\":\"https:\\\/\\\/raumancheerleadingseura.fi\\\/?s={search_term_string}\"},\"query-input\":{\"@type\":\"PropertyValueSpecification\",\"valueRequired\":true,\"valueName\":\"search_term_string\"}}],\"inLanguage\":\"fi\"},{\"@type\":\"Organization\",\"@id\":\"https:\\\/\\\/raumancheerleadingseura.fi\\\/#organization\",\"name\":\"Rauman Cheerleadingseura ry\",\"url\":\"https:\\\/\\\/raumancheerleadingseura.fi\\\/\",\"logo\":{\"@type\":\"ImageObject\",\"inLanguage\":\"fi\",\"@id\":\"https:\\\/\\\/raumancheerleadingseura.fi\\\/#\\\/schema\\\/logo\\\/image\\\/\",\"url\":\"https:\\\/\\\/raumancheerleadingseura.fi\\\/wp-content\\\/uploads\\\/2024\\\/07\\\/RCS-logo-2.png\",\"contentUrl\":\"https:\\\/\\\/raumancheerleadingseura.fi\\\/wp-content\\\/uploads\\\/2024\\\/07\\\/RCS-logo-2.png\",\"width\":3443,\"height\":2019,\"caption\":\"Rauman Cheerleadingseura ry\"},\"image\":{\"@id\":\"https:\\\/\\\/raumancheerleadingseura.fi\\\/#\\\/schema\\\/logo\\\/image\\\/\"},\"sameAs\":[\"https:\\\/\\\/www.facebook.com\\\/raumancheerleadingseura\",\"https:\\\/\\\/www.instagram.com\\\/raumancheerleadingseura\\\/\"]}]}<\/script>\n<!-- \/ Yoast SEO plugin. -->","yoast_head_json":{"title":"NEREIDS - junioreiden kilpajoukkue - Rauman Cheerleadingseura ry | RCS","robots":{"index":"index","follow":"follow","max-snippet":"max-snippet:-1","max-image-preview":"max-image-preview:large","max-video-preview":"max-video-preview:-1"},"canonical":"https:\/\/raumancheerleadingseura.fi\/index.php\/nereids\/","og_locale":"fi_FI","og_type":"article","og_title":"NEREIDS - junioreiden kilpajoukkue - Rauman Cheerleadingseura ry | RCS","og_description":"Perustekniikoiden hiomista ja esiintymiskokemusta Nereids on kaudella 2024-25 junioreiden kilpajoukkue, joka kilpailee mahdollisuuksien mukaan joko levelill\u00e4 1 tai 2. Joukkueeseen ilmoittautuvien on sitouduttava s\u00e4ntilliseen treeneiss\u00e4 k\u00e4ymiseen, hyv\u00e4n joukkuehengen vaalimiseen sek\u00e4 omasta terveydest\u00e4\u00e4n huolehtimiseen. Joukkue sopii my\u00f6s t\u00e4ysin uusille harrastajille, ja ainoat vaatimukset ovat halu kehitty\u00e4 ja iloinen treeniasenne. Kilpailulevel: 2P\u00e4\u00e4valmentaja: Carola Gr\u00fcnbaumValmentajat: Viivi Tolvanen Joukkueenjohtajat: &hellip;","og_url":"https:\/\/raumancheerleadingseura.fi\/index.php\/nereids\/","og_site_name":"Rauman Cheerleadingseura ry | RCS","article_publisher":"https:\/\/www.facebook.com\/raumancheerleadingseura","article_modified_time":"2026-02-18T16:08:48+00:00","og_image":[{"url":"https:\/\/raumancheerleadingseura.fi\/wp-content\/uploads\/2025\/12\/Carola-Grunbaum-150x150.jpg","type":"","width":"","height":""}],"twitter_card":"summary_large_image","twitter_misc":{"Arvioitu lukuaika":"2 minuuttia"},"schema":{"@context":"https:\/\/schema.org","@graph":[{"@type":"WebPage","@id":"https:\/\/raumancheerleadingseura.fi\/index.php\/nereids\/","url":"https:\/\/raumancheerleadingseura.fi\/index.php\/nereids\/","name":"NEREIDS - junioreiden kilpajoukkue - Rauman Cheerleadingseura ry | RCS","isPartOf":{"@id":"https:\/\/raumancheerleadingseura.fi\/#website"},"primaryImageOfPage":{"@id":"https:\/\/raumancheerleadingseura.fi\/index.php\/nereids\/#primaryimage"},"image":{"@id":"https:\/\/raumancheerleadingseura.fi\/index.php\/nereids\/#primaryimage"},"thumbnailUrl":"https:\/\/raumancheerleadingseura.fi\/wp-content\/uploads\/2025\/12\/Carola-Grunbaum-150x150.jpg","datePublished":"2024-07-23T11:49:32+00:00","dateModified":"2026-02-18T16:08:48+00:00","breadcrumb":{"@id":"https:\/\/raumancheerleadingseura.fi\/index.php\/nereids\/#breadcrumb"},"inLanguage":"fi","potentialAction":[{"@type":"ReadAction","target":["https:\/\/raumancheerleadingseura.fi\/index.php\/nereids\/"]}]},{"@type":"ImageObject","inLanguage":"fi","@id":"https:\/\/raumancheerleadingseura.fi\/index.php\/nereids\/#primaryimage","url":"https:\/\/raumancheerleadingseura.fi\/wp-content\/uploads\/2025\/12\/Carola-Grunbaum.jpg","contentUrl":"https:\/\/raumancheerleadingseura.fi\/wp-content\/uploads\/2025\/12\/Carola-Grunbaum.jpg","width":1365,"height":2048,"caption":"Carola Gr\u00fcnbaum"},{"@type":"BreadcrumbList","@id":"https:\/\/raumancheerleadingseura.fi\/index.php\/nereids\/#breadcrumb","itemListElement":[{"@type":"ListItem","position":1,"name":"Etusivu","item":"https:\/\/raumancheerleadingseura.fi\/"},{"@type":"ListItem","position":2,"name":"NEREIDS &#8211; junioreiden kilpajoukkue"}]},{"@type":"WebSite","@id":"https:\/\/raumancheerleadingseura.fi\/#website","url":"https:\/\/raumancheerleadingseura.fi\/","name":"Rauman Cheerleadingseura ry","description":"Aloita cheerleading Raumalla","publisher":{"@id":"https:\/\/raumancheerleadingseura.fi\/#organization"},"potentialAction":[{"@type":"SearchAction","target":{"@type":"EntryPoint","urlTemplate":"https:\/\/raumancheerleadingseura.fi\/?s={search_term_string}"},"query-input":{"@type":"PropertyValueSpecification","valueRequired":true,"valueName":"search_term_string"}}],"inLanguage":"fi"},{"@type":"Organization","@id":"https:\/\/raumancheerleadingseura.fi\/#organization","name":"Rauman Cheerleadingseura ry","url":"https:\/\/raumancheerleadingseura.fi\/","logo":{"@type":"ImageObject","inLanguage":"fi","@id":"https:\/\/raumancheerleadingseura.fi\/#\/schema\/logo\/image\/","url":"https:\/\/raumancheerleadingseura.fi\/wp-content\/uploads\/2024\/07\/RCS-logo-2.png","contentUrl":"https:\/\/raumancheerleadingseura.fi\/wp-content\/uploads\/2024\/07\/RCS-logo-2.png","width":3443,"height":2019,"caption":"Rauman Cheerleadingseura ry"},"image":{"@id":"https:\/\/raumancheerleadingseura.fi\/#\/schema\/logo\/image\/"},"sameAs":["https:\/\/www.facebook.com\/raumancheerleadingseura","https:\/\/www.instagram.com\/raumancheerleadingseura\/"]}]}},"ticketed":false,"_links":{"self":[{"href":"https:\/\/raumancheerleadingseura.fi\/index.php\/wp-json\/wp\/v2\/pages\/88","targetHints":{"allow":["GET"]}}],"collection":[{"href":"https:\/\/raumancheerleadingseura.fi\/index.php\/wp-json\/wp\/v2\/pages"}],"about":[{"href":"https:\/\/raumancheerleadingseura.fi\/index.php\/wp-json\/wp\/v2\/types\/page"}],"author":[{"embeddable":true,"href":"https:\/\/raumancheerleadingseura.fi\/index.php\/wp-json\/wp\/v2\/users\/1"}],"replies":[{"embeddable":true,"href":"https:\/\/raumancheerleadingseura.fi\/index.php\/wp-json\/wp\/v2\/comments?post=88"}],"version-history":[{"count":48,"href":"https:\/\/raumancheerleadingseura.fi\/index.php\/wp-json\/wp\/v2\/pages\/88\/revisions"}],"predecessor-version":[{"id":1650,"href":"https:\/\/raumancheerleadingseura.fi\/index.php\/wp-json\/wp\/v2\/pages\/88\/revisions\/1650"}],"wp:attachment":[{"href":"https:\/\/raumancheerleadingseura.fi\/index.php\/wp-json\/wp\/v2\/media?parent=88"}],"curies":[{"name":"wp","href":"https:\/\/api.w.org\/{rel}","templated":true}]}}