{"id":954,"date":"2025-08-08T06:30:40","date_gmt":"2025-08-08T06:30:40","guid":{"rendered":"https:\/\/raumancheerleadingseura.fi\/?page_id=954"},"modified":"2025-12-03T18:18:48","modified_gmt":"2025-12-03T18:18:48","slug":"water-sprites-minien-kilpajoukkue","status":"publish","type":"page","link":"https:\/\/raumancheerleadingseura.fi\/index.php\/water-sprites-minien-kilpajoukkue\/","title":{"rendered":"WATER SPRITES &#8211; minien kilpajoukkue"},"content":{"rendered":"\t\t<div data-elementor-type=\"wp-page\" data-elementor-id=\"954\" class=\"elementor elementor-954\">\n\t\t\t\t<div class=\"elementor-element elementor-element-092c00d e-flex e-con-boxed e-con e-parent\" data-id=\"092c00d\" data-element_type=\"container\" data-e-type=\"container\">\n\t\t\t\t\t<div class=\"e-con-inner\">\n\t\t\t\t<div class=\"elementor-element elementor-element-ce7e15f elementor-widget elementor-widget-image\" data-id=\"ce7e15f\" data-element_type=\"widget\" data-e-type=\"widget\" data-widget_type=\"image.default\">\n\t\t\t\t\t\t\t\t\t\t\t\t\t\t\t<img decoding=\"async\" src=\"https:\/\/raumancheerleadingseura.fi\/wp-content\/uploads\/2025\/08\/RCS-2024-ryhmat-0004.jpg\" title=\"\" alt=\"\" loading=\"lazy\" \/>\t\t\t\t\t\t\t\t\t\t\t\t\t\t\t<\/div>\n\t\t\t\t\t<\/div>\n\t\t\t\t<\/div>\n\t\t<div class=\"elementor-element elementor-element-cabf0af e-flex e-con-boxed e-con e-parent\" data-id=\"cabf0af\" data-element_type=\"container\" data-e-type=\"container\">\n\t\t\t\t\t<div class=\"e-con-inner\">\n\t\t\t\t<div class=\"elementor-element elementor-element-efa6851 elementor-widget elementor-widget-text-editor\" data-id=\"efa6851\" data-element_type=\"widget\" data-e-type=\"widget\" data-widget_type=\"text-editor.default\">\n\t\t\t\t\t\t\t\t\t<h3>Joukkueen paluu<\/h3><p>Water Sprites tekee paluun vuoden tauon j\u00e4lkeen. Joukkue sopii my\u00f6s uusille harrastajille. T\u00e4m\u00e4 joukkue harjoittelee paljon lajin perustaitoja hauskanpitoa unohtamatta, ja kilpailee aluekilpailuissa palautekaavakesarjassa kilpailukokemuksen kartuttamiseksi.<\/p>\t\t\t\t\t\t\t\t<\/div>\n\t\t\t\t\t<\/div>\n\t\t\t\t<\/div>\n\t\t<div class=\"elementor-element elementor-element-e68f2f1 e-flex e-con-boxed e-con e-parent\" data-id=\"e68f2f1\" data-element_type=\"container\" data-e-type=\"container\">\n\t\t\t\t\t<div class=\"e-con-inner\">\n\t\t<div class=\"elementor-element elementor-element-8dd5c29 e-con-full e-flex e-con e-child\" data-id=\"8dd5c29\" data-element_type=\"container\" data-e-type=\"container\">\n\t\t\t\t<div class=\"elementor-element elementor-element-ee0d7dc elementor-widget elementor-widget-text-editor\" data-id=\"ee0d7dc\" data-element_type=\"widget\" data-e-type=\"widget\" data-widget_type=\"text-editor.default\">\n\t\t\t\t\t\t\t\t\t<p><strong>Kilpailulevel:<\/strong> 1<br \/><strong>P\u00e4\u00e4valmentaja: Seidi Eskola<\/strong><br \/><strong>Valmentajat:<\/strong> Selma Suominen, Wilhelmiina Punovuori<br \/><strong>Joukkueenjohtajat:\u00a0<\/strong>Krista Takala, Outi Viitanen<\/p><p><strong>Treeniajat:<\/strong><br \/>Keskiviikko 16:15-17:45<br \/>Perjantai 17:15-18:15<\/p><p><strong>Ik\u00e4raja kaudella 2025-26:\u00a0<\/strong>2014-2018 syntyneet<br \/>Joukkueessa viel\u00e4 3 vapaata paikkaa, <a href=\"https:\/\/raumancheerleadingseura.myclub.fi\/flow\/events\/8855860\" target=\"_blank\" rel=\"noopener\">ilmoittaudu<\/a><\/p><p><strong>T\u00c4RKE\u00c4T P\u00c4IV\u00c4M\u00c4\u00c4R\u00c4T<\/strong><br \/><strong>Aloitus:<\/strong> 13.8.2025<br \/><strong>Vanhempaininfo: <\/strong>20.8.2025 klo: 16:30<\/p><p><strong>Kilpailut:<\/strong><br \/>Start L\u00e4nsi \u2013 7.2.2026, Nokia<\/p><p><strong>Leirit:<\/strong><br \/>Spine \u2013 20.-21.9.2025<\/p>\t\t\t\t\t\t\t\t<\/div>\n\t\t\t\t<div class=\"elementor-element elementor-element-aee18f8 elementor-widget elementor-widget-image\" data-id=\"aee18f8\" data-element_type=\"widget\" data-e-type=\"widget\" data-widget_type=\"image.default\">\n\t\t\t\t\t\t\t\t\t\t\t\t\t\t\t<img fetchpriority=\"high\" decoding=\"async\" width=\"790\" height=\"527\" src=\"https:\/\/raumancheerleadingseura.fi\/wp-content\/uploads\/2025\/12\/Watersprites-1024x683.jpg\" class=\"attachment-large size-large wp-image-1531\" alt=\"\" srcset=\"https:\/\/raumancheerleadingseura.fi\/wp-content\/uploads\/2025\/12\/Watersprites-1024x683.jpg 1024w, https:\/\/raumancheerleadingseura.fi\/wp-content\/uploads\/2025\/12\/Watersprites-300x200.jpg 300w, https:\/\/raumancheerleadingseura.fi\/wp-content\/uploads\/2025\/12\/Watersprites-768x512.jpg 768w, https:\/\/raumancheerleadingseura.fi\/wp-content\/uploads\/2025\/12\/Watersprites-1536x1025.jpg 1536w, https:\/\/raumancheerleadingseura.fi\/wp-content\/uploads\/2025\/12\/Watersprites-90x60.jpg 90w, https:\/\/raumancheerleadingseura.fi\/wp-content\/uploads\/2025\/12\/Watersprites-374x249.jpg 374w, https:\/\/raumancheerleadingseura.fi\/wp-content\/uploads\/2025\/12\/Watersprites.jpg 2048w\" sizes=\"(max-width: 790px) 100vw, 790px\" \/>\t\t\t\t\t\t\t\t\t\t\t\t\t\t\t<\/div>\n\t\t\t\t<\/div>\n\t\t<div class=\"elementor-element elementor-element-b06e67b e-con-full e-flex e-con e-child\" data-id=\"b06e67b\" data-element_type=\"container\" data-e-type=\"container\">\n\t\t\t\t<div class=\"elementor-element elementor-element-91374ab elementor-widget elementor-widget-image-gallery\" data-id=\"91374ab\" data-element_type=\"widget\" data-e-type=\"widget\" data-widget_type=\"image-gallery.default\">\n\t\t\t\t\t\t\t<div class=\"elementor-image-gallery\">\n\t\t\t<div id='gallery-1' class='gallery galleryid-954 gallery-columns-2 gallery-size-thumbnail'><figure class='gallery-item'>\n\t\t\t<div class='gallery-icon portrait'>\n\t\t\t\t<a data-elementor-open-lightbox=\"yes\" data-elementor-lightbox-slideshow=\"91374ab\" data-elementor-lightbox-title=\"RCS-Portrait-0013\" data-e-action-hash=\"#elementor-action%3Aaction%3Dlightbox%26settings%3DeyJpZCI6MTUyOCwidXJsIjoiaHR0cHM6XC9cL3JhdW1hbmNoZWVybGVhZGluZ3NldXJhLmZpXC93cC1jb250ZW50XC91cGxvYWRzXC8yMDI1XC8xMlwvUkNTLVBvcnRyYWl0LTAwMTMuanBnIiwic2xpZGVzaG93IjoiOTEzNzRhYiJ9\" href='https:\/\/raumancheerleadingseura.fi\/wp-content\/uploads\/2025\/12\/RCS-Portrait-0013.jpg'><img decoding=\"async\" width=\"150\" height=\"150\" src=\"https:\/\/raumancheerleadingseura.fi\/wp-content\/uploads\/2025\/12\/RCS-Portrait-0013-150x150.jpg\" class=\"attachment-thumbnail size-thumbnail\" alt=\"\" aria-describedby=\"gallery-1-1528\" \/><\/a>\n\t\t\t<\/div>\n\t\t\t\t<figcaption class='wp-caption-text gallery-caption' id='gallery-1-1528'>\n\t\t\t\tSeidi Eskola\n\t\t\t\t<\/figcaption><\/figure><figure class='gallery-item'>\n\t\t\t<div class='gallery-icon portrait'>\n\t\t\t\t<a data-elementor-open-lightbox=\"yes\" data-elementor-lightbox-slideshow=\"91374ab\" data-elementor-lightbox-title=\"RCS-Portrait-0003\" data-e-action-hash=\"#elementor-action%3Aaction%3Dlightbox%26settings%3DeyJpZCI6MTUwNSwidXJsIjoiaHR0cHM6XC9cL3JhdW1hbmNoZWVybGVhZGluZ3NldXJhLmZpXC93cC1jb250ZW50XC91cGxvYWRzXC8yMDI1XC8xMlwvUkNTLVBvcnRyYWl0LTAwMDMuanBnIiwic2xpZGVzaG93IjoiOTEzNzRhYiJ9\" href='https:\/\/raumancheerleadingseura.fi\/wp-content\/uploads\/2025\/12\/RCS-Portrait-0003.jpg'><img decoding=\"async\" width=\"150\" height=\"150\" src=\"https:\/\/raumancheerleadingseura.fi\/wp-content\/uploads\/2025\/12\/RCS-Portrait-0003-150x150.jpg\" class=\"attachment-thumbnail size-thumbnail\" alt=\"\" aria-describedby=\"gallery-1-1505\" \/><\/a>\n\t\t\t<\/div>\n\t\t\t\t<figcaption class='wp-caption-text gallery-caption' id='gallery-1-1505'>\n\t\t\t\tWilhemiina Punovuori\n\t\t\t\t<\/figcaption><\/figure><figure class='gallery-item'>\n\t\t\t<div class='gallery-icon portrait'>\n\t\t\t\t<a data-elementor-open-lightbox=\"yes\" data-elementor-lightbox-slideshow=\"91374ab\" data-elementor-lightbox-title=\"RCS-Portrait-0014\" data-e-action-hash=\"#elementor-action%3Aaction%3Dlightbox%26settings%3DeyJpZCI6MTUyOSwidXJsIjoiaHR0cHM6XC9cL3JhdW1hbmNoZWVybGVhZGluZ3NldXJhLmZpXC93cC1jb250ZW50XC91cGxvYWRzXC8yMDI1XC8xMlwvUkNTLVBvcnRyYWl0LTAwMTQuanBnIiwic2xpZGVzaG93IjoiOTEzNzRhYiJ9\" href='https:\/\/raumancheerleadingseura.fi\/wp-content\/uploads\/2025\/12\/RCS-Portrait-0014.jpg'><img loading=\"lazy\" decoding=\"async\" width=\"150\" height=\"150\" src=\"https:\/\/raumancheerleadingseura.fi\/wp-content\/uploads\/2025\/12\/RCS-Portrait-0014-150x150.jpg\" class=\"attachment-thumbnail size-thumbnail\" alt=\"\" aria-describedby=\"gallery-1-1529\" \/><\/a>\n\t\t\t<\/div>\n\t\t\t\t<figcaption class='wp-caption-text gallery-caption' id='gallery-1-1529'>\n\t\t\t\tSelma Suominen\n\t\t\t\t<\/figcaption><\/figure><figure class='gallery-item'>\n\t\t\t<div class='gallery-icon portrait'>\n\t\t\t\t<a data-elementor-open-lightbox=\"yes\" data-elementor-lightbox-slideshow=\"91374ab\" data-elementor-lightbox-title=\"Krista Takala\" data-e-action-hash=\"#elementor-action%3Aaction%3Dlightbox%26settings%3DeyJpZCI6MTYwOSwidXJsIjoiaHR0cHM6XC9cL3JhdW1hbmNoZWVybGVhZGluZ3NldXJhLmZpXC93cC1jb250ZW50XC91cGxvYWRzXC8yMDI1XC8xMlwvS3Jpc3RhLVRha2FsYS5qcGciLCJzbGlkZXNob3ciOiI5MTM3NGFiIn0%3D\" href='https:\/\/raumancheerleadingseura.fi\/wp-content\/uploads\/2025\/12\/Krista-Takala.jpg'><img loading=\"lazy\" decoding=\"async\" width=\"150\" height=\"150\" src=\"https:\/\/raumancheerleadingseura.fi\/wp-content\/uploads\/2025\/12\/Krista-Takala-150x150.jpg\" class=\"attachment-thumbnail size-thumbnail\" alt=\"\" aria-describedby=\"gallery-1-1609\" \/><\/a>\n\t\t\t<\/div>\n\t\t\t\t<figcaption class='wp-caption-text gallery-caption' id='gallery-1-1609'>\n\t\t\t\tKrista Takala\n\t\t\t\t<\/figcaption><\/figure><figure class='gallery-item'>\n\t\t\t<div class='gallery-icon portrait'>\n\t\t\t\t<a data-elementor-open-lightbox=\"yes\" data-elementor-lightbox-slideshow=\"91374ab\" data-elementor-lightbox-title=\"Outi Viitanen\" data-e-action-hash=\"#elementor-action%3Aaction%3Dlightbox%26settings%3DeyJpZCI6MTYxMCwidXJsIjoiaHR0cHM6XC9cL3JhdW1hbmNoZWVybGVhZGluZ3NldXJhLmZpXC93cC1jb250ZW50XC91cGxvYWRzXC8yMDI1XC8xMlwvT3V0aS1WaWl0YW5lbi5qcGciLCJzbGlkZXNob3ciOiI5MTM3NGFiIn0%3D\" href='https:\/\/raumancheerleadingseura.fi\/wp-content\/uploads\/2025\/12\/Outi-Viitanen.jpg'><img loading=\"lazy\" decoding=\"async\" width=\"150\" height=\"150\" src=\"https:\/\/raumancheerleadingseura.fi\/wp-content\/uploads\/2025\/12\/Outi-Viitanen-150x150.jpg\" class=\"attachment-thumbnail size-thumbnail\" alt=\"\" aria-describedby=\"gallery-1-1610\" \/><\/a>\n\t\t\t<\/div>\n\t\t\t\t<figcaption class='wp-caption-text gallery-caption' id='gallery-1-1610'>\n\t\t\t\tOuti Viitanen\n\t\t\t\t<\/figcaption><\/figure>\n\t\t<\/div>\n\t\t<\/div>\n\t\t\t\t\t\t<\/div>\n\t\t\t\t<div class=\"elementor-element elementor-element-893799f elementor-widget elementor-widget-text-editor\" data-id=\"893799f\" data-element_type=\"widget\" data-e-type=\"widget\" data-widget_type=\"text-editor.default\">\n\t\t\t\t\t\t\t\t\t<h3>Saavutukset<\/h3><p><strong>2023<\/strong><br \/>7. sija Super 1<br \/>20. sija Spirit 1<\/p><p><strong>2022<\/strong><br \/>23. sija Spirit 1<\/p>\t\t\t\t\t\t\t\t<\/div>\n\t\t\t\t<div class=\"elementor-element elementor-element-33f3501 elementor-widget elementor-widget-text-editor\" data-id=\"33f3501\" data-element_type=\"widget\" data-e-type=\"widget\" data-widget_type=\"text-editor.default\">\n\t\t\t\t\t\t\t\t\t<h3>Arvio joukkueen kuluista kaudella 2025-2026<\/h3><p>Kausimaksu 2 x 192,50\u20ac<br \/>Seuran j\u00e4senmaksu 30\u20ac<br \/>Kilpailulisenssi\/vakuutus (ik\u00e4\u00e4n sidonnainen)<br \/>Leirit:<br \/>1 x 100\u20ac Spine &#8211; leiri<br \/>Kilpailut 1 x 100\u20ac<br \/>Joukkuevarusteet n. 50\u20ac<\/p>\t\t\t\t\t\t\t\t<\/div>\n\t\t\t\t<\/div>\n\t\t\t\t\t<\/div>\n\t\t\t\t<\/div>\n\t\t\t\t<\/div>\n\t\t","protected":false},"excerpt":{"rendered":"<p>Joukkueen paluu Water Sprites tekee paluun vuoden tauon j\u00e4lkeen. Joukkue sopii my\u00f6s uusille harrastajille. T\u00e4m\u00e4 joukkue harjoittelee paljon lajin perustaitoja hauskanpitoa unohtamatta, ja kilpailee aluekilpailuissa palautekaavakesarjassa kilpailukokemuksen kartuttamiseksi. Kilpailulevel: 1P\u00e4\u00e4valmentaja: Seidi EskolaValmentajat: Selma Suominen, Wilhelmiina PunovuoriJoukkueenjohtajat:\u00a0Krista Takala, Outi Viitanen Treeniajat:Keskiviikko 16:15-17:45Perjantai 17:15-18:15 Ik\u00e4raja kaudella 2025-26:\u00a02014-2018 syntyneetJoukkueessa viel\u00e4 3 vapaata paikkaa, ilmoittaudu T\u00c4RKE\u00c4T P\u00c4IV\u00c4M\u00c4\u00c4R\u00c4TAloitus: 13.8.2025Vanhempaininfo: 20.8.2025 &hellip; <\/p>\n","protected":false},"author":1,"featured_media":0,"parent":0,"menu_order":0,"comment_status":"closed","ping_status":"closed","template":"","meta":{"_crdt_document":"","_price":"","_stock":"","_tribe_ticket_header":"","_tribe_default_ticket_provider":"","_tribe_ticket_capacity":"0","_ticket_start_date":"","_ticket_end_date":"","_tribe_ticket_show_description":"","_tribe_ticket_show_not_going":false,"_tribe_ticket_use_global_stock":"","_tribe_ticket_global_stock_level":"","_global_stock_mode":"","_global_stock_cap":"","_tribe_rsvp_for_event":"","_tribe_ticket_going_count":"","_tribe_ticket_not_going_count":"","_tribe_tickets_list":"[]","_tribe_ticket_has_attendee_info_fields":false,"_EventAllDay":false,"_EventTimezone":"","_EventStartDate":"","_EventEndDate":"","_EventStartDateUTC":"","_EventEndDateUTC":"","_EventShowMap":false,"_EventShowMapLink":false,"_EventURL":"","_EventCost":"","_EventCostDescription":"","_EventCurrencySymbol":"","_EventCurrencyCode":"","_EventCurrencyPosition":"","_EventDateTimeSeparator":"","_EventTimeRangeSeparator":"","_EventOrganizerID":[],"_EventVenueID":[],"_OrganizerEmail":"","_OrganizerPhone":"","_OrganizerWebsite":"","_VenueAddress":"","_VenueCity":"","_VenueCountry":"","_VenueProvince":"","_VenueState":"","_VenueZip":"","_VenuePhone":"","_VenueURL":"","_VenueStateProvince":"","_VenueLat":"","_VenueLng":"","_VenueShowMap":false,"_VenueShowMapLink":false,"footnotes":"","_tec_slr_enabled":"","_tec_slr_layout":""},"class_list":["post-954","page","type-page","status-publish","hentry","latest_post"],"yoast_head":"<!-- This site is optimized with the Yoast SEO plugin v27.4 - https:\/\/yoast.com\/product\/yoast-seo-wordpress\/ -->\n<title>WATER SPRITES - minien kilpajoukkue - Rauman Cheerleadingseura ry | RCS<\/title>\n<meta name=\"robots\" content=\"index, follow, max-snippet:-1, max-image-preview:large, max-video-preview:-1\" \/>\n<link rel=\"canonical\" href=\"https:\/\/raumancheerleadingseura.fi\/index.php\/water-sprites-minien-kilpajoukkue\/\" \/>\n<meta property=\"og:locale\" content=\"fi_FI\" \/>\n<meta property=\"og:type\" content=\"article\" \/>\n<meta property=\"og:title\" content=\"WATER SPRITES - minien kilpajoukkue - Rauman Cheerleadingseura ry | RCS\" \/>\n<meta property=\"og:description\" content=\"Joukkueen paluu Water Sprites tekee paluun vuoden tauon j\u00e4lkeen. Joukkue sopii my\u00f6s uusille harrastajille. T\u00e4m\u00e4 joukkue harjoittelee paljon lajin perustaitoja hauskanpitoa unohtamatta, ja kilpailee aluekilpailuissa palautekaavakesarjassa kilpailukokemuksen kartuttamiseksi. Kilpailulevel: 1P\u00e4\u00e4valmentaja: Seidi EskolaValmentajat: Selma Suominen, Wilhelmiina PunovuoriJoukkueenjohtajat:\u00a0Krista Takala, Outi Viitanen Treeniajat:Keskiviikko 16:15-17:45Perjantai 17:15-18:15 Ik\u00e4raja kaudella 2025-26:\u00a02014-2018 syntyneetJoukkueessa viel\u00e4 3 vapaata paikkaa, ilmoittaudu T\u00c4RKE\u00c4T P\u00c4IV\u00c4M\u00c4\u00c4R\u00c4TAloitus: 13.8.2025Vanhempaininfo: 20.8.2025 &hellip;\" \/>\n<meta property=\"og:url\" content=\"https:\/\/raumancheerleadingseura.fi\/index.php\/water-sprites-minien-kilpajoukkue\/\" \/>\n<meta property=\"og:site_name\" content=\"Rauman Cheerleadingseura ry | RCS\" \/>\n<meta property=\"article:publisher\" content=\"https:\/\/www.facebook.com\/raumancheerleadingseura\" \/>\n<meta property=\"article:modified_time\" content=\"2025-12-03T18:18:48+00:00\" \/>\n<meta property=\"og:image\" content=\"https:\/\/raumancheerleadingseura.fi\/wp-content\/uploads\/2025\/08\/RCS-2024-ryhmat-0004.jpg\" \/>\n<meta name=\"twitter:card\" content=\"summary_large_image\" \/>\n<meta name=\"twitter:label1\" content=\"Arvioitu lukuaika\" \/>\n\t<meta name=\"twitter:data1\" content=\"2 minuuttia\" \/>\n<script type=\"application\/ld+json\" class=\"yoast-schema-graph\">{\"@context\":\"https:\\\/\\\/schema.org\",\"@graph\":[{\"@type\":\"WebPage\",\"@id\":\"https:\\\/\\\/raumancheerleadingseura.fi\\\/index.php\\\/water-sprites-minien-kilpajoukkue\\\/\",\"url\":\"https:\\\/\\\/raumancheerleadingseura.fi\\\/index.php\\\/water-sprites-minien-kilpajoukkue\\\/\",\"name\":\"WATER SPRITES - minien kilpajoukkue - Rauman Cheerleadingseura ry | RCS\",\"isPartOf\":{\"@id\":\"https:\\\/\\\/raumancheerleadingseura.fi\\\/#website\"},\"primaryImageOfPage\":{\"@id\":\"https:\\\/\\\/raumancheerleadingseura.fi\\\/index.php\\\/water-sprites-minien-kilpajoukkue\\\/#primaryimage\"},\"image\":{\"@id\":\"https:\\\/\\\/raumancheerleadingseura.fi\\\/index.php\\\/water-sprites-minien-kilpajoukkue\\\/#primaryimage\"},\"thumbnailUrl\":\"https:\\\/\\\/raumancheerleadingseura.fi\\\/wp-content\\\/uploads\\\/2025\\\/08\\\/RCS-2024-ryhmat-0004.jpg\",\"datePublished\":\"2025-08-08T06:30:40+00:00\",\"dateModified\":\"2025-12-03T18:18:48+00:00\",\"breadcrumb\":{\"@id\":\"https:\\\/\\\/raumancheerleadingseura.fi\\\/index.php\\\/water-sprites-minien-kilpajoukkue\\\/#breadcrumb\"},\"inLanguage\":\"fi\",\"potentialAction\":[{\"@type\":\"ReadAction\",\"target\":[\"https:\\\/\\\/raumancheerleadingseura.fi\\\/index.php\\\/water-sprites-minien-kilpajoukkue\\\/\"]}]},{\"@type\":\"ImageObject\",\"inLanguage\":\"fi\",\"@id\":\"https:\\\/\\\/raumancheerleadingseura.fi\\\/index.php\\\/water-sprites-minien-kilpajoukkue\\\/#primaryimage\",\"url\":\"https:\\\/\\\/raumancheerleadingseura.fi\\\/wp-content\\\/uploads\\\/2025\\\/08\\\/RCS-2024-ryhmat-0004.jpg\",\"contentUrl\":\"https:\\\/\\\/raumancheerleadingseura.fi\\\/wp-content\\\/uploads\\\/2025\\\/08\\\/RCS-2024-ryhmat-0004.jpg\"},{\"@type\":\"BreadcrumbList\",\"@id\":\"https:\\\/\\\/raumancheerleadingseura.fi\\\/index.php\\\/water-sprites-minien-kilpajoukkue\\\/#breadcrumb\",\"itemListElement\":[{\"@type\":\"ListItem\",\"position\":1,\"name\":\"Etusivu\",\"item\":\"https:\\\/\\\/raumancheerleadingseura.fi\\\/\"},{\"@type\":\"ListItem\",\"position\":2,\"name\":\"WATER SPRITES &#8211; minien kilpajoukkue\"}]},{\"@type\":\"WebSite\",\"@id\":\"https:\\\/\\\/raumancheerleadingseura.fi\\\/#website\",\"url\":\"https:\\\/\\\/raumancheerleadingseura.fi\\\/\",\"name\":\"Rauman Cheerleadingseura ry\",\"description\":\"Aloita cheerleading Raumalla\",\"publisher\":{\"@id\":\"https:\\\/\\\/raumancheerleadingseura.fi\\\/#organization\"},\"potentialAction\":[{\"@type\":\"SearchAction\",\"target\":{\"@type\":\"EntryPoint\",\"urlTemplate\":\"https:\\\/\\\/raumancheerleadingseura.fi\\\/?s={search_term_string}\"},\"query-input\":{\"@type\":\"PropertyValueSpecification\",\"valueRequired\":true,\"valueName\":\"search_term_string\"}}],\"inLanguage\":\"fi\"},{\"@type\":\"Organization\",\"@id\":\"https:\\\/\\\/raumancheerleadingseura.fi\\\/#organization\",\"name\":\"Rauman Cheerleadingseura ry\",\"url\":\"https:\\\/\\\/raumancheerleadingseura.fi\\\/\",\"logo\":{\"@type\":\"ImageObject\",\"inLanguage\":\"fi\",\"@id\":\"https:\\\/\\\/raumancheerleadingseura.fi\\\/#\\\/schema\\\/logo\\\/image\\\/\",\"url\":\"https:\\\/\\\/raumancheerleadingseura.fi\\\/wp-content\\\/uploads\\\/2024\\\/07\\\/RCS-logo-2.png\",\"contentUrl\":\"https:\\\/\\\/raumancheerleadingseura.fi\\\/wp-content\\\/uploads\\\/2024\\\/07\\\/RCS-logo-2.png\",\"width\":3443,\"height\":2019,\"caption\":\"Rauman Cheerleadingseura ry\"},\"image\":{\"@id\":\"https:\\\/\\\/raumancheerleadingseura.fi\\\/#\\\/schema\\\/logo\\\/image\\\/\"},\"sameAs\":[\"https:\\\/\\\/www.facebook.com\\\/raumancheerleadingseura\",\"https:\\\/\\\/www.instagram.com\\\/raumancheerleadingseura\\\/\"]}]}<\/script>\n<!-- \/ Yoast SEO plugin. -->","yoast_head_json":{"title":"WATER SPRITES - minien kilpajoukkue - Rauman Cheerleadingseura ry | RCS","robots":{"index":"index","follow":"follow","max-snippet":"max-snippet:-1","max-image-preview":"max-image-preview:large","max-video-preview":"max-video-preview:-1"},"canonical":"https:\/\/raumancheerleadingseura.fi\/index.php\/water-sprites-minien-kilpajoukkue\/","og_locale":"fi_FI","og_type":"article","og_title":"WATER SPRITES - minien kilpajoukkue - Rauman Cheerleadingseura ry | RCS","og_description":"Joukkueen paluu Water Sprites tekee paluun vuoden tauon j\u00e4lkeen. Joukkue sopii my\u00f6s uusille harrastajille. T\u00e4m\u00e4 joukkue harjoittelee paljon lajin perustaitoja hauskanpitoa unohtamatta, ja kilpailee aluekilpailuissa palautekaavakesarjassa kilpailukokemuksen kartuttamiseksi. Kilpailulevel: 1P\u00e4\u00e4valmentaja: Seidi EskolaValmentajat: Selma Suominen, Wilhelmiina PunovuoriJoukkueenjohtajat:\u00a0Krista Takala, Outi Viitanen Treeniajat:Keskiviikko 16:15-17:45Perjantai 17:15-18:15 Ik\u00e4raja kaudella 2025-26:\u00a02014-2018 syntyneetJoukkueessa viel\u00e4 3 vapaata paikkaa, ilmoittaudu T\u00c4RKE\u00c4T P\u00c4IV\u00c4M\u00c4\u00c4R\u00c4TAloitus: 13.8.2025Vanhempaininfo: 20.8.2025 &hellip;","og_url":"https:\/\/raumancheerleadingseura.fi\/index.php\/water-sprites-minien-kilpajoukkue\/","og_site_name":"Rauman Cheerleadingseura ry | RCS","article_publisher":"https:\/\/www.facebook.com\/raumancheerleadingseura","article_modified_time":"2025-12-03T18:18:48+00:00","og_image":[{"url":"https:\/\/raumancheerleadingseura.fi\/wp-content\/uploads\/2025\/08\/RCS-2024-ryhmat-0004.jpg","type":"","width":"","height":""}],"twitter_card":"summary_large_image","twitter_misc":{"Arvioitu lukuaika":"2 minuuttia"},"schema":{"@context":"https:\/\/schema.org","@graph":[{"@type":"WebPage","@id":"https:\/\/raumancheerleadingseura.fi\/index.php\/water-sprites-minien-kilpajoukkue\/","url":"https:\/\/raumancheerleadingseura.fi\/index.php\/water-sprites-minien-kilpajoukkue\/","name":"WATER SPRITES - minien kilpajoukkue - Rauman Cheerleadingseura ry | RCS","isPartOf":{"@id":"https:\/\/raumancheerleadingseura.fi\/#website"},"primaryImageOfPage":{"@id":"https:\/\/raumancheerleadingseura.fi\/index.php\/water-sprites-minien-kilpajoukkue\/#primaryimage"},"image":{"@id":"https:\/\/raumancheerleadingseura.fi\/index.php\/water-sprites-minien-kilpajoukkue\/#primaryimage"},"thumbnailUrl":"https:\/\/raumancheerleadingseura.fi\/wp-content\/uploads\/2025\/08\/RCS-2024-ryhmat-0004.jpg","datePublished":"2025-08-08T06:30:40+00:00","dateModified":"2025-12-03T18:18:48+00:00","breadcrumb":{"@id":"https:\/\/raumancheerleadingseura.fi\/index.php\/water-sprites-minien-kilpajoukkue\/#breadcrumb"},"inLanguage":"fi","potentialAction":[{"@type":"ReadAction","target":["https:\/\/raumancheerleadingseura.fi\/index.php\/water-sprites-minien-kilpajoukkue\/"]}]},{"@type":"ImageObject","inLanguage":"fi","@id":"https:\/\/raumancheerleadingseura.fi\/index.php\/water-sprites-minien-kilpajoukkue\/#primaryimage","url":"https:\/\/raumancheerleadingseura.fi\/wp-content\/uploads\/2025\/08\/RCS-2024-ryhmat-0004.jpg","contentUrl":"https:\/\/raumancheerleadingseura.fi\/wp-content\/uploads\/2025\/08\/RCS-2024-ryhmat-0004.jpg"},{"@type":"BreadcrumbList","@id":"https:\/\/raumancheerleadingseura.fi\/index.php\/water-sprites-minien-kilpajoukkue\/#breadcrumb","itemListElement":[{"@type":"ListItem","position":1,"name":"Etusivu","item":"https:\/\/raumancheerleadingseura.fi\/"},{"@type":"ListItem","position":2,"name":"WATER SPRITES &#8211; minien kilpajoukkue"}]},{"@type":"WebSite","@id":"https:\/\/raumancheerleadingseura.fi\/#website","url":"https:\/\/raumancheerleadingseura.fi\/","name":"Rauman Cheerleadingseura ry","description":"Aloita cheerleading Raumalla","publisher":{"@id":"https:\/\/raumancheerleadingseura.fi\/#organization"},"potentialAction":[{"@type":"SearchAction","target":{"@type":"EntryPoint","urlTemplate":"https:\/\/raumancheerleadingseura.fi\/?s={search_term_string}"},"query-input":{"@type":"PropertyValueSpecification","valueRequired":true,"valueName":"search_term_string"}}],"inLanguage":"fi"},{"@type":"Organization","@id":"https:\/\/raumancheerleadingseura.fi\/#organization","name":"Rauman Cheerleadingseura ry","url":"https:\/\/raumancheerleadingseura.fi\/","logo":{"@type":"ImageObject","inLanguage":"fi","@id":"https:\/\/raumancheerleadingseura.fi\/#\/schema\/logo\/image\/","url":"https:\/\/raumancheerleadingseura.fi\/wp-content\/uploads\/2024\/07\/RCS-logo-2.png","contentUrl":"https:\/\/raumancheerleadingseura.fi\/wp-content\/uploads\/2024\/07\/RCS-logo-2.png","width":3443,"height":2019,"caption":"Rauman Cheerleadingseura ry"},"image":{"@id":"https:\/\/raumancheerleadingseura.fi\/#\/schema\/logo\/image\/"},"sameAs":["https:\/\/www.facebook.com\/raumancheerleadingseura","https:\/\/www.instagram.com\/raumancheerleadingseura\/"]}]}},"ticketed":false,"_links":{"self":[{"href":"https:\/\/raumancheerleadingseura.fi\/index.php\/wp-json\/wp\/v2\/pages\/954","targetHints":{"allow":["GET"]}}],"collection":[{"href":"https:\/\/raumancheerleadingseura.fi\/index.php\/wp-json\/wp\/v2\/pages"}],"about":[{"href":"https:\/\/raumancheerleadingseura.fi\/index.php\/wp-json\/wp\/v2\/types\/page"}],"author":[{"embeddable":true,"href":"https:\/\/raumancheerleadingseura.fi\/index.php\/wp-json\/wp\/v2\/users\/1"}],"replies":[{"embeddable":true,"href":"https:\/\/raumancheerleadingseura.fi\/index.php\/wp-json\/wp\/v2\/comments?post=954"}],"version-history":[{"count":21,"href":"https:\/\/raumancheerleadingseura.fi\/index.php\/wp-json\/wp\/v2\/pages\/954\/revisions"}],"predecessor-version":[{"id":1613,"href":"https:\/\/raumancheerleadingseura.fi\/index.php\/wp-json\/wp\/v2\/pages\/954\/revisions\/1613"}],"wp:attachment":[{"href":"https:\/\/raumancheerleadingseura.fi\/index.php\/wp-json\/wp\/v2\/media?parent=954"}],"curies":[{"name":"wp","href":"https:\/\/api.w.org\/{rel}","templated":true}]}}