{"id":979,"date":"2025-08-08T06:57:10","date_gmt":"2025-08-08T06:57:10","guid":{"rendered":"https:\/\/raumancheerleadingseura.fi\/?page_id=979"},"modified":"2025-12-03T18:11:08","modified_gmt":"2025-12-03T18:11:08","slug":"turtles-klassikkojoukkue-18-vuotiaille","status":"publish","type":"page","link":"https:\/\/raumancheerleadingseura.fi\/index.php\/turtles-klassikkojoukkue-18-vuotiaille\/","title":{"rendered":"POSEIDON- klassikkojoukkue +18-vuotiaille"},"content":{"rendered":"\t\t<div data-elementor-type=\"wp-page\" data-elementor-id=\"979\" class=\"elementor elementor-979\">\n\t\t\t\t<div class=\"elementor-element elementor-element-7110744 e-flex e-con-boxed e-con e-parent\" data-id=\"7110744\" data-element_type=\"container\" data-e-type=\"container\">\n\t\t\t\t\t<div class=\"e-con-inner\">\n\t\t\t\t<div class=\"elementor-element elementor-element-64971fc elementor-widget elementor-widget-text-editor\" data-id=\"64971fc\" data-element_type=\"widget\" data-e-type=\"widget\" data-widget_type=\"text-editor.default\">\n\t\t\t\t\t\t\t\t\t<h3>Uusia tuulia aikuisille<\/h3><p>Poseidon on seuramme alkeisjoukkue aikuisille harrastajille. Joukkueessa tutustutaan lajin saloihin ja harjoitellaan paljon perustaitoja hauskanpitoa unohtamatta. Poseidon esiintyy seuran n\u00e4yt\u00f6ksess\u00e4 esiintymiskokemuksen kartuttamiseksi ja joukkueesta on mahdollista nousta my\u00f6hemmin<br \/>kilpajoukkueisiin.<\/p>\t\t\t\t\t\t\t\t<\/div>\n\t\t\t\t\t<\/div>\n\t\t\t\t<\/div>\n\t\t<div class=\"elementor-element elementor-element-6d61f28 e-flex e-con-boxed e-con e-parent\" data-id=\"6d61f28\" data-element_type=\"container\" data-e-type=\"container\">\n\t\t\t\t\t<div class=\"e-con-inner\">\n\t\t<div class=\"elementor-element elementor-element-bb72e28 e-con-full e-flex e-con e-child\" data-id=\"bb72e28\" data-element_type=\"container\" data-e-type=\"container\">\n\t\t\t\t<div class=\"elementor-element elementor-element-eae10a2 elementor-widget elementor-widget-text-editor\" data-id=\"eae10a2\" data-element_type=\"widget\" data-e-type=\"widget\" data-widget_type=\"text-editor.default\">\n\t\t\t\t\t\t\t\t\t<p><strong>Valmentajat: <\/strong>Henni Katajisto-Nieminen, Oskari Alenius, Viivi Salminen<\/p><p><strong>Treeniaika:<\/strong><br \/>Maanantai 17:45-19:00<\/p><p><strong>Ik\u00e4raja kaudella 2025-26:<\/strong> 2007 ja aiemmin syntyneet<\/p><p><strong>T\u00c4RKE\u00c4T P\u00c4IV\u00c4M\u00c4\u00c4R\u00c4T<\/strong><\/p><p><strong>Aloitus:\u00a0<\/strong>11.8.2025<\/p>\t\t\t\t\t\t\t\t<\/div>\n\t\t\t\t<div class=\"elementor-element elementor-element-123f882 elementor-widget elementor-widget-image\" data-id=\"123f882\" data-element_type=\"widget\" data-e-type=\"widget\" data-widget_type=\"image.default\">\n\t\t\t\t\t\t\t\t\t\t\t\t\t\t\t<img fetchpriority=\"high\" decoding=\"async\" width=\"300\" height=\"200\" src=\"https:\/\/raumancheerleadingseura.fi\/wp-content\/uploads\/2025\/12\/Poseidon-300x200.jpg\" class=\"attachment-medium size-medium wp-image-1574\" alt=\"\" srcset=\"https:\/\/raumancheerleadingseura.fi\/wp-content\/uploads\/2025\/12\/Poseidon-300x200.jpg 300w, https:\/\/raumancheerleadingseura.fi\/wp-content\/uploads\/2025\/12\/Poseidon-1024x683.jpg 1024w, https:\/\/raumancheerleadingseura.fi\/wp-content\/uploads\/2025\/12\/Poseidon-768x512.jpg 768w, https:\/\/raumancheerleadingseura.fi\/wp-content\/uploads\/2025\/12\/Poseidon-1536x1025.jpg 1536w, https:\/\/raumancheerleadingseura.fi\/wp-content\/uploads\/2025\/12\/Poseidon-90x60.jpg 90w, https:\/\/raumancheerleadingseura.fi\/wp-content\/uploads\/2025\/12\/Poseidon-374x249.jpg 374w, https:\/\/raumancheerleadingseura.fi\/wp-content\/uploads\/2025\/12\/Poseidon.jpg 2048w\" sizes=\"(max-width: 300px) 100vw, 300px\" \/>\t\t\t\t\t\t\t\t\t\t\t\t\t\t\t<\/div>\n\t\t\t\t<\/div>\n\t\t<div class=\"elementor-element elementor-element-49a5173 e-con-full e-flex e-con e-child\" data-id=\"49a5173\" data-element_type=\"container\" data-e-type=\"container\">\n\t\t\t\t<div class=\"elementor-element elementor-element-29a524d elementor-widget elementor-widget-image-gallery\" data-id=\"29a524d\" data-element_type=\"widget\" data-e-type=\"widget\" data-widget_type=\"image-gallery.default\">\n\t\t\t\t\t\t\t<div class=\"elementor-image-gallery\">\n\t\t\t<div id='gallery-1' class='gallery galleryid-979 gallery-columns-2 gallery-size-thumbnail'><figure class='gallery-item'>\n\t\t\t<div class='gallery-icon portrait'>\n\t\t\t\t<a data-elementor-open-lightbox=\"yes\" data-elementor-lightbox-slideshow=\"29a524d\" data-elementor-lightbox-title=\"Henni Katajisto-Nieminen\" data-e-action-hash=\"#elementor-action%3Aaction%3Dlightbox%26settings%3DeyJpZCI6MTU2NywidXJsIjoiaHR0cHM6XC9cL3JhdW1hbmNoZWVybGVhZGluZ3NldXJhLmZpXC93cC1jb250ZW50XC91cGxvYWRzXC8yMDI1XC8xMlwvSGVubmktS2F0YWppc3RvLU5pZW1pbmVuLmpwZyIsInNsaWRlc2hvdyI6IjI5YTUyNGQifQ%3D%3D\" href='https:\/\/raumancheerleadingseura.fi\/wp-content\/uploads\/2025\/12\/Henni-Katajisto-Nieminen.jpg'><img decoding=\"async\" width=\"150\" height=\"150\" src=\"https:\/\/raumancheerleadingseura.fi\/wp-content\/uploads\/2025\/12\/Henni-Katajisto-Nieminen-150x150.jpg\" class=\"attachment-thumbnail size-thumbnail\" alt=\"\" aria-describedby=\"gallery-1-1567\" \/><\/a>\n\t\t\t<\/div>\n\t\t\t\t<figcaption class='wp-caption-text gallery-caption' id='gallery-1-1567'>\n\t\t\t\tHenni Katajisto-Nieminen\n\t\t\t\t<\/figcaption><\/figure><figure class='gallery-item'>\n\t\t\t<div class='gallery-icon portrait'>\n\t\t\t\t<a data-elementor-open-lightbox=\"yes\" data-elementor-lightbox-slideshow=\"29a524d\" data-elementor-lightbox-title=\"Oskari Alenius B\" data-e-action-hash=\"#elementor-action%3Aaction%3Dlightbox%26settings%3DeyJpZCI6MTU2NiwidXJsIjoiaHR0cHM6XC9cL3JhdW1hbmNoZWVybGVhZGluZ3NldXJhLmZpXC93cC1jb250ZW50XC91cGxvYWRzXC8yMDI1XC8xMlwvT3NrYXJpLUFsZW5pdXMtQi5qcGciLCJzbGlkZXNob3ciOiIyOWE1MjRkIn0%3D\" href='https:\/\/raumancheerleadingseura.fi\/wp-content\/uploads\/2025\/12\/Oskari-Alenius-B.jpg'><img decoding=\"async\" width=\"150\" height=\"150\" src=\"https:\/\/raumancheerleadingseura.fi\/wp-content\/uploads\/2025\/12\/Oskari-Alenius-B-150x150.jpg\" class=\"attachment-thumbnail size-thumbnail\" alt=\"\" aria-describedby=\"gallery-1-1566\" \/><\/a>\n\t\t\t<\/div>\n\t\t\t\t<figcaption class='wp-caption-text gallery-caption' id='gallery-1-1566'>\n\t\t\t\tOskari Alenius\n\t\t\t\t<\/figcaption><\/figure><figure class='gallery-item'>\n\t\t\t<div class='gallery-icon portrait'>\n\t\t\t\t<a data-elementor-open-lightbox=\"yes\" data-elementor-lightbox-slideshow=\"29a524d\" data-elementor-lightbox-title=\"RCS-Portrait-0021\" data-e-action-hash=\"#elementor-action%3Aaction%3Dlightbox%26settings%3DeyJpZCI6MTUyNywidXJsIjoiaHR0cHM6XC9cL3JhdW1hbmNoZWVybGVhZGluZ3NldXJhLmZpXC93cC1jb250ZW50XC91cGxvYWRzXC8yMDI1XC8xMlwvUkNTLVBvcnRyYWl0LTAwMjEuanBnIiwic2xpZGVzaG93IjoiMjlhNTI0ZCJ9\" href='https:\/\/raumancheerleadingseura.fi\/wp-content\/uploads\/2025\/12\/RCS-Portrait-0021.jpg'><img loading=\"lazy\" decoding=\"async\" width=\"150\" height=\"150\" src=\"https:\/\/raumancheerleadingseura.fi\/wp-content\/uploads\/2025\/12\/RCS-Portrait-0021-150x150.jpg\" class=\"attachment-thumbnail size-thumbnail\" alt=\"\" aria-describedby=\"gallery-1-1527\" \/><\/a>\n\t\t\t<\/div>\n\t\t\t\t<figcaption class='wp-caption-text gallery-caption' id='gallery-1-1527'>\n\t\t\t\tViivi Salminen\n\t\t\t\t<\/figcaption><\/figure>\n\t\t<\/div>\n\t\t<\/div>\n\t\t\t\t\t\t<\/div>\n\t\t\t\t<div class=\"elementor-element elementor-element-e471c72 elementor-widget elementor-widget-text-editor\" data-id=\"e471c72\" data-element_type=\"widget\" data-e-type=\"widget\" data-widget_type=\"text-editor.default\">\n\t\t\t\t\t\t\t\t\t<h3><strong>Arvio joukkueen kuluista kaudella 2025-2026<\/strong><\/h3><p>Kausimaksu 2 x 150\u20ac<br \/>Seuran j\u00e4senmaksu 30\u20ac<br \/>Kilpailulisenssi\/vakuutus (ik\u00e4\u00e4n sidonnainen)<br \/>Joukkuevarusteet n. 30\u20ac<\/p>\t\t\t\t\t\t\t\t<\/div>\n\t\t\t\t<\/div>\n\t\t\t\t\t<\/div>\n\t\t\t\t<\/div>\n\t\t\t\t<\/div>\n\t\t","protected":false},"excerpt":{"rendered":"<p>Uusia tuulia aikuisille Poseidon on seuramme alkeisjoukkue aikuisille harrastajille. Joukkueessa tutustutaan lajin saloihin ja harjoitellaan paljon perustaitoja hauskanpitoa unohtamatta. Poseidon esiintyy seuran n\u00e4yt\u00f6ksess\u00e4 esiintymiskokemuksen kartuttamiseksi ja joukkueesta on mahdollista nousta my\u00f6hemminkilpajoukkueisiin. Valmentajat: Henni Katajisto-Nieminen, Oskari Alenius, Viivi Salminen Treeniaika:Maanantai 17:45-19:00 Ik\u00e4raja kaudella 2025-26: 2007 ja aiemmin syntyneet T\u00c4RKE\u00c4T P\u00c4IV\u00c4M\u00c4\u00c4R\u00c4T Aloitus:\u00a011.8.2025 Henni Katajisto-Nieminen Oskari Alenius Viivi &hellip; <\/p>\n","protected":false},"author":1,"featured_media":0,"parent":0,"menu_order":0,"comment_status":"closed","ping_status":"closed","template":"","meta":{"_crdt_document":"","_price":"","_stock":"","_tribe_ticket_header":"","_tribe_default_ticket_provider":"","_tribe_ticket_capacity":"0","_ticket_start_date":"","_ticket_end_date":"","_tribe_ticket_show_description":"","_tribe_ticket_show_not_going":false,"_tribe_ticket_use_global_stock":"","_tribe_ticket_global_stock_level":"","_global_stock_mode":"","_global_stock_cap":"","_tribe_rsvp_for_event":"","_tribe_ticket_going_count":"","_tribe_ticket_not_going_count":"","_tribe_tickets_list":"[]","_tribe_ticket_has_attendee_info_fields":false,"_EventAllDay":false,"_EventTimezone":"","_EventStartDate":"","_EventEndDate":"","_EventStartDateUTC":"","_EventEndDateUTC":"","_EventShowMap":false,"_EventShowMapLink":false,"_EventURL":"","_EventCost":"","_EventCostDescription":"","_EventCurrencySymbol":"","_EventCurrencyCode":"","_EventCurrencyPosition":"","_EventDateTimeSeparator":"","_EventTimeRangeSeparator":"","_EventOrganizerID":[],"_EventVenueID":[],"_OrganizerEmail":"","_OrganizerPhone":"","_OrganizerWebsite":"","_VenueAddress":"","_VenueCity":"","_VenueCountry":"","_VenueProvince":"","_VenueState":"","_VenueZip":"","_VenuePhone":"","_VenueURL":"","_VenueStateProvince":"","_VenueLat":"","_VenueLng":"","_VenueShowMap":false,"_VenueShowMapLink":false,"footnotes":"","_tec_slr_enabled":"","_tec_slr_layout":""},"class_list":["post-979","page","type-page","status-publish","hentry","latest_post"],"yoast_head":"<!-- This site is optimized with the Yoast SEO plugin v27.4 - https:\/\/yoast.com\/product\/yoast-seo-wordpress\/ -->\n<title>POSEIDON- klassikkojoukkue +18-vuotiaille - Rauman Cheerleadingseura ry | RCS<\/title>\n<meta name=\"robots\" content=\"index, follow, max-snippet:-1, max-image-preview:large, max-video-preview:-1\" \/>\n<link rel=\"canonical\" href=\"https:\/\/raumancheerleadingseura.fi\/index.php\/turtles-klassikkojoukkue-18-vuotiaille\/\" \/>\n<meta property=\"og:locale\" content=\"fi_FI\" \/>\n<meta property=\"og:type\" content=\"article\" \/>\n<meta property=\"og:title\" content=\"POSEIDON- klassikkojoukkue +18-vuotiaille - Rauman Cheerleadingseura ry | RCS\" \/>\n<meta property=\"og:description\" content=\"Uusia tuulia aikuisille Poseidon on seuramme alkeisjoukkue aikuisille harrastajille. Joukkueessa tutustutaan lajin saloihin ja harjoitellaan paljon perustaitoja hauskanpitoa unohtamatta. Poseidon esiintyy seuran n\u00e4yt\u00f6ksess\u00e4 esiintymiskokemuksen kartuttamiseksi ja joukkueesta on mahdollista nousta my\u00f6hemminkilpajoukkueisiin. Valmentajat: Henni Katajisto-Nieminen, Oskari Alenius, Viivi Salminen Treeniaika:Maanantai 17:45-19:00 Ik\u00e4raja kaudella 2025-26: 2007 ja aiemmin syntyneet T\u00c4RKE\u00c4T P\u00c4IV\u00c4M\u00c4\u00c4R\u00c4T Aloitus:\u00a011.8.2025 Henni Katajisto-Nieminen Oskari Alenius Viivi &hellip;\" \/>\n<meta property=\"og:url\" content=\"https:\/\/raumancheerleadingseura.fi\/index.php\/turtles-klassikkojoukkue-18-vuotiaille\/\" \/>\n<meta property=\"og:site_name\" content=\"Rauman Cheerleadingseura ry | RCS\" \/>\n<meta property=\"article:publisher\" content=\"https:\/\/www.facebook.com\/raumancheerleadingseura\" \/>\n<meta property=\"article:modified_time\" content=\"2025-12-03T18:11:08+00:00\" \/>\n<meta property=\"og:image\" content=\"https:\/\/raumancheerleadingseura.fi\/wp-content\/uploads\/2025\/12\/Poseidon-300x200.jpg\" \/>\n<meta name=\"twitter:card\" content=\"summary_large_image\" \/>\n<meta name=\"twitter:label1\" content=\"Arvioitu lukuaika\" \/>\n\t<meta name=\"twitter:data1\" content=\"2 minuuttia\" \/>\n<script type=\"application\/ld+json\" class=\"yoast-schema-graph\">{\"@context\":\"https:\\\/\\\/schema.org\",\"@graph\":[{\"@type\":\"WebPage\",\"@id\":\"https:\\\/\\\/raumancheerleadingseura.fi\\\/index.php\\\/turtles-klassikkojoukkue-18-vuotiaille\\\/\",\"url\":\"https:\\\/\\\/raumancheerleadingseura.fi\\\/index.php\\\/turtles-klassikkojoukkue-18-vuotiaille\\\/\",\"name\":\"POSEIDON- klassikkojoukkue +18-vuotiaille - Rauman Cheerleadingseura ry | RCS\",\"isPartOf\":{\"@id\":\"https:\\\/\\\/raumancheerleadingseura.fi\\\/#website\"},\"primaryImageOfPage\":{\"@id\":\"https:\\\/\\\/raumancheerleadingseura.fi\\\/index.php\\\/turtles-klassikkojoukkue-18-vuotiaille\\\/#primaryimage\"},\"image\":{\"@id\":\"https:\\\/\\\/raumancheerleadingseura.fi\\\/index.php\\\/turtles-klassikkojoukkue-18-vuotiaille\\\/#primaryimage\"},\"thumbnailUrl\":\"https:\\\/\\\/raumancheerleadingseura.fi\\\/wp-content\\\/uploads\\\/2025\\\/12\\\/Poseidon-300x200.jpg\",\"datePublished\":\"2025-08-08T06:57:10+00:00\",\"dateModified\":\"2025-12-03T18:11:08+00:00\",\"breadcrumb\":{\"@id\":\"https:\\\/\\\/raumancheerleadingseura.fi\\\/index.php\\\/turtles-klassikkojoukkue-18-vuotiaille\\\/#breadcrumb\"},\"inLanguage\":\"fi\",\"potentialAction\":[{\"@type\":\"ReadAction\",\"target\":[\"https:\\\/\\\/raumancheerleadingseura.fi\\\/index.php\\\/turtles-klassikkojoukkue-18-vuotiaille\\\/\"]}]},{\"@type\":\"ImageObject\",\"inLanguage\":\"fi\",\"@id\":\"https:\\\/\\\/raumancheerleadingseura.fi\\\/index.php\\\/turtles-klassikkojoukkue-18-vuotiaille\\\/#primaryimage\",\"url\":\"https:\\\/\\\/raumancheerleadingseura.fi\\\/wp-content\\\/uploads\\\/2025\\\/12\\\/Poseidon.jpg\",\"contentUrl\":\"https:\\\/\\\/raumancheerleadingseura.fi\\\/wp-content\\\/uploads\\\/2025\\\/12\\\/Poseidon.jpg\",\"width\":2048,\"height\":1366},{\"@type\":\"BreadcrumbList\",\"@id\":\"https:\\\/\\\/raumancheerleadingseura.fi\\\/index.php\\\/turtles-klassikkojoukkue-18-vuotiaille\\\/#breadcrumb\",\"itemListElement\":[{\"@type\":\"ListItem\",\"position\":1,\"name\":\"Etusivu\",\"item\":\"https:\\\/\\\/raumancheerleadingseura.fi\\\/\"},{\"@type\":\"ListItem\",\"position\":2,\"name\":\"POSEIDON- klassikkojoukkue +18-vuotiaille\"}]},{\"@type\":\"WebSite\",\"@id\":\"https:\\\/\\\/raumancheerleadingseura.fi\\\/#website\",\"url\":\"https:\\\/\\\/raumancheerleadingseura.fi\\\/\",\"name\":\"Rauman Cheerleadingseura ry\",\"description\":\"Aloita cheerleading Raumalla\",\"publisher\":{\"@id\":\"https:\\\/\\\/raumancheerleadingseura.fi\\\/#organization\"},\"potentialAction\":[{\"@type\":\"SearchAction\",\"target\":{\"@type\":\"EntryPoint\",\"urlTemplate\":\"https:\\\/\\\/raumancheerleadingseura.fi\\\/?s={search_term_string}\"},\"query-input\":{\"@type\":\"PropertyValueSpecification\",\"valueRequired\":true,\"valueName\":\"search_term_string\"}}],\"inLanguage\":\"fi\"},{\"@type\":\"Organization\",\"@id\":\"https:\\\/\\\/raumancheerleadingseura.fi\\\/#organization\",\"name\":\"Rauman Cheerleadingseura ry\",\"url\":\"https:\\\/\\\/raumancheerleadingseura.fi\\\/\",\"logo\":{\"@type\":\"ImageObject\",\"inLanguage\":\"fi\",\"@id\":\"https:\\\/\\\/raumancheerleadingseura.fi\\\/#\\\/schema\\\/logo\\\/image\\\/\",\"url\":\"https:\\\/\\\/raumancheerleadingseura.fi\\\/wp-content\\\/uploads\\\/2024\\\/07\\\/RCS-logo-2.png\",\"contentUrl\":\"https:\\\/\\\/raumancheerleadingseura.fi\\\/wp-content\\\/uploads\\\/2024\\\/07\\\/RCS-logo-2.png\",\"width\":3443,\"height\":2019,\"caption\":\"Rauman Cheerleadingseura ry\"},\"image\":{\"@id\":\"https:\\\/\\\/raumancheerleadingseura.fi\\\/#\\\/schema\\\/logo\\\/image\\\/\"},\"sameAs\":[\"https:\\\/\\\/www.facebook.com\\\/raumancheerleadingseura\",\"https:\\\/\\\/www.instagram.com\\\/raumancheerleadingseura\\\/\"]}]}<\/script>\n<!-- \/ Yoast SEO plugin. -->","yoast_head_json":{"title":"POSEIDON- klassikkojoukkue +18-vuotiaille - Rauman Cheerleadingseura ry | RCS","robots":{"index":"index","follow":"follow","max-snippet":"max-snippet:-1","max-image-preview":"max-image-preview:large","max-video-preview":"max-video-preview:-1"},"canonical":"https:\/\/raumancheerleadingseura.fi\/index.php\/turtles-klassikkojoukkue-18-vuotiaille\/","og_locale":"fi_FI","og_type":"article","og_title":"POSEIDON- klassikkojoukkue +18-vuotiaille - Rauman Cheerleadingseura ry | RCS","og_description":"Uusia tuulia aikuisille Poseidon on seuramme alkeisjoukkue aikuisille harrastajille. Joukkueessa tutustutaan lajin saloihin ja harjoitellaan paljon perustaitoja hauskanpitoa unohtamatta. Poseidon esiintyy seuran n\u00e4yt\u00f6ksess\u00e4 esiintymiskokemuksen kartuttamiseksi ja joukkueesta on mahdollista nousta my\u00f6hemminkilpajoukkueisiin. Valmentajat: Henni Katajisto-Nieminen, Oskari Alenius, Viivi Salminen Treeniaika:Maanantai 17:45-19:00 Ik\u00e4raja kaudella 2025-26: 2007 ja aiemmin syntyneet T\u00c4RKE\u00c4T P\u00c4IV\u00c4M\u00c4\u00c4R\u00c4T Aloitus:\u00a011.8.2025 Henni Katajisto-Nieminen Oskari Alenius Viivi &hellip;","og_url":"https:\/\/raumancheerleadingseura.fi\/index.php\/turtles-klassikkojoukkue-18-vuotiaille\/","og_site_name":"Rauman Cheerleadingseura ry | RCS","article_publisher":"https:\/\/www.facebook.com\/raumancheerleadingseura","article_modified_time":"2025-12-03T18:11:08+00:00","og_image":[{"url":"https:\/\/raumancheerleadingseura.fi\/wp-content\/uploads\/2025\/12\/Poseidon-300x200.jpg","type":"","width":"","height":""}],"twitter_card":"summary_large_image","twitter_misc":{"Arvioitu lukuaika":"2 minuuttia"},"schema":{"@context":"https:\/\/schema.org","@graph":[{"@type":"WebPage","@id":"https:\/\/raumancheerleadingseura.fi\/index.php\/turtles-klassikkojoukkue-18-vuotiaille\/","url":"https:\/\/raumancheerleadingseura.fi\/index.php\/turtles-klassikkojoukkue-18-vuotiaille\/","name":"POSEIDON- klassikkojoukkue +18-vuotiaille - Rauman Cheerleadingseura ry | RCS","isPartOf":{"@id":"https:\/\/raumancheerleadingseura.fi\/#website"},"primaryImageOfPage":{"@id":"https:\/\/raumancheerleadingseura.fi\/index.php\/turtles-klassikkojoukkue-18-vuotiaille\/#primaryimage"},"image":{"@id":"https:\/\/raumancheerleadingseura.fi\/index.php\/turtles-klassikkojoukkue-18-vuotiaille\/#primaryimage"},"thumbnailUrl":"https:\/\/raumancheerleadingseura.fi\/wp-content\/uploads\/2025\/12\/Poseidon-300x200.jpg","datePublished":"2025-08-08T06:57:10+00:00","dateModified":"2025-12-03T18:11:08+00:00","breadcrumb":{"@id":"https:\/\/raumancheerleadingseura.fi\/index.php\/turtles-klassikkojoukkue-18-vuotiaille\/#breadcrumb"},"inLanguage":"fi","potentialAction":[{"@type":"ReadAction","target":["https:\/\/raumancheerleadingseura.fi\/index.php\/turtles-klassikkojoukkue-18-vuotiaille\/"]}]},{"@type":"ImageObject","inLanguage":"fi","@id":"https:\/\/raumancheerleadingseura.fi\/index.php\/turtles-klassikkojoukkue-18-vuotiaille\/#primaryimage","url":"https:\/\/raumancheerleadingseura.fi\/wp-content\/uploads\/2025\/12\/Poseidon.jpg","contentUrl":"https:\/\/raumancheerleadingseura.fi\/wp-content\/uploads\/2025\/12\/Poseidon.jpg","width":2048,"height":1366},{"@type":"BreadcrumbList","@id":"https:\/\/raumancheerleadingseura.fi\/index.php\/turtles-klassikkojoukkue-18-vuotiaille\/#breadcrumb","itemListElement":[{"@type":"ListItem","position":1,"name":"Etusivu","item":"https:\/\/raumancheerleadingseura.fi\/"},{"@type":"ListItem","position":2,"name":"POSEIDON- klassikkojoukkue +18-vuotiaille"}]},{"@type":"WebSite","@id":"https:\/\/raumancheerleadingseura.fi\/#website","url":"https:\/\/raumancheerleadingseura.fi\/","name":"Rauman Cheerleadingseura ry","description":"Aloita cheerleading Raumalla","publisher":{"@id":"https:\/\/raumancheerleadingseura.fi\/#organization"},"potentialAction":[{"@type":"SearchAction","target":{"@type":"EntryPoint","urlTemplate":"https:\/\/raumancheerleadingseura.fi\/?s={search_term_string}"},"query-input":{"@type":"PropertyValueSpecification","valueRequired":true,"valueName":"search_term_string"}}],"inLanguage":"fi"},{"@type":"Organization","@id":"https:\/\/raumancheerleadingseura.fi\/#organization","name":"Rauman Cheerleadingseura ry","url":"https:\/\/raumancheerleadingseura.fi\/","logo":{"@type":"ImageObject","inLanguage":"fi","@id":"https:\/\/raumancheerleadingseura.fi\/#\/schema\/logo\/image\/","url":"https:\/\/raumancheerleadingseura.fi\/wp-content\/uploads\/2024\/07\/RCS-logo-2.png","contentUrl":"https:\/\/raumancheerleadingseura.fi\/wp-content\/uploads\/2024\/07\/RCS-logo-2.png","width":3443,"height":2019,"caption":"Rauman Cheerleadingseura ry"},"image":{"@id":"https:\/\/raumancheerleadingseura.fi\/#\/schema\/logo\/image\/"},"sameAs":["https:\/\/www.facebook.com\/raumancheerleadingseura","https:\/\/www.instagram.com\/raumancheerleadingseura\/"]}]}},"ticketed":false,"_links":{"self":[{"href":"https:\/\/raumancheerleadingseura.fi\/index.php\/wp-json\/wp\/v2\/pages\/979","targetHints":{"allow":["GET"]}}],"collection":[{"href":"https:\/\/raumancheerleadingseura.fi\/index.php\/wp-json\/wp\/v2\/pages"}],"about":[{"href":"https:\/\/raumancheerleadingseura.fi\/index.php\/wp-json\/wp\/v2\/types\/page"}],"author":[{"embeddable":true,"href":"https:\/\/raumancheerleadingseura.fi\/index.php\/wp-json\/wp\/v2\/users\/1"}],"replies":[{"embeddable":true,"href":"https:\/\/raumancheerleadingseura.fi\/index.php\/wp-json\/wp\/v2\/comments?post=979"}],"version-history":[{"count":14,"href":"https:\/\/raumancheerleadingseura.fi\/index.php\/wp-json\/wp\/v2\/pages\/979\/revisions"}],"predecessor-version":[{"id":1577,"href":"https:\/\/raumancheerleadingseura.fi\/index.php\/wp-json\/wp\/v2\/pages\/979\/revisions\/1577"}],"wp:attachment":[{"href":"https:\/\/raumancheerleadingseura.fi\/index.php\/wp-json\/wp\/v2\/media?parent=979"}],"curies":[{"name":"wp","href":"https:\/\/api.w.org\/{rel}","templated":true}]}}