{"id":98,"date":"2024-07-23T11:50:39","date_gmt":"2024-07-23T11:50:39","guid":{"rendered":"https:\/\/raumancheerleadingseura.fi\/?page_id=98"},"modified":"2025-12-03T18:22:09","modified_gmt":"2025-12-03T18:22:09","slug":"kultakalat","status":"publish","type":"page","link":"https:\/\/raumancheerleadingseura.fi\/index.php\/kultakalat\/","title":{"rendered":"KULTAKALAT &#8211; mikrojen alkeisjoukkue"},"content":{"rendered":"\t\t<div data-elementor-type=\"wp-page\" data-elementor-id=\"98\" class=\"elementor elementor-98\">\n\t\t\t\t<div class=\"elementor-element elementor-element-415abef e-flex e-con-boxed e-con e-parent\" data-id=\"415abef\" data-element_type=\"container\" data-e-type=\"container\">\n\t\t\t\t\t<div class=\"e-con-inner\">\n\t\t\t\t<div class=\"elementor-element elementor-element-7632f98 elementor-widget elementor-widget-text-editor\" data-id=\"7632f98\" data-element_type=\"widget\" data-e-type=\"widget\" data-widget_type=\"text-editor.default\">\n\t\t\t\t\t\t\t\t\t<h3>Matalan kynnyksen joukkue lajin vasta-alkajille<\/h3><p>Kultakalat on tarkoitettu uusille harrastajille. Cheerperheen nuorimmille suunnatussa joukkueessa tutustutaan lajin saloihin ja my\u00f6hemmin on mahdollista nousta kilpaileviin joukkueisiin. Harjoituksissa<br \/>opetellaan perustaitoja, kuten akrobatiaa, stuntteja ja pyramideja.<\/p>\t\t\t\t\t\t\t\t<\/div>\n\t\t\t\t\t<\/div>\n\t\t\t\t<\/div>\n\t\t<div class=\"elementor-element elementor-element-5b4559a e-flex e-con-boxed e-con e-parent\" data-id=\"5b4559a\" data-element_type=\"container\" data-e-type=\"container\">\n\t\t\t\t\t<div class=\"e-con-inner\">\n\t\t<div class=\"elementor-element elementor-element-e69b0f2 e-con-full e-flex e-con e-child\" data-id=\"e69b0f2\" data-element_type=\"container\" data-e-type=\"container\">\n\t\t\t\t<div class=\"elementor-element elementor-element-dd0042e elementor-widget elementor-widget-image\" data-id=\"dd0042e\" data-element_type=\"widget\" data-e-type=\"widget\" data-widget_type=\"image.default\">\n\t\t\t\t\t\t\t\t\t\t\t\t\t\t\t<img fetchpriority=\"high\" decoding=\"async\" width=\"790\" height=\"527\" src=\"https:\/\/raumancheerleadingseura.fi\/wp-content\/uploads\/2025\/12\/RCS-Group-0002-1024x683.jpg\" class=\"attachment-large size-large wp-image-1503\" alt=\"\" srcset=\"https:\/\/raumancheerleadingseura.fi\/wp-content\/uploads\/2025\/12\/RCS-Group-0002-1024x683.jpg 1024w, https:\/\/raumancheerleadingseura.fi\/wp-content\/uploads\/2025\/12\/RCS-Group-0002-300x200.jpg 300w, https:\/\/raumancheerleadingseura.fi\/wp-content\/uploads\/2025\/12\/RCS-Group-0002-768x512.jpg 768w, https:\/\/raumancheerleadingseura.fi\/wp-content\/uploads\/2025\/12\/RCS-Group-0002-1536x1025.jpg 1536w, https:\/\/raumancheerleadingseura.fi\/wp-content\/uploads\/2025\/12\/RCS-Group-0002-90x60.jpg 90w, https:\/\/raumancheerleadingseura.fi\/wp-content\/uploads\/2025\/12\/RCS-Group-0002-374x249.jpg 374w, https:\/\/raumancheerleadingseura.fi\/wp-content\/uploads\/2025\/12\/RCS-Group-0002.jpg 2048w\" sizes=\"(max-width: 790px) 100vw, 790px\" \/>\t\t\t\t\t\t\t\t\t\t\t\t\t\t\t<\/div>\n\t\t\t\t<div class=\"elementor-element elementor-element-b809e0c elementor-widget elementor-widget-text-editor\" data-id=\"b809e0c\" data-element_type=\"widget\" data-e-type=\"widget\" data-widget_type=\"text-editor.default\">\n\t\t\t\t\t\t\t\t\t<p><strong>P\u00e4\u00e4valmentaja: Wilhelmiina Punovuori<\/strong><br \/><strong>Valmentajat: <\/strong>Fiina Puosi ja Nea Peltomaa<br \/><strong>Joukkueenjohtajat:<\/strong> Krista Takala, Erika Kailaanm\u00e4ki<\/p><p><strong>Treeniaika: <\/strong><br \/>Sunnuntai 15:30-16.15<\/p><p><strong>Ik\u00e4raja kaudella 2025-26: <\/strong>2018-2020 syntyneet<br \/>Joukkueeseen ilmoittautuminen on p\u00e4\u00e4ttynyt.<\/p><p><strong>T\u00c4RKE\u00c4T P\u00c4IV\u00c4M\u00c4\u00c4R\u00c4T<\/strong><\/p><p><strong>Aloitus: <\/strong>17.8.2025<\/p><p><strong>Vanhempaininfo:\u00a0<\/strong><\/p>\t\t\t\t\t\t\t\t<\/div>\n\t\t\t\t<\/div>\n\t\t<div class=\"elementor-element elementor-element-dd05ac6 e-con-full e-flex e-con e-child\" data-id=\"dd05ac6\" data-element_type=\"container\" data-e-type=\"container\">\n\t\t<div class=\"elementor-element elementor-element-319f82c e-con-full e-flex e-con e-child\" data-id=\"319f82c\" data-element_type=\"container\" data-e-type=\"container\">\n\t\t\t\t<div class=\"elementor-element elementor-element-0e4c248 elementor-widget elementor-widget-image-gallery\" data-id=\"0e4c248\" data-element_type=\"widget\" data-e-type=\"widget\" data-widget_type=\"image-gallery.default\">\n\t\t\t\t\t\t\t<div class=\"elementor-image-gallery\">\n\t\t\t<div id='gallery-1' class='gallery galleryid-98 gallery-columns-2 gallery-size-thumbnail'><figure class='gallery-item'>\n\t\t\t<div class='gallery-icon portrait'>\n\t\t\t\t<a data-elementor-open-lightbox=\"yes\" data-elementor-lightbox-slideshow=\"0e4c248\" data-elementor-lightbox-title=\"RCS-Portrait-0003\" data-e-action-hash=\"#elementor-action%3Aaction%3Dlightbox%26settings%3DeyJpZCI6MTUwNSwidXJsIjoiaHR0cHM6XC9cL3JhdW1hbmNoZWVybGVhZGluZ3NldXJhLmZpXC93cC1jb250ZW50XC91cGxvYWRzXC8yMDI1XC8xMlwvUkNTLVBvcnRyYWl0LTAwMDMuanBnIiwic2xpZGVzaG93IjoiMGU0YzI0OCJ9\" href='https:\/\/raumancheerleadingseura.fi\/wp-content\/uploads\/2025\/12\/RCS-Portrait-0003.jpg'><img decoding=\"async\" width=\"150\" height=\"150\" src=\"https:\/\/raumancheerleadingseura.fi\/wp-content\/uploads\/2025\/12\/RCS-Portrait-0003-150x150.jpg\" class=\"attachment-thumbnail size-thumbnail\" alt=\"\" aria-describedby=\"gallery-1-1505\" \/><\/a>\n\t\t\t<\/div>\n\t\t\t\t<figcaption class='wp-caption-text gallery-caption' id='gallery-1-1505'>\n\t\t\t\tWilhemiina Punovuori\n\t\t\t\t<\/figcaption><\/figure><figure class='gallery-item'>\n\t\t\t<div class='gallery-icon portrait'>\n\t\t\t\t<a data-elementor-open-lightbox=\"yes\" data-elementor-lightbox-slideshow=\"0e4c248\" data-elementor-lightbox-title=\"RCS-Portrait-0001\" data-e-action-hash=\"#elementor-action%3Aaction%3Dlightbox%26settings%3DeyJpZCI6MTUwNywidXJsIjoiaHR0cHM6XC9cL3JhdW1hbmNoZWVybGVhZGluZ3NldXJhLmZpXC93cC1jb250ZW50XC91cGxvYWRzXC8yMDI1XC8xMlwvUkNTLVBvcnRyYWl0LTAwMDEuanBnIiwic2xpZGVzaG93IjoiMGU0YzI0OCJ9\" href='https:\/\/raumancheerleadingseura.fi\/wp-content\/uploads\/2025\/12\/RCS-Portrait-0001.jpg'><img decoding=\"async\" width=\"150\" height=\"150\" src=\"https:\/\/raumancheerleadingseura.fi\/wp-content\/uploads\/2025\/12\/RCS-Portrait-0001-150x150.jpg\" class=\"attachment-thumbnail size-thumbnail\" alt=\"\" aria-describedby=\"gallery-1-1507\" \/><\/a>\n\t\t\t<\/div>\n\t\t\t\t<figcaption class='wp-caption-text gallery-caption' id='gallery-1-1507'>\n\t\t\t\tNea Peltomaa\n\t\t\t\t<\/figcaption><\/figure><figure class='gallery-item'>\n\t\t\t<div class='gallery-icon portrait'>\n\t\t\t\t<a data-elementor-open-lightbox=\"yes\" data-elementor-lightbox-slideshow=\"0e4c248\" data-elementor-lightbox-title=\"RCS-Portrait-0002\" data-e-action-hash=\"#elementor-action%3Aaction%3Dlightbox%26settings%3DeyJpZCI6MTUwNiwidXJsIjoiaHR0cHM6XC9cL3JhdW1hbmNoZWVybGVhZGluZ3NldXJhLmZpXC93cC1jb250ZW50XC91cGxvYWRzXC8yMDI1XC8xMlwvUkNTLVBvcnRyYWl0LTAwMDIuanBnIiwic2xpZGVzaG93IjoiMGU0YzI0OCJ9\" href='https:\/\/raumancheerleadingseura.fi\/wp-content\/uploads\/2025\/12\/RCS-Portrait-0002.jpg'><img loading=\"lazy\" decoding=\"async\" width=\"150\" height=\"150\" src=\"https:\/\/raumancheerleadingseura.fi\/wp-content\/uploads\/2025\/12\/RCS-Portrait-0002-150x150.jpg\" class=\"attachment-thumbnail size-thumbnail\" alt=\"\" aria-describedby=\"gallery-1-1506\" \/><\/a>\n\t\t\t<\/div>\n\t\t\t\t<figcaption class='wp-caption-text gallery-caption' id='gallery-1-1506'>\n\t\t\t\tFiina Puosi\n\t\t\t\t<\/figcaption><\/figure><figure class='gallery-item'>\n\t\t\t<div class='gallery-icon portrait'>\n\t\t\t\t<a data-elementor-open-lightbox=\"yes\" data-elementor-lightbox-slideshow=\"0e4c248\" data-elementor-lightbox-title=\"Krista Takala\" data-e-action-hash=\"#elementor-action%3Aaction%3Dlightbox%26settings%3DeyJpZCI6MTYyMywidXJsIjoiaHR0cHM6XC9cL3JhdW1hbmNoZWVybGVhZGluZ3NldXJhLmZpXC93cC1jb250ZW50XC91cGxvYWRzXC8yMDI1XC8xMlwvS3Jpc3RhLVRha2FsYS0xLmpwZyIsInNsaWRlc2hvdyI6IjBlNGMyNDgifQ%3D%3D\" href='https:\/\/raumancheerleadingseura.fi\/wp-content\/uploads\/2025\/12\/Krista-Takala-1.jpg'><img loading=\"lazy\" decoding=\"async\" width=\"150\" height=\"150\" src=\"https:\/\/raumancheerleadingseura.fi\/wp-content\/uploads\/2025\/12\/Krista-Takala-1-150x150.jpg\" class=\"attachment-thumbnail size-thumbnail\" alt=\"\" aria-describedby=\"gallery-1-1623\" \/><\/a>\n\t\t\t<\/div>\n\t\t\t\t<figcaption class='wp-caption-text gallery-caption' id='gallery-1-1623'>\n\t\t\t\tKrista Takala\n\t\t\t\t<\/figcaption><\/figure><figure class='gallery-item'>\n\t\t\t<div class='gallery-icon landscape'>\n\t\t\t\t<a data-elementor-open-lightbox=\"yes\" data-elementor-lightbox-slideshow=\"0e4c248\" data-elementor-lightbox-title=\"ei-kuvaa.jpg\" data-e-action-hash=\"#elementor-action%3Aaction%3Dlightbox%26settings%3DeyJpZCI6MTYyNCwidXJsIjoiaHR0cHM6XC9cL3JhdW1hbmNoZWVybGVhZGluZ3NldXJhLmZpXC93cC1jb250ZW50XC91cGxvYWRzXC8yMDI1XC8xMlwvZWkta3V2YWEuanBnLTQud2VicCIsInNsaWRlc2hvdyI6IjBlNGMyNDgifQ%3D%3D\" href='https:\/\/raumancheerleadingseura.fi\/wp-content\/uploads\/2025\/12\/ei-kuvaa.jpg-4.webp'><img loading=\"lazy\" decoding=\"async\" width=\"133\" height=\"100\" src=\"https:\/\/raumancheerleadingseura.fi\/wp-content\/uploads\/2025\/12\/ei-kuvaa.jpg-4.webp\" class=\"attachment-thumbnail size-thumbnail\" alt=\"\" aria-describedby=\"gallery-1-1624\" srcset=\"https:\/\/raumancheerleadingseura.fi\/wp-content\/uploads\/2025\/12\/ei-kuvaa.jpg-4.webp 133w, https:\/\/raumancheerleadingseura.fi\/wp-content\/uploads\/2025\/12\/ei-kuvaa.jpg-4-80x60.webp 80w\" sizes=\"(max-width: 133px) 100vw, 133px\" \/><\/a>\n\t\t\t<\/div>\n\t\t\t\t<figcaption class='wp-caption-text gallery-caption' id='gallery-1-1624'>\n\t\t\t\tErika Kailaanm\u00e4ki\n\t\t\t\t<\/figcaption><\/figure>\n\t\t<\/div>\n\t\t<\/div>\n\t\t\t\t\t\t<\/div>\n\t\t\t\t<div class=\"elementor-element elementor-element-1efcd21 elementor-widget elementor-widget-text-editor\" data-id=\"1efcd21\" data-element_type=\"widget\" data-e-type=\"widget\" data-widget_type=\"text-editor.default\">\n\t\t\t\t\t\t\t\t\t<h3><strong>Arvio joukkueen kuluista kaudella 2025-2026<\/strong><\/h3><p>Kausimaksu 2 x 77\u20ac<br \/>Seuran j\u00e4senmaksu 30\u20ac<br \/>Harrastelisenssi\/vakuutus (ik\u00e4\u00e4n sidonnainen)<br \/>Joukkuevarusteet n. 30\u20ac<\/p>\t\t\t\t\t\t\t\t<\/div>\n\t\t\t\t<\/div>\n\t\t\t\t<\/div>\n\t\t\t\t\t<\/div>\n\t\t\t\t<\/div>\n\t\t\t\t<\/div>\n\t\t","protected":false},"excerpt":{"rendered":"<p>Matalan kynnyksen joukkue lajin vasta-alkajille Kultakalat on tarkoitettu uusille harrastajille. Cheerperheen nuorimmille suunnatussa joukkueessa tutustutaan lajin saloihin ja my\u00f6hemmin on mahdollista nousta kilpaileviin joukkueisiin. Harjoituksissaopetellaan perustaitoja, kuten akrobatiaa, stuntteja ja pyramideja. P\u00e4\u00e4valmentaja: Wilhelmiina PunovuoriValmentajat: Fiina Puosi ja Nea PeltomaaJoukkueenjohtajat: Krista Takala, Erika Kailaanm\u00e4ki Treeniaika: Sunnuntai 15:30-16.15 Ik\u00e4raja kaudella 2025-26: 2018-2020 syntyneetJoukkueeseen ilmoittautuminen on p\u00e4\u00e4ttynyt. T\u00c4RKE\u00c4T &hellip; <\/p>\n","protected":false},"author":1,"featured_media":0,"parent":0,"menu_order":0,"comment_status":"closed","ping_status":"closed","template":"","meta":{"_crdt_document":"","_price":"","_stock":"","_tribe_ticket_header":"","_tribe_default_ticket_provider":"","_tribe_ticket_capacity":"0","_ticket_start_date":"","_ticket_end_date":"","_tribe_ticket_show_description":"","_tribe_ticket_show_not_going":false,"_tribe_ticket_use_global_stock":"","_tribe_ticket_global_stock_level":"","_global_stock_mode":"","_global_stock_cap":"","_tribe_rsvp_for_event":"","_tribe_ticket_going_count":"","_tribe_ticket_not_going_count":"","_tribe_tickets_list":"[]","_tribe_ticket_has_attendee_info_fields":false,"_EventAllDay":false,"_EventTimezone":"","_EventStartDate":"","_EventEndDate":"","_EventStartDateUTC":"","_EventEndDateUTC":"","_EventShowMap":false,"_EventShowMapLink":false,"_EventURL":"","_EventCost":"","_EventCostDescription":"","_EventCurrencySymbol":"","_EventCurrencyCode":"","_EventCurrencyPosition":"","_EventDateTimeSeparator":"","_EventTimeRangeSeparator":"","_EventOrganizerID":[],"_EventVenueID":[],"_OrganizerEmail":"","_OrganizerPhone":"","_OrganizerWebsite":"","_VenueAddress":"","_VenueCity":"","_VenueCountry":"","_VenueProvince":"","_VenueState":"","_VenueZip":"","_VenuePhone":"","_VenueURL":"","_VenueStateProvince":"","_VenueLat":"","_VenueLng":"","_VenueShowMap":false,"_VenueShowMapLink":false,"footnotes":"","_tec_slr_enabled":"","_tec_slr_layout":""},"class_list":["post-98","page","type-page","status-publish","hentry","latest_post"],"yoast_head":"<!-- This site is optimized with the Yoast SEO plugin v27.4 - https:\/\/yoast.com\/product\/yoast-seo-wordpress\/ -->\n<title>KULTAKALAT - mikrojen alkeisjoukkue - Rauman Cheerleadingseura ry | RCS<\/title>\n<meta name=\"robots\" content=\"index, follow, max-snippet:-1, max-image-preview:large, max-video-preview:-1\" \/>\n<link rel=\"canonical\" href=\"https:\/\/raumancheerleadingseura.fi\/index.php\/kultakalat\/\" \/>\n<meta property=\"og:locale\" content=\"fi_FI\" \/>\n<meta property=\"og:type\" content=\"article\" \/>\n<meta property=\"og:title\" content=\"KULTAKALAT - mikrojen alkeisjoukkue - Rauman Cheerleadingseura ry | RCS\" \/>\n<meta property=\"og:description\" content=\"Matalan kynnyksen joukkue lajin vasta-alkajille Kultakalat on tarkoitettu uusille harrastajille. Cheerperheen nuorimmille suunnatussa joukkueessa tutustutaan lajin saloihin ja my\u00f6hemmin on mahdollista nousta kilpaileviin joukkueisiin. Harjoituksissaopetellaan perustaitoja, kuten akrobatiaa, stuntteja ja pyramideja. P\u00e4\u00e4valmentaja: Wilhelmiina PunovuoriValmentajat: Fiina Puosi ja Nea PeltomaaJoukkueenjohtajat: Krista Takala, Erika Kailaanm\u00e4ki Treeniaika: Sunnuntai 15:30-16.15 Ik\u00e4raja kaudella 2025-26: 2018-2020 syntyneetJoukkueeseen ilmoittautuminen on p\u00e4\u00e4ttynyt. T\u00c4RKE\u00c4T &hellip;\" \/>\n<meta property=\"og:url\" content=\"https:\/\/raumancheerleadingseura.fi\/index.php\/kultakalat\/\" \/>\n<meta property=\"og:site_name\" content=\"Rauman Cheerleadingseura ry | RCS\" \/>\n<meta property=\"article:publisher\" content=\"https:\/\/www.facebook.com\/raumancheerleadingseura\" \/>\n<meta property=\"article:modified_time\" content=\"2025-12-03T18:22:09+00:00\" \/>\n<meta property=\"og:image\" content=\"https:\/\/raumancheerleadingseura.fi\/wp-content\/uploads\/2025\/12\/RCS-Group-0002.jpg\" \/>\n\t<meta property=\"og:image:width\" content=\"2048\" \/>\n\t<meta property=\"og:image:height\" content=\"1366\" \/>\n\t<meta property=\"og:image:type\" content=\"image\/jpeg\" \/>\n<meta name=\"twitter:card\" content=\"summary_large_image\" \/>\n<meta name=\"twitter:label1\" content=\"Arvioitu lukuaika\" \/>\n\t<meta name=\"twitter:data1\" content=\"2 minuuttia\" \/>\n<script type=\"application\/ld+json\" class=\"yoast-schema-graph\">{\"@context\":\"https:\\\/\\\/schema.org\",\"@graph\":[{\"@type\":\"WebPage\",\"@id\":\"https:\\\/\\\/raumancheerleadingseura.fi\\\/index.php\\\/kultakalat\\\/\",\"url\":\"https:\\\/\\\/raumancheerleadingseura.fi\\\/index.php\\\/kultakalat\\\/\",\"name\":\"KULTAKALAT - mikrojen alkeisjoukkue - Rauman Cheerleadingseura ry | RCS\",\"isPartOf\":{\"@id\":\"https:\\\/\\\/raumancheerleadingseura.fi\\\/#website\"},\"primaryImageOfPage\":{\"@id\":\"https:\\\/\\\/raumancheerleadingseura.fi\\\/index.php\\\/kultakalat\\\/#primaryimage\"},\"image\":{\"@id\":\"https:\\\/\\\/raumancheerleadingseura.fi\\\/index.php\\\/kultakalat\\\/#primaryimage\"},\"thumbnailUrl\":\"https:\\\/\\\/raumancheerleadingseura.fi\\\/wp-content\\\/uploads\\\/2025\\\/12\\\/RCS-Group-0002-1024x683.jpg\",\"datePublished\":\"2024-07-23T11:50:39+00:00\",\"dateModified\":\"2025-12-03T18:22:09+00:00\",\"breadcrumb\":{\"@id\":\"https:\\\/\\\/raumancheerleadingseura.fi\\\/index.php\\\/kultakalat\\\/#breadcrumb\"},\"inLanguage\":\"fi\",\"potentialAction\":[{\"@type\":\"ReadAction\",\"target\":[\"https:\\\/\\\/raumancheerleadingseura.fi\\\/index.php\\\/kultakalat\\\/\"]}]},{\"@type\":\"ImageObject\",\"inLanguage\":\"fi\",\"@id\":\"https:\\\/\\\/raumancheerleadingseura.fi\\\/index.php\\\/kultakalat\\\/#primaryimage\",\"url\":\"https:\\\/\\\/raumancheerleadingseura.fi\\\/wp-content\\\/uploads\\\/2025\\\/12\\\/RCS-Group-0002.jpg\",\"contentUrl\":\"https:\\\/\\\/raumancheerleadingseura.fi\\\/wp-content\\\/uploads\\\/2025\\\/12\\\/RCS-Group-0002.jpg\",\"width\":2048,\"height\":1366},{\"@type\":\"BreadcrumbList\",\"@id\":\"https:\\\/\\\/raumancheerleadingseura.fi\\\/index.php\\\/kultakalat\\\/#breadcrumb\",\"itemListElement\":[{\"@type\":\"ListItem\",\"position\":1,\"name\":\"Etusivu\",\"item\":\"https:\\\/\\\/raumancheerleadingseura.fi\\\/\"},{\"@type\":\"ListItem\",\"position\":2,\"name\":\"KULTAKALAT &#8211; mikrojen alkeisjoukkue\"}]},{\"@type\":\"WebSite\",\"@id\":\"https:\\\/\\\/raumancheerleadingseura.fi\\\/#website\",\"url\":\"https:\\\/\\\/raumancheerleadingseura.fi\\\/\",\"name\":\"Rauman Cheerleadingseura ry\",\"description\":\"Aloita cheerleading Raumalla\",\"publisher\":{\"@id\":\"https:\\\/\\\/raumancheerleadingseura.fi\\\/#organization\"},\"potentialAction\":[{\"@type\":\"SearchAction\",\"target\":{\"@type\":\"EntryPoint\",\"urlTemplate\":\"https:\\\/\\\/raumancheerleadingseura.fi\\\/?s={search_term_string}\"},\"query-input\":{\"@type\":\"PropertyValueSpecification\",\"valueRequired\":true,\"valueName\":\"search_term_string\"}}],\"inLanguage\":\"fi\"},{\"@type\":\"Organization\",\"@id\":\"https:\\\/\\\/raumancheerleadingseura.fi\\\/#organization\",\"name\":\"Rauman Cheerleadingseura ry\",\"url\":\"https:\\\/\\\/raumancheerleadingseura.fi\\\/\",\"logo\":{\"@type\":\"ImageObject\",\"inLanguage\":\"fi\",\"@id\":\"https:\\\/\\\/raumancheerleadingseura.fi\\\/#\\\/schema\\\/logo\\\/image\\\/\",\"url\":\"https:\\\/\\\/raumancheerleadingseura.fi\\\/wp-content\\\/uploads\\\/2024\\\/07\\\/RCS-logo-2.png\",\"contentUrl\":\"https:\\\/\\\/raumancheerleadingseura.fi\\\/wp-content\\\/uploads\\\/2024\\\/07\\\/RCS-logo-2.png\",\"width\":3443,\"height\":2019,\"caption\":\"Rauman Cheerleadingseura ry\"},\"image\":{\"@id\":\"https:\\\/\\\/raumancheerleadingseura.fi\\\/#\\\/schema\\\/logo\\\/image\\\/\"},\"sameAs\":[\"https:\\\/\\\/www.facebook.com\\\/raumancheerleadingseura\",\"https:\\\/\\\/www.instagram.com\\\/raumancheerleadingseura\\\/\"]}]}<\/script>\n<!-- \/ Yoast SEO plugin. -->","yoast_head_json":{"title":"KULTAKALAT - mikrojen alkeisjoukkue - Rauman Cheerleadingseura ry | RCS","robots":{"index":"index","follow":"follow","max-snippet":"max-snippet:-1","max-image-preview":"max-image-preview:large","max-video-preview":"max-video-preview:-1"},"canonical":"https:\/\/raumancheerleadingseura.fi\/index.php\/kultakalat\/","og_locale":"fi_FI","og_type":"article","og_title":"KULTAKALAT - mikrojen alkeisjoukkue - Rauman Cheerleadingseura ry | RCS","og_description":"Matalan kynnyksen joukkue lajin vasta-alkajille Kultakalat on tarkoitettu uusille harrastajille. Cheerperheen nuorimmille suunnatussa joukkueessa tutustutaan lajin saloihin ja my\u00f6hemmin on mahdollista nousta kilpaileviin joukkueisiin. Harjoituksissaopetellaan perustaitoja, kuten akrobatiaa, stuntteja ja pyramideja. P\u00e4\u00e4valmentaja: Wilhelmiina PunovuoriValmentajat: Fiina Puosi ja Nea PeltomaaJoukkueenjohtajat: Krista Takala, Erika Kailaanm\u00e4ki Treeniaika: Sunnuntai 15:30-16.15 Ik\u00e4raja kaudella 2025-26: 2018-2020 syntyneetJoukkueeseen ilmoittautuminen on p\u00e4\u00e4ttynyt. T\u00c4RKE\u00c4T &hellip;","og_url":"https:\/\/raumancheerleadingseura.fi\/index.php\/kultakalat\/","og_site_name":"Rauman Cheerleadingseura ry | RCS","article_publisher":"https:\/\/www.facebook.com\/raumancheerleadingseura","article_modified_time":"2025-12-03T18:22:09+00:00","og_image":[{"width":2048,"height":1366,"url":"https:\/\/raumancheerleadingseura.fi\/wp-content\/uploads\/2025\/12\/RCS-Group-0002.jpg","type":"image\/jpeg"}],"twitter_card":"summary_large_image","twitter_misc":{"Arvioitu lukuaika":"2 minuuttia"},"schema":{"@context":"https:\/\/schema.org","@graph":[{"@type":"WebPage","@id":"https:\/\/raumancheerleadingseura.fi\/index.php\/kultakalat\/","url":"https:\/\/raumancheerleadingseura.fi\/index.php\/kultakalat\/","name":"KULTAKALAT - mikrojen alkeisjoukkue - Rauman Cheerleadingseura ry | RCS","isPartOf":{"@id":"https:\/\/raumancheerleadingseura.fi\/#website"},"primaryImageOfPage":{"@id":"https:\/\/raumancheerleadingseura.fi\/index.php\/kultakalat\/#primaryimage"},"image":{"@id":"https:\/\/raumancheerleadingseura.fi\/index.php\/kultakalat\/#primaryimage"},"thumbnailUrl":"https:\/\/raumancheerleadingseura.fi\/wp-content\/uploads\/2025\/12\/RCS-Group-0002-1024x683.jpg","datePublished":"2024-07-23T11:50:39+00:00","dateModified":"2025-12-03T18:22:09+00:00","breadcrumb":{"@id":"https:\/\/raumancheerleadingseura.fi\/index.php\/kultakalat\/#breadcrumb"},"inLanguage":"fi","potentialAction":[{"@type":"ReadAction","target":["https:\/\/raumancheerleadingseura.fi\/index.php\/kultakalat\/"]}]},{"@type":"ImageObject","inLanguage":"fi","@id":"https:\/\/raumancheerleadingseura.fi\/index.php\/kultakalat\/#primaryimage","url":"https:\/\/raumancheerleadingseura.fi\/wp-content\/uploads\/2025\/12\/RCS-Group-0002.jpg","contentUrl":"https:\/\/raumancheerleadingseura.fi\/wp-content\/uploads\/2025\/12\/RCS-Group-0002.jpg","width":2048,"height":1366},{"@type":"BreadcrumbList","@id":"https:\/\/raumancheerleadingseura.fi\/index.php\/kultakalat\/#breadcrumb","itemListElement":[{"@type":"ListItem","position":1,"name":"Etusivu","item":"https:\/\/raumancheerleadingseura.fi\/"},{"@type":"ListItem","position":2,"name":"KULTAKALAT &#8211; mikrojen alkeisjoukkue"}]},{"@type":"WebSite","@id":"https:\/\/raumancheerleadingseura.fi\/#website","url":"https:\/\/raumancheerleadingseura.fi\/","name":"Rauman Cheerleadingseura ry","description":"Aloita cheerleading Raumalla","publisher":{"@id":"https:\/\/raumancheerleadingseura.fi\/#organization"},"potentialAction":[{"@type":"SearchAction","target":{"@type":"EntryPoint","urlTemplate":"https:\/\/raumancheerleadingseura.fi\/?s={search_term_string}"},"query-input":{"@type":"PropertyValueSpecification","valueRequired":true,"valueName":"search_term_string"}}],"inLanguage":"fi"},{"@type":"Organization","@id":"https:\/\/raumancheerleadingseura.fi\/#organization","name":"Rauman Cheerleadingseura ry","url":"https:\/\/raumancheerleadingseura.fi\/","logo":{"@type":"ImageObject","inLanguage":"fi","@id":"https:\/\/raumancheerleadingseura.fi\/#\/schema\/logo\/image\/","url":"https:\/\/raumancheerleadingseura.fi\/wp-content\/uploads\/2024\/07\/RCS-logo-2.png","contentUrl":"https:\/\/raumancheerleadingseura.fi\/wp-content\/uploads\/2024\/07\/RCS-logo-2.png","width":3443,"height":2019,"caption":"Rauman Cheerleadingseura ry"},"image":{"@id":"https:\/\/raumancheerleadingseura.fi\/#\/schema\/logo\/image\/"},"sameAs":["https:\/\/www.facebook.com\/raumancheerleadingseura","https:\/\/www.instagram.com\/raumancheerleadingseura\/"]}]}},"ticketed":false,"_links":{"self":[{"href":"https:\/\/raumancheerleadingseura.fi\/index.php\/wp-json\/wp\/v2\/pages\/98","targetHints":{"allow":["GET"]}}],"collection":[{"href":"https:\/\/raumancheerleadingseura.fi\/index.php\/wp-json\/wp\/v2\/pages"}],"about":[{"href":"https:\/\/raumancheerleadingseura.fi\/index.php\/wp-json\/wp\/v2\/types\/page"}],"author":[{"embeddable":true,"href":"https:\/\/raumancheerleadingseura.fi\/index.php\/wp-json\/wp\/v2\/users\/1"}],"replies":[{"embeddable":true,"href":"https:\/\/raumancheerleadingseura.fi\/index.php\/wp-json\/wp\/v2\/comments?post=98"}],"version-history":[{"count":78,"href":"https:\/\/raumancheerleadingseura.fi\/index.php\/wp-json\/wp\/v2\/pages\/98\/revisions"}],"predecessor-version":[{"id":1627,"href":"https:\/\/raumancheerleadingseura.fi\/index.php\/wp-json\/wp\/v2\/pages\/98\/revisions\/1627"}],"wp:attachment":[{"href":"https:\/\/raumancheerleadingseura.fi\/index.php\/wp-json\/wp\/v2\/media?parent=98"}],"curies":[{"name":"wp","href":"https:\/\/api.w.org\/{rel}","templated":true}]}}